{"id":170569,"date":"2025-12-19T21:40:17","date_gmt":"2025-12-19T18:40:17","guid":{"rendered":"https:\/\/baldumarket.lt\/product\/verano-jasne-brzoskwiniowe-nowoczesne-krzeslo-ogrodowe-plastikowe-do-kuchni-kawiarni-ogrodu-sztaplowane\/"},"modified":"2026-02-11T10:10:17","modified_gmt":"2026-02-11T07:10:17","slug":"verano-jasne-brzoskwiniowe-nowoczesne-krzeslo-ogrodowe-plastikowe-do-kuchni-kawiarni-ogrodu-sztaplowane","status":"publish","type":"product","link":"https:\/\/baldumarket.lt\/lt\/product\/verano-jasne-brzoskwiniowe-nowoczesne-krzeslo-ogrodowe-plastikowe-do-kuchni-kawiarni-ogrodu-sztaplowane\/","title":{"rendered":"VERANO \u0161viesiai persikin\u0117 &#8211; MODERNI PLASTIKIN\u0116 SODO K\u0116D\u0116 (virtuv\u0117je, kavin\u0117je, sode) [SUDEDAMA VIEN\u0104 KART\u0104]"},"content":{"rendered":"<p>VERANO k\u0117d\u0117 \u2013 tai klasikinio ir modernaus stiliaus derinys, idealiai tinkanti naudoti lauke. Pagaminta i\u0161 auk\u0161tos kokyb\u0117s plastiko, ji yra lengva, patvari ir atspari oro s\u0105lygoms, tokioms kaip lietus ir UV spinduliai, tod\u0117l tai puikus pasirinkimas ilgus metus.<br \/>\nI\u0161skirtinis \u0161ios k\u0117d\u0117s bruo\u017eas \u2013 a\u017e\u016brinis atlo\u0161as ir s\u0117dyn\u0117, u\u017etikrinantys puiki\u0105 oro cirkuliacij\u0105 ir komfort\u0105 \u0161iltomis dienomis. Apvalios atlo\u0161o ir poranki\u0173 linijos suteikia baldui elegancijos, kartu u\u017etikrindamos ergonomi\u0161k\u0105 atram\u0105 ir komfort\u0105.<br \/>\nVERANO k\u0117d\u0117 yra stabili ir lengvai valoma, tod\u0117l puikiai tinka sodams, terasoms ar kavin\u0117ms. Jos sudedamos viena ant kitos leid\u017eia lengvai ir taupiai laikyti. Paprastumas ir universalus dizainas puikiai tinka \u012fvairiems interjero dizaino stiliams, nes jose dera patogumas ir estetika.<br \/>\nPaskirtis:<br \/>\nvirtuv\u0117<br \/>\nvalgomasis<br \/>\nkavin\u0117<br \/>\nregistrat\u016bra \/ foj\u0117<br \/>\nvie\u0161butis\/restoranas<br \/>\nterasa \/ balkonas \/ sodas<\/p>","protected":false},"excerpt":{"rendered":"<p>MED\u017dIAGOS Plastikas (ABS), STILIUS Modernus MAKSIMALI APKROVA 150 kg<\/p>","protected":false},"featured_media":170570,"comment_status":"open","ping_status":"open","template":"","meta":[],"product_brand":[],"product_cat":[9519,1930,4109],"product_tag":[],"class_list":{"0":"post-170569","1":"product","2":"type-product","3":"status-publish","4":"has-post-thumbnail","6":"product_cat-armchairs-and-stools-mazzoni","7":"product_cat-chairs","8":"product_cat-mazzoni","10":"first","11":"instock","12":"purchasable","13":"product-type-simple"},"_links":{"self":[{"href":"https:\/\/baldumarket.lt\/lt\/wp-json\/wp\/v2\/product\/170569","targetHints":{"allow":["GET"]}}],"collection":[{"href":"https:\/\/baldumarket.lt\/lt\/wp-json\/wp\/v2\/product"}],"about":[{"href":"https:\/\/baldumarket.lt\/lt\/wp-json\/wp\/v2\/types\/product"}],"replies":[{"embeddable":true,"href":"https:\/\/baldumarket.lt\/lt\/wp-json\/wp\/v2\/comments?post=170569"}],"wp:featuredmedia":[{"embeddable":true,"href":"https:\/\/baldumarket.lt\/lt\/wp-json\/wp\/v2\/media\/170570"}],"wp:attachment":[{"href":"https:\/\/baldumarket.lt\/lt\/wp-json\/wp\/v2\/media?parent=170569"}],"wp:term":[{"taxonomy":"product_brand","embeddable":true,"href":"https:\/\/baldumarket.lt\/lt\/wp-json\/wp\/v2\/product_brand?post=170569"},{"taxonomy":"product_cat","embeddable":true,"href":"https:\/\/baldumarket.lt\/lt\/wp-json\/wp\/v2\/product_cat?post=170569"},{"taxonomy":"product_tag","embeddable":true,"href":"https:\/\/baldumarket.lt\/lt\/wp-json\/wp\/v2\/product_tag?post=170569"}],"curies":[{"name":"wp","href":"https:\/\/api.w.org\/{rel}","templated":true}]}}