{"id":170537,"date":"2025-12-19T21:39:41","date_gmt":"2025-12-19T18:39:41","guid":{"rendered":"https:\/\/baldumarket.lt\/product\/soleil-pudrowy-roz-nowoczesne-krzeslo-ogrodowe-plastikowe-do-kuchni-kawiarni-ogrodu-sztaplowane\/"},"modified":"2026-02-11T10:10:17","modified_gmt":"2026-02-11T07:10:17","slug":"soleil-pudrowy-roz-nowoczesne-krzeslo-ogrodowe-plastikowe-do-kuchni-kawiarni-ogrodu-sztaplowane","status":"publish","type":"product","link":"https:\/\/baldumarket.lt\/lt\/product\/soleil-pudrowy-roz-nowoczesne-krzeslo-ogrodowe-plastikowe-do-kuchni-kawiarni-ogrodu-sztaplowane\/","title":{"rendered":"SOLEIL ro\u017ein\u0117 &#8211; MODERNI PLASTIKIN\u0116 SODO K\u0116D\u0116 (virtuv\u0117je, kavin\u0117je, sode) [SUDEDAMA VIEN\u0104 KART\u0104]"},"content":{"rendered":"<p>SOLEIL k\u0117d\u0117 \u2013 eleganti\u0161kas ir FUNKCIONALUS baldas, puikiai tinkantis naudoti soduose, terasose ar balkonuose. Pagaminta i\u0161 patvaraus plastiko, ji derina modern\u0173 dizain\u0105 su prakti\u0161kumu \u2013 yra atspari kintan\u010dioms oro s\u0105lygoms, tokioms kaip UV spinduliai ir dr\u0117gm\u0117, tod\u0117l idealiai tinka naudoti lauke.<br \/>\nI\u0161skirtinis atlo\u0161as su radialiniais i\u0161pjovimais suteikia k\u0117dei unikali\u0105, gamtos \u012fkv\u0117pt\u0105 i\u0161vaizd\u0105. \u0160is dizainas taip pat u\u017etikrina puiki\u0105 ventiliacij\u0105 ir komfort\u0105 net kar\u0161tomis dienomis. Ergonomi\u0161ka s\u0117dyn\u0117 ir stabilios kojel\u0117s garantuoja komfort\u0105 ir saugum\u0105.<br \/>\nSOLEIL k\u0117d\u0117 yra lengva, tod\u0117l j\u0105 lengva perkelti, o sudedama konstrukcija taupo viet\u0105 sand\u0117liavimo metu. Tai puikus sprendimas ie\u0161kantiems esteti\u0161kai patraukli\u0173 ir patvari\u0173 lauko bald\u0173.<br \/>\nPaskirtis:<br \/>\nvirtuv\u0117<br \/>\nvalgomasis<br \/>\nkavin\u0117<br \/>\nregistrat\u016bra \/ foj\u0117<br \/>\nvie\u0161butis\/restoranas<br \/>\nterasa \/ balkonas \/ sodas<\/p>","protected":false},"excerpt":{"rendered":"<p>MED\u017dIAGOS Plastikas (ABS), STILIUS Modernus MAKSIMALI APKROVA 150 kg<\/p>","protected":false},"featured_media":170538,"comment_status":"open","ping_status":"open","template":"","meta":[],"product_brand":[],"product_cat":[9519,1930,4109],"product_tag":[],"class_list":{"0":"post-170537","1":"product","2":"type-product","3":"status-publish","4":"has-post-thumbnail","6":"product_cat-armchairs-and-stools-mazzoni","7":"product_cat-chairs","8":"product_cat-mazzoni","10":"first","11":"instock","12":"purchasable","13":"product-type-simple"},"_links":{"self":[{"href":"https:\/\/baldumarket.lt\/lt\/wp-json\/wp\/v2\/product\/170537","targetHints":{"allow":["GET"]}}],"collection":[{"href":"https:\/\/baldumarket.lt\/lt\/wp-json\/wp\/v2\/product"}],"about":[{"href":"https:\/\/baldumarket.lt\/lt\/wp-json\/wp\/v2\/types\/product"}],"replies":[{"embeddable":true,"href":"https:\/\/baldumarket.lt\/lt\/wp-json\/wp\/v2\/comments?post=170537"}],"wp:featuredmedia":[{"embeddable":true,"href":"https:\/\/baldumarket.lt\/lt\/wp-json\/wp\/v2\/media\/170538"}],"wp:attachment":[{"href":"https:\/\/baldumarket.lt\/lt\/wp-json\/wp\/v2\/media?parent=170537"}],"wp:term":[{"taxonomy":"product_brand","embeddable":true,"href":"https:\/\/baldumarket.lt\/lt\/wp-json\/wp\/v2\/product_brand?post=170537"},{"taxonomy":"product_cat","embeddable":true,"href":"https:\/\/baldumarket.lt\/lt\/wp-json\/wp\/v2\/product_cat?post=170537"},{"taxonomy":"product_tag","embeddable":true,"href":"https:\/\/baldumarket.lt\/lt\/wp-json\/wp\/v2\/product_tag?post=170537"}],"curies":[{"name":"wp","href":"https:\/\/api.w.org\/{rel}","templated":true}]}}