{"id":170513,"date":"2025-12-19T21:39:13","date_gmt":"2025-12-19T18:39:13","guid":{"rendered":"https:\/\/baldumarket.lt\/product\/lusso-biale-nowoczesne-krzeslo-ogrodowe-plastikowe-do-kuchni-kawiarni-ogrodu-sztaplowane\/"},"modified":"2026-02-11T10:10:08","modified_gmt":"2026-02-11T07:10:08","slug":"lusso-biale-nowoczesne-krzeslo-ogrodowe-plastikowe-do-kuchni-kawiarni-ogrodu-sztaplowane","status":"publish","type":"product","link":"https:\/\/baldumarket.lt\/lt\/product\/lusso-biale-nowoczesne-krzeslo-ogrodowe-plastikowe-do-kuchni-kawiarni-ogrodu-sztaplowane\/","title":{"rendered":"LUSSO balta \u2013 MODERNI PLASTIKIN\u0116 SODO K\u0116D\u0116 (virtuv\u0117je, kavin\u0117je, sode) [SUDEDAMA VIEN\u0104 KART\u0104]"},"content":{"rendered":"<p>LUSSO sodo k\u0117d\u0117 \u2013 prakti\u0161kas ir stilingas baldas, puikiai tinkantis tiek sodui, tiek terasai ar balkonui. Pagaminta i\u0161 patvaraus plastiko, ji yra labai atspari oro s\u0105lygoms, tokioms kaip lietus ir UV spinduliai, tod\u0117l idealiai tinka ilgiems naudojimo lauke sezonams.<br \/>\nK\u0117d\u0117 pasi\u017eymi minimalistiniu ir moderniu dizainu. Ergonomi\u0161ka forma, \u0161iek tiek apvali s\u0117dyn\u0117 ir atlo\u0161as su subtilia ventiliacijos anga u\u017etikrina auk\u0161t\u0105 komfort\u0105. Porankiai suteikia komforto ilgai s\u0117dint, o lieknos, bet tvirtos kojel\u0117s u\u017etikrina stabilum\u0105.<br \/>\nLUSSO k\u0117d\u0117 yra lengva, tod\u0117l j\u0105 lengva transportuoti, ir lengvai sudedama ant vienos, taupant viet\u0105 sand\u0117liavimo metu. D\u0117l modernios i\u0161vaizdos ji puikiai tinka \u012fvairiems sodo i\u0161d\u0117stymams. Tai FUNKCIONALUS sprendimas tiems, kurie vertina paprastum\u0105, estetik\u0105 ir prakti\u0161kum\u0105.<br \/>\nPaskirtis:<br \/>\nvirtuv\u0117<br \/>\nvalgomasis<br \/>\nkavin\u0117<br \/>\nregistrat\u016bra \/ foj\u0117<br \/>\nvie\u0161butis\/restoranas<br \/>\nterasa \/ balkonas \/ sodas<\/p>","protected":false},"excerpt":{"rendered":"<p>MED\u017dIAGOS Plastikas (ABS), STILIUS Modernus MAKSIMALI APKROVA 150 kg<\/p>","protected":false},"featured_media":170514,"comment_status":"open","ping_status":"open","template":"","meta":[],"product_brand":[],"product_cat":[9519,1930,4109],"product_tag":[],"class_list":{"0":"post-170513","1":"product","2":"type-product","3":"status-publish","4":"has-post-thumbnail","6":"product_cat-armchairs-and-stools-mazzoni","7":"product_cat-chairs","8":"product_cat-mazzoni","10":"first","11":"instock","12":"purchasable","13":"product-type-simple"},"_links":{"self":[{"href":"https:\/\/baldumarket.lt\/lt\/wp-json\/wp\/v2\/product\/170513","targetHints":{"allow":["GET"]}}],"collection":[{"href":"https:\/\/baldumarket.lt\/lt\/wp-json\/wp\/v2\/product"}],"about":[{"href":"https:\/\/baldumarket.lt\/lt\/wp-json\/wp\/v2\/types\/product"}],"replies":[{"embeddable":true,"href":"https:\/\/baldumarket.lt\/lt\/wp-json\/wp\/v2\/comments?post=170513"}],"wp:featuredmedia":[{"embeddable":true,"href":"https:\/\/baldumarket.lt\/lt\/wp-json\/wp\/v2\/media\/170514"}],"wp:attachment":[{"href":"https:\/\/baldumarket.lt\/lt\/wp-json\/wp\/v2\/media?parent=170513"}],"wp:term":[{"taxonomy":"product_brand","embeddable":true,"href":"https:\/\/baldumarket.lt\/lt\/wp-json\/wp\/v2\/product_brand?post=170513"},{"taxonomy":"product_cat","embeddable":true,"href":"https:\/\/baldumarket.lt\/lt\/wp-json\/wp\/v2\/product_cat?post=170513"},{"taxonomy":"product_tag","embeddable":true,"href":"https:\/\/baldumarket.lt\/lt\/wp-json\/wp\/v2\/product_tag?post=170513"}],"curies":[{"name":"wp","href":"https:\/\/api.w.org\/{rel}","templated":true}]}}