{"id":170457,"date":"2025-12-19T21:38:10","date_gmt":"2025-12-19T18:38:10","guid":{"rendered":"https:\/\/baldumarket.lt\/product\/tulip-ciemny-bez-tkanina-uf980-03-nowoczesne-krzeslo-tapicerowane-z-podlokietnikami-do-salonu-jadalni-biura-loft\/"},"modified":"2026-02-11T12:54:29","modified_gmt":"2026-02-11T09:54:29","slug":"tulip-ciemny-bez-tkanina-uf980-03-nowoczesne-krzeslo-tapicerowane-z-podlokietnikami-do-salonu-jadalni-biura-loft","status":"publish","type":"product","link":"https:\/\/baldumarket.lt\/lt\/product\/tulip-ciemny-bez-tkanina-uf980-03-nowoczesne-krzeslo-tapicerowane-z-podlokietnikami-do-salonu-jadalni-biura-loft\/","title":{"rendered":"TULIP tamsiai sm\u0117lio spalvos (audinys UF980-03) \u2013 MODERNI APMU\u0160TA K\u0116D\u0116 SU PORANKIAIS SVETAINEI \/ VALGOMAJAM \/ PAL\u0116P\u0116S BIURUI"},"content":{"rendered":"<p>Pagrindin\u0117s TULIP k\u0117d\u0117s savyb\u0117s:<br \/>\nPatogumas ir ergonomika \u2013 i\u0161lenktas atlo\u0161as ir plati s\u0117dyn\u0117 suteikia i\u0161skirtin\u012f komfort\u0105, o papildomi porankiai padidina naudotojo komfort\u0105.<br \/>\nStabilumas ir ilgaam\u017ei\u0161kumas \u2013 tvirtas metalinis r\u0117mas garantuoja maksimal\u0173 tvirtum\u0105 ir stabilum\u0105.<br \/>\nUniversalus stilius \u2013 subtilios formos k\u0117d\u0117 puikiai tinka bet kokiam interjerui \u2013 nuo svetain\u0117s iki valgomojo ar nam\u0173 biuro.<br \/>\nTULIP k\u0117d\u0117 \u2013 prakti\u0161kas ir stilingas pasirinkimas visiems, vertinantiems komfort\u0105 ir modern\u0173 \u012fvaizd\u012f.<\/p>","protected":false},"excerpt":{"rendered":"<p>MED\u017dIAGOS UF980 audinys \/ milteliniu b\u016bdu da\u017eytas plienas, STILIUS Modernus \/ Loftas, KITA Gaminys skirtas savaranki\u0161kam surinkimui su pateiktomis instrukcijomis MAKSIMALI APKROVA 100 kg<\/p>","protected":false},"featured_media":170458,"comment_status":"open","ping_status":"open","template":"","meta":[],"product_brand":[],"product_cat":[9519,1930,4109],"product_tag":[],"class_list":{"0":"post-170457","1":"product","2":"type-product","3":"status-publish","4":"has-post-thumbnail","6":"product_cat-armchairs-and-stools-mazzoni","7":"product_cat-chairs","8":"product_cat-mazzoni","10":"first","11":"instock","12":"purchasable","13":"product-type-simple"},"_links":{"self":[{"href":"https:\/\/baldumarket.lt\/lt\/wp-json\/wp\/v2\/product\/170457","targetHints":{"allow":["GET"]}}],"collection":[{"href":"https:\/\/baldumarket.lt\/lt\/wp-json\/wp\/v2\/product"}],"about":[{"href":"https:\/\/baldumarket.lt\/lt\/wp-json\/wp\/v2\/types\/product"}],"replies":[{"embeddable":true,"href":"https:\/\/baldumarket.lt\/lt\/wp-json\/wp\/v2\/comments?post=170457"}],"wp:featuredmedia":[{"embeddable":true,"href":"https:\/\/baldumarket.lt\/lt\/wp-json\/wp\/v2\/media\/170458"}],"wp:attachment":[{"href":"https:\/\/baldumarket.lt\/lt\/wp-json\/wp\/v2\/media?parent=170457"}],"wp:term":[{"taxonomy":"product_brand","embeddable":true,"href":"https:\/\/baldumarket.lt\/lt\/wp-json\/wp\/v2\/product_brand?post=170457"},{"taxonomy":"product_cat","embeddable":true,"href":"https:\/\/baldumarket.lt\/lt\/wp-json\/wp\/v2\/product_cat?post=170457"},{"taxonomy":"product_tag","embeddable":true,"href":"https:\/\/baldumarket.lt\/lt\/wp-json\/wp\/v2\/product_tag?post=170457"}],"curies":[{"name":"wp","href":"https:\/\/api.w.org\/{rel}","templated":true}]}}