{"id":170441,"date":"2025-12-19T21:37:52","date_gmt":"2025-12-19T18:37:52","guid":{"rendered":"https:\/\/baldumarket.lt\/product\/leonel-czarne-nowoczesne-krzeslo-ogrodowe-plastikowe-do-kuchni-kawiarni-ogrodu-sztaplowane\/"},"modified":"2026-02-11T10:10:08","modified_gmt":"2026-02-11T07:10:08","slug":"leonel-czarne-nowoczesne-krzeslo-ogrodowe-plastikowe-do-kuchni-kawiarni-ogrodu-sztaplowane","status":"publish","type":"product","link":"https:\/\/baldumarket.lt\/lt\/product\/leonel-czarne-nowoczesne-krzeslo-ogrodowe-plastikowe-do-kuchni-kawiarni-ogrodu-sztaplowane\/","title":{"rendered":"LEONEL Black &#8211; MODERNI PLASTIKIN\u0116 SODO K\u0116D\u0116 (virtuvei, kavinei, sodui) [SUDEDAMA VIEN\u0104 KART\u0104]"},"content":{"rendered":"<p>Lengva, moderni ir ne\u012ftik\u0117tinai patogi \u2013 b\u016btent tai ir yra LEONEL k\u0117d\u0117. Ji tinka bet kokiems namams ir gali b\u016bti lengvai integruojama \u012f sod\u0105, teras\u0105 ar kavin\u0119. D\u0117l gilios s\u0117dyn\u0117s, i\u0161lenktos atlo\u0161o ir poranki\u0173 ji yra neprilygstamo patogumo. Be to, j\u0105 galima sud\u0117ti vien\u0105 ant kitos, tod\u0117l nenaudojant ji neu\u017eima daug vietos.<br \/>\nK\u0117d\u0117 pagaminta i\u0161 100% ABS plastiko, tod\u0117l j\u0105 galima naudoti ilgus metus. Ji atspari \u012fbr\u0117\u017eimams, sm\u016bgiams ir ekstremalioms vasaros bei \u017eiemos temperat\u016broms. Neblunka veikiama UV spinduli\u0173 ir ilgai i\u0161laiko spalv\u0105. Be to, ABS plastikas yra saugus \u017emon\u0117ms ir atsparus \u012fvairioms r\u016bg\u0161tims, druskoms ir riebalams. K\u0117d\u0117 yra labai lengva ir lengvai sand\u0117liuojama d\u0117l savo sudedamos konstrukcijos. K\u0117d\u0117s kojos taip pat turi specialius pamink\u0161tinimus, apsaugan\u010dius grindis nuo \u012fbr\u0117\u017eim\u0173.<br \/>\nPaskirtis:<br \/>\nvirtuv\u0117<br \/>\nvalgomasis<br \/>\nkavin\u0117<br \/>\nregistrat\u016bra \/ foj\u0117<br \/>\nvie\u0161butis\/restoranas<br \/>\nterasa \/ balkonas \/ sodas<\/p>","protected":false},"excerpt":{"rendered":"<p>MED\u017dIAGOS Plastikas (ABS), STILIUS Modernus<\/p>","protected":false},"featured_media":170442,"comment_status":"open","ping_status":"open","template":"","meta":[],"product_brand":[],"product_cat":[9519,1930,4109],"product_tag":[],"class_list":{"0":"post-170441","1":"product","2":"type-product","3":"status-publish","4":"has-post-thumbnail","6":"product_cat-armchairs-and-stools-mazzoni","7":"product_cat-chairs","8":"product_cat-mazzoni","10":"first","11":"instock","12":"purchasable","13":"product-type-simple"},"_links":{"self":[{"href":"https:\/\/baldumarket.lt\/lt\/wp-json\/wp\/v2\/product\/170441","targetHints":{"allow":["GET"]}}],"collection":[{"href":"https:\/\/baldumarket.lt\/lt\/wp-json\/wp\/v2\/product"}],"about":[{"href":"https:\/\/baldumarket.lt\/lt\/wp-json\/wp\/v2\/types\/product"}],"replies":[{"embeddable":true,"href":"https:\/\/baldumarket.lt\/lt\/wp-json\/wp\/v2\/comments?post=170441"}],"wp:featuredmedia":[{"embeddable":true,"href":"https:\/\/baldumarket.lt\/lt\/wp-json\/wp\/v2\/media\/170442"}],"wp:attachment":[{"href":"https:\/\/baldumarket.lt\/lt\/wp-json\/wp\/v2\/media?parent=170441"}],"wp:term":[{"taxonomy":"product_brand","embeddable":true,"href":"https:\/\/baldumarket.lt\/lt\/wp-json\/wp\/v2\/product_brand?post=170441"},{"taxonomy":"product_cat","embeddable":true,"href":"https:\/\/baldumarket.lt\/lt\/wp-json\/wp\/v2\/product_cat?post=170441"},{"taxonomy":"product_tag","embeddable":true,"href":"https:\/\/baldumarket.lt\/lt\/wp-json\/wp\/v2\/product_tag?post=170441"}],"curies":[{"name":"wp","href":"https:\/\/api.w.org\/{rel}","templated":true}]}}