{"id":170417,"date":"2025-12-19T21:37:25","date_gmt":"2025-12-19T18:37:25","guid":{"rendered":"https:\/\/baldumarket.lt\/product\/ida-antracyt-tkanina-basel-19-nowoczesne-krzeslo-tapicerowane-do-salonu-jadalni-loft\/"},"modified":"2026-02-11T11:46:44","modified_gmt":"2026-02-11T08:46:44","slug":"ida-antracyt-tkanina-basel-19-nowoczesne-krzeslo-tapicerowane-do-salonu-jadalni-loft","status":"publish","type":"product","link":"https:\/\/baldumarket.lt\/lt\/product\/ida-antracyt-tkanina-basel-19-nowoczesne-krzeslo-tapicerowane-do-salonu-jadalni-loft\/","title":{"rendered":"IDA Antracito spalvos (Basel 19 audinys) \u2013 MODERNI APMU\u0160TA K\u0116D\u0116 SVETAINEI\/VALGOMAJAM, PAL\u0116PEI"},"content":{"rendered":"<p>IDA k\u0117d\u0117 pasi\u017eymi paprasta, patogia forma ir tvirta konstrukcija. Kont\u016bruota, apmu\u0161ta s\u0117dyn\u0117 su horizontaliomis si\u016bl\u0117mis suteikia subtilumo, o lieknos, \u012f \u0161onus \u0161iek tiek i\u0161plat\u0117jusios metalin\u0117s kojel\u0117s suteikia stabilumo ir modernumo.<br \/>\nTai idealus pasirinkimas ie\u0161kantiems modernaus, minimalistinio dizaino, kuris suteiks kambariui pusiausvyros ir harmonijos poj\u016bt\u012f.<br \/>\nKomplekte yra ai\u0161kios, nuoseklios instrukcijos, tod\u0117l surinkimas labai paprastas ir trunka tik 10\u201315 minu\u010di\u0173.<\/p>","protected":false},"excerpt":{"rendered":"<p>MED\u017dIAGOS Basel audinys \/ milteliniu b\u016bdu da\u017eytas plienas, STILIUS Modernus \/ Loftas<\/p>","protected":false},"featured_media":170418,"comment_status":"open","ping_status":"open","template":"","meta":[],"product_brand":[],"product_cat":[9519,1930,4109],"product_tag":[],"class_list":{"0":"post-170417","1":"product","2":"type-product","3":"status-publish","4":"has-post-thumbnail","6":"product_cat-armchairs-and-stools-mazzoni","7":"product_cat-chairs","8":"product_cat-mazzoni","10":"first","11":"instock","12":"purchasable","13":"product-type-simple"},"_links":{"self":[{"href":"https:\/\/baldumarket.lt\/lt\/wp-json\/wp\/v2\/product\/170417","targetHints":{"allow":["GET"]}}],"collection":[{"href":"https:\/\/baldumarket.lt\/lt\/wp-json\/wp\/v2\/product"}],"about":[{"href":"https:\/\/baldumarket.lt\/lt\/wp-json\/wp\/v2\/types\/product"}],"replies":[{"embeddable":true,"href":"https:\/\/baldumarket.lt\/lt\/wp-json\/wp\/v2\/comments?post=170417"}],"wp:featuredmedia":[{"embeddable":true,"href":"https:\/\/baldumarket.lt\/lt\/wp-json\/wp\/v2\/media\/170418"}],"wp:attachment":[{"href":"https:\/\/baldumarket.lt\/lt\/wp-json\/wp\/v2\/media?parent=170417"}],"wp:term":[{"taxonomy":"product_brand","embeddable":true,"href":"https:\/\/baldumarket.lt\/lt\/wp-json\/wp\/v2\/product_brand?post=170417"},{"taxonomy":"product_cat","embeddable":true,"href":"https:\/\/baldumarket.lt\/lt\/wp-json\/wp\/v2\/product_cat?post=170417"},{"taxonomy":"product_tag","embeddable":true,"href":"https:\/\/baldumarket.lt\/lt\/wp-json\/wp\/v2\/product_tag?post=170417"}],"curies":[{"name":"wp","href":"https:\/\/api.w.org\/{rel}","templated":true}]}}