{"id":170393,"date":"2025-12-19T21:36:57","date_gmt":"2025-12-19T18:36:57","guid":{"rendered":"https:\/\/baldumarket.lt\/product\/fabio-bezowy-tkanina-basel-24-nogi-czarne-pikowany-fotel-wypoczynkowy-do-salonu-biura-tapicerowany\/"},"modified":"2026-02-11T10:48:44","modified_gmt":"2026-02-11T07:48:44","slug":"fabio-bezowy-tkanina-basel-24-nogi-czarne-pikowany-fotel-wypoczynkowy-do-salonu-biura-tapicerowany","status":"publish","type":"product","link":"https:\/\/baldumarket.lt\/lt\/product\/fabio-bezowy-tkanina-basel-24-nogi-czarne-pikowany-fotel-wypoczynkowy-do-salonu-biura-tapicerowany\/","title":{"rendered":"FABIO sm\u0117lio spalvos (Basel 24 audinys) \/ juodos kojel\u0117s \u2013 dygsniuotas poilsio kr\u0117slas svetainei \/ biurui, apmu\u0161tas"},"content":{"rendered":"<p>FABIO fotelis pasi\u017eymi moderniu, minimalistiniu dizainu. Jo apmu\u0161alai pagaminti i\u0161 patogaus, labai patvaraus audinio, suteikian\u010dio jaukumo poj\u016bt\u012f.<br \/>\nAtlo\u0161as ir s\u0117dyn\u0117 yra kruop\u0161\u010diai dygsniuoti, suteikiantys elegancijos ir subtilaus rafinuotumo. Fotelis turi u\u017eapvalintus, pla\u010dius porankius, kad b\u016bt\u0173 patogus. Plonos, juodos metalin\u0117s kojel\u0117s suteikia jam lengvumo poj\u016bt\u012f, kartu u\u017etikrindamos stabilum\u0105 ir modern\u0173 vaizd\u0105.<br \/>\nFABIO fotelis puikiai tinka eleganti\u0161kam, stilingam interjerui, sukuria jauki\u0105 atmosfer\u0105, kurioje galima atsipalaiduoti.<\/p>","protected":false},"excerpt":{"rendered":"<p>MED\u017dIAGOS Basel audinys \/ milteliniu b\u016bdu da\u017eytas plienas, STILIUS Modernus, SVORIS SU PAKUOTE 17,5 kg, KITA Gaminys skirtas savaranki\u0161kam surinkimui su pateiktomis instrukcijomis<\/p>","protected":false},"featured_media":170394,"comment_status":"open","ping_status":"open","template":"","meta":[],"product_brand":[],"product_cat":[9519,634,4109],"product_tag":[],"class_list":{"0":"post-170393","1":"product","2":"type-product","3":"status-publish","4":"has-post-thumbnail","6":"product_cat-armchairs-and-stools-mazzoni","7":"product_cat-armchairs","8":"product_cat-mazzoni","10":"first","11":"instock","12":"purchasable","13":"product-type-simple"},"_links":{"self":[{"href":"https:\/\/baldumarket.lt\/lt\/wp-json\/wp\/v2\/product\/170393","targetHints":{"allow":["GET"]}}],"collection":[{"href":"https:\/\/baldumarket.lt\/lt\/wp-json\/wp\/v2\/product"}],"about":[{"href":"https:\/\/baldumarket.lt\/lt\/wp-json\/wp\/v2\/types\/product"}],"replies":[{"embeddable":true,"href":"https:\/\/baldumarket.lt\/lt\/wp-json\/wp\/v2\/comments?post=170393"}],"wp:featuredmedia":[{"embeddable":true,"href":"https:\/\/baldumarket.lt\/lt\/wp-json\/wp\/v2\/media\/170394"}],"wp:attachment":[{"href":"https:\/\/baldumarket.lt\/lt\/wp-json\/wp\/v2\/media?parent=170393"}],"wp:term":[{"taxonomy":"product_brand","embeddable":true,"href":"https:\/\/baldumarket.lt\/lt\/wp-json\/wp\/v2\/product_brand?post=170393"},{"taxonomy":"product_cat","embeddable":true,"href":"https:\/\/baldumarket.lt\/lt\/wp-json\/wp\/v2\/product_cat?post=170393"},{"taxonomy":"product_tag","embeddable":true,"href":"https:\/\/baldumarket.lt\/lt\/wp-json\/wp\/v2\/product_tag?post=170393"}],"curies":[{"name":"wp","href":"https:\/\/api.w.org\/{rel}","templated":true}]}}