{"id":170385,"date":"2025-12-19T21:36:48","date_gmt":"2025-12-19T18:36:48","guid":{"rendered":"https:\/\/baldumarket.lt\/product\/pacific-dab-naturalny-200x100-cm-stol-drewniany-w-stylu-boho-skandynawskim\/"},"modified":"2026-02-10T10:39:03","modified_gmt":"2026-02-10T07:39:03","slug":"pacific-dab-naturalny-200x100-cm-stol-drewniany-w-stylu-boho-skandynawskim","status":"publish","type":"product","link":"https:\/\/baldumarket.lt\/lt\/product\/pacific-dab-naturalny-200x100-cm-stol-drewniany-w-stylu-boho-skandynawskim\/","title":{"rendered":"PACIFIC nat\u016bralaus \u0105\u017euolo 200\u00d7100 cm \u2013 medinis stalas bohemi\u0161ko \/ skandinavi\u0161ko stiliaus"},"content":{"rendered":"<p>Stalvir\u0161is pagamintas i\u0161 18 mm storio faneruotos med\u017eio dro\u017eli\u0173 plok\u0161t\u0117s (\u0105\u017euolo faneros), o r\u0117mas ir kojel\u0117s \u2013 i\u0161 tvirtos \u0105\u017euolo medienos. Visos dalys papildomai apsaugotos auk\u0161tos kokyb\u0117s skaidriu laku, kuris apsaugo pavir\u0161i\u0173 nuo \u012fbr\u0117\u017eim\u0173.<br \/>\nPakuot\u0117s matmenys ir svoris:<br \/>\n209 x 109 x 11,5 cm (53,3 kg)<br \/>\nDaugiau informacijos apie pristatym\u0105 rasite skiltyje \u201cMok\u0117jimas ir pristatymas\u201d.<\/p>","protected":false},"excerpt":{"rendered":"<p>PLOTIS 200 cm, GYLIS 100 cm, AUK\u0160TIS 75 cm, PAVIR\u0160IUS Matinis, STILIUS Boho \/ Skandinavi\u0161kas, SVORIS SU PAKUOTE 53,3 kg, KITA I\u0161 dalies surinktas gaminys, skirtas surinkti savaranki\u0161kai, su pateiktomis instrukcijomis<\/p>","protected":false},"featured_media":170386,"comment_status":"open","ping_status":"open","template":"","meta":[],"product_brand":[],"product_cat":[9520,4109,1934],"product_tag":[],"class_list":{"0":"post-170385","1":"product","2":"type-product","3":"status-publish","4":"has-post-thumbnail","6":"product_cat-tables-mazzoni","7":"product_cat-mazzoni","8":"product_cat-tables","10":"first","11":"instock","12":"purchasable","13":"product-type-simple"},"_links":{"self":[{"href":"https:\/\/baldumarket.lt\/lt\/wp-json\/wp\/v2\/product\/170385","targetHints":{"allow":["GET"]}}],"collection":[{"href":"https:\/\/baldumarket.lt\/lt\/wp-json\/wp\/v2\/product"}],"about":[{"href":"https:\/\/baldumarket.lt\/lt\/wp-json\/wp\/v2\/types\/product"}],"replies":[{"embeddable":true,"href":"https:\/\/baldumarket.lt\/lt\/wp-json\/wp\/v2\/comments?post=170385"}],"wp:featuredmedia":[{"embeddable":true,"href":"https:\/\/baldumarket.lt\/lt\/wp-json\/wp\/v2\/media\/170386"}],"wp:attachment":[{"href":"https:\/\/baldumarket.lt\/lt\/wp-json\/wp\/v2\/media?parent=170385"}],"wp:term":[{"taxonomy":"product_brand","embeddable":true,"href":"https:\/\/baldumarket.lt\/lt\/wp-json\/wp\/v2\/product_brand?post=170385"},{"taxonomy":"product_cat","embeddable":true,"href":"https:\/\/baldumarket.lt\/lt\/wp-json\/wp\/v2\/product_cat?post=170385"},{"taxonomy":"product_tag","embeddable":true,"href":"https:\/\/baldumarket.lt\/lt\/wp-json\/wp\/v2\/product_tag?post=170385"}],"curies":[{"name":"wp","href":"https:\/\/api.w.org\/{rel}","templated":true}]}}