{"id":170377,"date":"2025-12-19T21:36:40","date_gmt":"2025-12-19T18:36:40","guid":{"rendered":"https:\/\/baldumarket.lt\/product\/pacific-dab-naturalny-200x100-cm-2-dokladki-50-cm-stol-drewniany-w-stylu-boho-skandynawskim-rozkladany-do-300-cm\/"},"modified":"2026-02-10T10:39:03","modified_gmt":"2026-02-10T07:39:03","slug":"pacific-dab-naturalny-200x100-cm-2-dokladki-50-cm-stol-drewniany-w-stylu-boho-skandynawskim-rozkladany-do-300-cm","status":"publish","type":"product","link":"https:\/\/baldumarket.lt\/lt\/product\/pacific-dab-naturalny-200x100-cm-2-dokladki-50-cm-stol-drewniany-w-stylu-boho-skandynawskim-rozkladany-do-300-cm\/","title":{"rendered":"PACIFIC nat\u016bralaus \u0105\u017euolo 200\u00d7100 cm (+2 prailginimai po 50 cm) \u2013 MEDINIS BOHO\/SKANDINAVI\u0160KO STILIAUS STALAS, I\u0160PL\u0116STAMA IKI 300 cm!"},"content":{"rendered":"<p>Stalvir\u0161is pagamintas i\u0161 18 mm storio faneruotos med\u017eio dro\u017eli\u0173 plok\u0161t\u0117s (\u0105\u017euolo faneros), o r\u0117mas ir kojel\u0117s \u2013 i\u0161 \u0105\u017euolo masyvo. Visos dalys papildomai padengtos auk\u0161tos kokyb\u0117s skaidriu laku, kuris apsaugo pavir\u0161i\u0173 nuo \u012fbr\u0117\u017eim\u0173.<br \/>\nPakuot\u0117s matmenys ir svoris:<br \/>\n209 x 109 x 11,5 cm (53,3 kg)<br \/>\n59,5 x 7,5 x 16,2 cm (16,2 kg)<br \/>\nDaugiau informacijos apie pristatym\u0105 rasite skiltyje \u201cMok\u0117jimas ir pristatymas\u201d.<\/p>","protected":false},"excerpt":{"rendered":"<p>PLOTIS 200 cm \/ 300 cm, GYLIS 100 cm, AUK\u0160TIS 75 cm PRAT\u0118SIM\u0172 KIEKIS 2 vnt. x 50 cm (laikyti atskirai), FUNKCIJA Stalvir\u0161io prailginimas, PAVIR\u0160IUS Matinis, STILIUS Bohemi\u0161kas \/ Skandinavi\u0161kas, SVORIS SU PAKUOTE 69,5 kg, KITA I\u0161 dalies surinktas gaminys, skirtas surinkti savaranki\u0161kai, su pateiktomis instrukcijomis<\/p>","protected":false},"featured_media":170378,"comment_status":"open","ping_status":"open","template":"","meta":[],"product_brand":[],"product_cat":[9520,4109,1934],"product_tag":[],"class_list":{"0":"post-170377","1":"product","2":"type-product","3":"status-publish","4":"has-post-thumbnail","6":"product_cat-tables-mazzoni","7":"product_cat-mazzoni","8":"product_cat-tables","10":"first","11":"instock","12":"purchasable","13":"product-type-simple"},"_links":{"self":[{"href":"https:\/\/baldumarket.lt\/lt\/wp-json\/wp\/v2\/product\/170377","targetHints":{"allow":["GET"]}}],"collection":[{"href":"https:\/\/baldumarket.lt\/lt\/wp-json\/wp\/v2\/product"}],"about":[{"href":"https:\/\/baldumarket.lt\/lt\/wp-json\/wp\/v2\/types\/product"}],"replies":[{"embeddable":true,"href":"https:\/\/baldumarket.lt\/lt\/wp-json\/wp\/v2\/comments?post=170377"}],"wp:featuredmedia":[{"embeddable":true,"href":"https:\/\/baldumarket.lt\/lt\/wp-json\/wp\/v2\/media\/170378"}],"wp:attachment":[{"href":"https:\/\/baldumarket.lt\/lt\/wp-json\/wp\/v2\/media?parent=170377"}],"wp:term":[{"taxonomy":"product_brand","embeddable":true,"href":"https:\/\/baldumarket.lt\/lt\/wp-json\/wp\/v2\/product_brand?post=170377"},{"taxonomy":"product_cat","embeddable":true,"href":"https:\/\/baldumarket.lt\/lt\/wp-json\/wp\/v2\/product_cat?post=170377"},{"taxonomy":"product_tag","embeddable":true,"href":"https:\/\/baldumarket.lt\/lt\/wp-json\/wp\/v2\/product_tag?post=170377"}],"curies":[{"name":"wp","href":"https:\/\/api.w.org\/{rel}","templated":true}]}}