{"id":170361,"date":"2025-12-19T21:36:22","date_gmt":"2025-12-19T18:36:22","guid":{"rendered":"https:\/\/baldumarket.lt\/product\/georgia-kremowe-tkanina-monza-90-nowoczesne-krzeslo-tapicerowane-boucle-do-salonu-jadalni-biura-loft\/"},"modified":"2026-02-11T11:02:28","modified_gmt":"2026-02-11T08:02:28","slug":"georgia-kremowe-tkanina-monza-90-nowoczesne-krzeslo-tapicerowane-boucle-do-salonu-jadalni-biura-loft","status":"publish","type":"product","link":"https:\/\/baldumarket.lt\/lt\/product\/georgia-kremowe-tkanina-monza-90-nowoczesne-krzeslo-tapicerowane-boucle-do-salonu-jadalni-biura-loft\/","title":{"rendered":"GEORGIA Cream (Monza 90 audinys) &#8211; MODERNI BUKL\u0116 APMU\u0160TA K\u0116D\u0116 SVETAINEI, VALGOMAJAM, BIURUI, PAL\u0116PEI"},"content":{"rendered":"","protected":false},"excerpt":{"rendered":"<p>MED\u017dIAGOS Audinys \u201eMonza\u201c \/ milteliniu b\u016bdu da\u017eytas plienas, STILIUS Modernus \/ Loftas, KITA Gaminys skirtas savaranki\u0161kam surinkimui su pateiktomis instrukcijomis MAKSIMALI APKROVA 110 kg<\/p>","protected":false},"featured_media":170362,"comment_status":"open","ping_status":"open","template":"","meta":[],"product_brand":[],"product_cat":[9519,1930,4109],"product_tag":[],"class_list":{"0":"post-170361","1":"product","2":"type-product","3":"status-publish","4":"has-post-thumbnail","6":"product_cat-armchairs-and-stools-mazzoni","7":"product_cat-chairs","8":"product_cat-mazzoni","10":"first","11":"instock","12":"purchasable","13":"product-type-simple"},"_links":{"self":[{"href":"https:\/\/baldumarket.lt\/lt\/wp-json\/wp\/v2\/product\/170361","targetHints":{"allow":["GET"]}}],"collection":[{"href":"https:\/\/baldumarket.lt\/lt\/wp-json\/wp\/v2\/product"}],"about":[{"href":"https:\/\/baldumarket.lt\/lt\/wp-json\/wp\/v2\/types\/product"}],"replies":[{"embeddable":true,"href":"https:\/\/baldumarket.lt\/lt\/wp-json\/wp\/v2\/comments?post=170361"}],"wp:featuredmedia":[{"embeddable":true,"href":"https:\/\/baldumarket.lt\/lt\/wp-json\/wp\/v2\/media\/170362"}],"wp:attachment":[{"href":"https:\/\/baldumarket.lt\/lt\/wp-json\/wp\/v2\/media?parent=170361"}],"wp:term":[{"taxonomy":"product_brand","embeddable":true,"href":"https:\/\/baldumarket.lt\/lt\/wp-json\/wp\/v2\/product_brand?post=170361"},{"taxonomy":"product_cat","embeddable":true,"href":"https:\/\/baldumarket.lt\/lt\/wp-json\/wp\/v2\/product_cat?post=170361"},{"taxonomy":"product_tag","embeddable":true,"href":"https:\/\/baldumarket.lt\/lt\/wp-json\/wp\/v2\/product_tag?post=170361"}],"curies":[{"name":"wp","href":"https:\/\/api.w.org\/{rel}","templated":true}]}}