{"id":170329,"date":"2025-12-19T21:35:46","date_gmt":"2025-12-19T18:35:46","guid":{"rendered":"https:\/\/baldumarket.lt\/product\/saretta-bezowe-tkanina-basel-24-nowoczesne-krzeslo-obrotowe-tapicerowane-do-salonu-jadalni-biura-loft\/"},"modified":"2026-02-11T12:48:18","modified_gmt":"2026-02-11T09:48:18","slug":"saretta-bezowe-tkanina-basel-24-nowoczesne-krzeslo-obrotowe-tapicerowane-do-salonu-jadalni-biura-loft","status":"publish","type":"product","link":"https:\/\/baldumarket.lt\/lt\/product\/saretta-bezowe-tkanina-basel-24-nowoczesne-krzeslo-obrotowe-tapicerowane-do-salonu-jadalni-biura-loft\/","title":{"rendered":"SARETTA Beige (Basel 24 audinys) &#8211; MODERNI APMU\u0160TA SUKAMA K\u0116D\u0116 SVETAINEI \/ VALGOMAJAM \/ BIURUI \/ PAL\u0116PEI"},"content":{"rendered":"<p>Eleganti\u0161ka apmu\u0161ta SARETTA k\u0117d\u0117 \u2013 tai tobulas stiliaus ir FUNKCIONALUMO derinys, idealiai tinkantis moderniam interjerui.<br \/>\nK\u0117d\u0117 turi patogi\u0105, 360\u00b0 kampu pasukam\u0105 s\u0117dyn\u0119 su porankiais, u\u017etikrinan\u010diais i\u0161skirtin\u012f komfort\u0105.<br \/>\nI\u0161lenkta nugaros atlo\u0161o forma puikiai prisitaiko prie nugaros formos, palaikydama taisykling\u0105 k\u016bno pad\u0117t\u012f.<br \/>\nTvirtas metalinis r\u0117mas garantuoja auk\u0161t\u0105 stabilum\u0105 ir ilgaam\u017ei\u0161kum\u0105, tod\u0117l k\u0117d\u0117 yra patikimas pasirinkimas ilgus metus.<br \/>\nApmu\u0161alai, pagaminti i\u0161 tvirto, patvaraus audinio, yra ne tik malon\u016bs liesti, bet ir atspar\u016bs kasdieniam naudojimui.<br \/>\nSARETTA kr\u0117slas yra elegancijos ir komforto sinonimas, suteikiantis j\u016bs\u0173 interjerui unikalaus stiliaus ir patogumo.<\/p>","protected":false},"excerpt":{"rendered":"<p>MED\u017dIAGOS Basel audinys \/ milteliniu b\u016bdu da\u017eytas plienas, FUNKCIJA 360\u00b0 pasukamas pagrindas, STILIUS Modernus \/ Loftas, KITA Gaminys skirtas savaranki\u0161kam surinkimui su pateiktomis instrukcijomis MAKSIMALI APKROVA 110 kg<\/p>","protected":false},"featured_media":170330,"comment_status":"open","ping_status":"open","template":"","meta":[],"product_brand":[],"product_cat":[9519,1930,4109],"product_tag":[],"class_list":{"0":"post-170329","1":"product","2":"type-product","3":"status-publish","4":"has-post-thumbnail","6":"product_cat-armchairs-and-stools-mazzoni","7":"product_cat-chairs","8":"product_cat-mazzoni","10":"first","11":"instock","12":"purchasable","13":"product-type-simple"},"_links":{"self":[{"href":"https:\/\/baldumarket.lt\/lt\/wp-json\/wp\/v2\/product\/170329","targetHints":{"allow":["GET"]}}],"collection":[{"href":"https:\/\/baldumarket.lt\/lt\/wp-json\/wp\/v2\/product"}],"about":[{"href":"https:\/\/baldumarket.lt\/lt\/wp-json\/wp\/v2\/types\/product"}],"replies":[{"embeddable":true,"href":"https:\/\/baldumarket.lt\/lt\/wp-json\/wp\/v2\/comments?post=170329"}],"wp:featuredmedia":[{"embeddable":true,"href":"https:\/\/baldumarket.lt\/lt\/wp-json\/wp\/v2\/media\/170330"}],"wp:attachment":[{"href":"https:\/\/baldumarket.lt\/lt\/wp-json\/wp\/v2\/media?parent=170329"}],"wp:term":[{"taxonomy":"product_brand","embeddable":true,"href":"https:\/\/baldumarket.lt\/lt\/wp-json\/wp\/v2\/product_brand?post=170329"},{"taxonomy":"product_cat","embeddable":true,"href":"https:\/\/baldumarket.lt\/lt\/wp-json\/wp\/v2\/product_cat?post=170329"},{"taxonomy":"product_tag","embeddable":true,"href":"https:\/\/baldumarket.lt\/lt\/wp-json\/wp\/v2\/product_tag?post=170329"}],"curies":[{"name":"wp","href":"https:\/\/api.w.org\/{rel}","templated":true}]}}