{"id":170321,"date":"2025-12-19T21:35:37","date_gmt":"2025-12-19T18:35:37","guid":{"rendered":"https:\/\/baldumarket.lt\/product\/bristol-bez-latte-tkanina-monza-60-noga-czarna-fotel-tapicerowany-boucle-rozkladany-obrotowy-z-podnozkiem-do-salonu-biura\/"},"modified":"2026-04-12T17:00:33","modified_gmt":"2026-04-12T14:00:33","slug":"bristol-bez-latte-tkanina-monza-60-noga-czarna-fotel-tapicerowany-boucle-rozkladany-obrotowy-z-podnozkiem-do-salonu-biura","status":"publish","type":"product","link":"https:\/\/baldumarket.lt\/lt\/product\/bristol-bez-latte-tkanina-monza-60-noga-czarna-fotel-tapicerowany-boucle-rozkladany-obrotowy-z-podnozkiem-do-salonu-biura\/","title":{"rendered":"BRISTOL Latte Beige (Monza 60 audinys) \/ juoda koja &#8211; BOUCL\u00c9 \u200b\u200b\u200b\u200bAPMU\u0160TAS ATLO\u0160IAMAS \/ SUKAMASIS FOTELIS SU ATMOK\u0160LE SVETAINEI \/ BIURUI"},"content":{"rendered":"<p>Modernus BRISTOL poilsio kr\u0117slas yra eleganti\u0161kas ir FUNKCIONALUS baldas, sukurtas maksimaliam komfortui ir stilingai i\u0161vaizdai.<br \/>\nPagrindin\u0117s savyb\u0117s:<br \/>\nAuk\u0161tas, mink\u0161tas atlo\u0161as su rankiniu atlo\u0161u.<br \/>\nBRISTOL k\u0117d\u0117 pasi\u017eymi ergonomi\u0161kai suprojektuotu, mink\u0161tu atlo\u0161u, kur\u012f galima atlo\u0161ti rankiniu b\u016bdu, tod\u0117l naudotojas gali reguliuoti kamp\u0105 pagal savo individualius poreikius. D\u0117l \u0161ios savyb\u0117s k\u0117d\u0117 idealiai tinka atsipalaiduoti po sunkios darbo dienos.<br \/>\nDidel\u0117, patogi s\u0117dyn\u0117.<br \/>\nBRISTOL k\u0117d\u0117s s\u0117dyn\u0117 yra erdvi ir patogi, suteikianti daug vietos patogiam s\u0117d\u0117jimui. Mink\u0161tas pamink\u0161tinimas u\u017etikrina maksimal\u0173 komfort\u0105, o auk\u0161tos kokyb\u0117s med\u017eiagos garantuoja patvarum\u0105 ir ilgaam\u017ei\u0161kum\u0105.<br \/>\nAuk\u0161ti porankiai.<br \/>\nK\u0117d\u0117 turi auk\u0161tus porankius, kurie dar labiau padidina komfort\u0105, suteikdami atram\u0105 rankoms ir pe\u010diams. Auk\u0161ti porankiai leid\u017eia vartotojui patogiai atremti rankas, o tai dar labiau padidina s\u0117d\u0117jimo komfort\u0105.<br \/>\n5 \u017evaig\u017edu\u010di\u0173, pasukama metalin\u0117 koja.<br \/>\nStabilus metalinis BRISTOL fotelio pagrindas turi 5 \u017evaig\u017edu\u010di\u0173 besisukan\u010di\u0105 kojel\u0119, u\u017etikrinan\u010di\u0105 ne tik tvirt\u0105 konstrukcij\u0105, bet ir jud\u0117jimo laisv\u0119. Besisukanti kojel\u0117 leid\u017eia vartotojui lengvai keisti pad\u0117t\u012f neatsikeliant nuo k\u0117d\u0117s.<br \/>\n\u012eskai\u010diuota koj\u0173 atrama.<br \/>\nFotelis turi papildom\u0105 pakoj\u012f, leid\u017eiant\u012f i\u0161tiesinti kojas ir atsipalaiduoti. Koj\u0173 atrama yra puikus priedas, u\u017etikrinantis dar didesn\u012f komfort\u0105 atsipalaiduojant.<br \/>\nBRISTOL poilsio kr\u0117slas \u2013 puikus pasirinkimas tiems, kurie vertina komfort\u0105, modern\u0173 dizain\u0105 ir FUNKCIONALUM\u0104. D\u0117l eleganti\u0161kos i\u0161vaizdos ir prakti\u0161k\u0173 savybi\u0173 jis puikiai tinka bet kokiam interjerui, suteikia stiliaus ir klas\u0117s.<\/p>","protected":false},"excerpt":{"rendered":"<p>MED\u017dIAGOS Milteliniu b\u016bdu da\u017eytas plienas (+ plastikin\u0117s kojel\u0117s) \u201eMonza\u201c audinys (PU put\u0173 u\u017epildas), FUNKCIJA Rankiniu b\u016bdu atlo\u0161as, 360\u00b0 pasukamas pagrindas, STILIUS Modernus, KITA Gaminys skirtas savaranki\u0161kam surinkimui su pateiktomis instrukcijomis<\/p>","protected":false},"featured_media":170322,"comment_status":"open","ping_status":"open","template":"","meta":[],"product_brand":[],"product_cat":[9519,1930,4109],"product_tag":[],"class_list":{"0":"post-170321","1":"product","2":"type-product","3":"status-publish","4":"has-post-thumbnail","6":"product_cat-armchairs-and-stools-mazzoni","7":"product_cat-chairs","8":"product_cat-mazzoni","10":"first","11":"instock","12":"purchasable","13":"product-type-simple"},"_links":{"self":[{"href":"https:\/\/baldumarket.lt\/lt\/wp-json\/wp\/v2\/product\/170321","targetHints":{"allow":["GET"]}}],"collection":[{"href":"https:\/\/baldumarket.lt\/lt\/wp-json\/wp\/v2\/product"}],"about":[{"href":"https:\/\/baldumarket.lt\/lt\/wp-json\/wp\/v2\/types\/product"}],"replies":[{"embeddable":true,"href":"https:\/\/baldumarket.lt\/lt\/wp-json\/wp\/v2\/comments?post=170321"}],"wp:featuredmedia":[{"embeddable":true,"href":"https:\/\/baldumarket.lt\/lt\/wp-json\/wp\/v2\/media\/170322"}],"wp:attachment":[{"href":"https:\/\/baldumarket.lt\/lt\/wp-json\/wp\/v2\/media?parent=170321"}],"wp:term":[{"taxonomy":"product_brand","embeddable":true,"href":"https:\/\/baldumarket.lt\/lt\/wp-json\/wp\/v2\/product_brand?post=170321"},{"taxonomy":"product_cat","embeddable":true,"href":"https:\/\/baldumarket.lt\/lt\/wp-json\/wp\/v2\/product_cat?post=170321"},{"taxonomy":"product_tag","embeddable":true,"href":"https:\/\/baldumarket.lt\/lt\/wp-json\/wp\/v2\/product_tag?post=170321"}],"curies":[{"name":"wp","href":"https:\/\/api.w.org\/{rel}","templated":true}]}}