{"id":170313,"date":"2025-12-19T21:35:28","date_gmt":"2025-12-19T18:35:28","guid":{"rendered":"https:\/\/baldumarket.lt\/product\/bent-bezowy-tkanina-alea-60-noga-czarna-nowoczesny-fotel-wypoczynkowy-obrotowy-tapicerowany-do-salonu-biura\/"},"modified":"2026-02-11T10:38:59","modified_gmt":"2026-02-11T07:38:59","slug":"bent-bezowy-tkanina-alea-60-noga-czarna-nowoczesny-fotel-wypoczynkowy-obrotowy-tapicerowany-do-salonu-biura","status":"publish","type":"product","link":"https:\/\/baldumarket.lt\/lt\/product\/bent-bezowy-tkanina-alea-60-noga-czarna-nowoczesny-fotel-wypoczynkowy-obrotowy-tapicerowany-do-salonu-biura\/","title":{"rendered":"BENT sm\u0117lio spalvos (Alea 60 audinys) \/ juoda koja &#8211; MODERNI SUKAMA K\u0116D\u0116 SU APMU\u0160TU SVETAINEI \/ BIURUI"},"content":{"rendered":"<p>Modernus BENT poilsio kr\u0117slas \u2013 tai eleganti\u0161kas baldas, puikiai derinantis komfort\u0105 ir stili\u0173. Jo dizainas kruop\u0161\u010diai apgalvotas iki smulkiausi\u0173 detali\u0173, tod\u0117l puikiai tinka moderniam interjerui.<br \/>\nBENT fotelio savyb\u0117s<br \/>\n1. Atlo\u0161as:<br \/>\nMink\u0161tas, kont\u016bruotas atlo\u0161as ir pritvirtinti porankiai u\u017etikrina auk\u0161t\u0105 komfort\u0105.<br \/>\nAtlo\u0161as dekoruotas horizontaliomis si\u016bl\u0117mis, suteikian\u010diomis jam eleganti\u0161k\u0105 i\u0161vaizd\u0105 ir pabr\u0117\u017eiant\u012f modern\u0173 charakter\u012f.<br \/>\n2. S\u0117dyn\u0117:<br \/>\nPatogi s\u0117dyn\u0117 sukurta taip, kad u\u017etikrint\u0173 maksimal\u0173 komfort\u0105 ilgo poilsio metu.<br \/>\nErgonomi\u0161ka forma palaiko nat\u016brali\u0105 k\u016bno pad\u0117t\u012f, dar labiau padidindama s\u0117d\u0117jimo komfort\u0105.<br \/>\n3. Koja:<br \/>\nFotelis turi 5 pasukam\u0173 rank\u0173 koja, kuri leid\u017eia laisvai jud\u0117ti ir lengvai pasisukti nereikia keltis.<br \/>\nKoja pagaminta i\u0161 metalo, u\u017etikrinan\u010dio stabilum\u0105 ir ilgaam\u017ei\u0161kum\u0105.<br \/>\nMetalinis pagrindas suteikia modernaus, industrinio charakterio, puikiai papildydamas bendr\u0105 k\u0117d\u0117s dizain\u0105.<br \/>\nBENT fotelis \u2013 puikus pasirinkimas tiems, kurie vertina patogum\u0105, FUNKCIONALUM\u0104 ir modern\u0173 dizain\u0105. D\u0117l estetinio patrauklumo ir auk\u0161tos kokyb\u0117s jis puikiai dera prie bet kokio interjero, nepriklausomai nuo stiliaus.<\/p>","protected":false},"excerpt":{"rendered":"<p>MED\u017dIAGOS \u201eAlea\u201c audinys \/ milteliniu b\u016bdu da\u017eytas plienas, FUNKCIJA 360\u00b0 pasukamas pagrindas, STILIUS Modernus, KITA Gaminys skirtas savaranki\u0161kam surinkimui su pateiktomis instrukcijomis<\/p>","protected":false},"featured_media":170314,"comment_status":"open","ping_status":"open","template":"","meta":[],"product_brand":[],"product_cat":[9519,634,4109],"product_tag":[],"class_list":{"0":"post-170313","1":"product","2":"type-product","3":"status-publish","4":"has-post-thumbnail","6":"product_cat-armchairs-and-stools-mazzoni","7":"product_cat-armchairs","8":"product_cat-mazzoni","10":"first","11":"instock","12":"purchasable","13":"product-type-simple"},"_links":{"self":[{"href":"https:\/\/baldumarket.lt\/lt\/wp-json\/wp\/v2\/product\/170313","targetHints":{"allow":["GET"]}}],"collection":[{"href":"https:\/\/baldumarket.lt\/lt\/wp-json\/wp\/v2\/product"}],"about":[{"href":"https:\/\/baldumarket.lt\/lt\/wp-json\/wp\/v2\/types\/product"}],"replies":[{"embeddable":true,"href":"https:\/\/baldumarket.lt\/lt\/wp-json\/wp\/v2\/comments?post=170313"}],"wp:featuredmedia":[{"embeddable":true,"href":"https:\/\/baldumarket.lt\/lt\/wp-json\/wp\/v2\/media\/170314"}],"wp:attachment":[{"href":"https:\/\/baldumarket.lt\/lt\/wp-json\/wp\/v2\/media?parent=170313"}],"wp:term":[{"taxonomy":"product_brand","embeddable":true,"href":"https:\/\/baldumarket.lt\/lt\/wp-json\/wp\/v2\/product_brand?post=170313"},{"taxonomy":"product_cat","embeddable":true,"href":"https:\/\/baldumarket.lt\/lt\/wp-json\/wp\/v2\/product_cat?post=170313"},{"taxonomy":"product_tag","embeddable":true,"href":"https:\/\/baldumarket.lt\/lt\/wp-json\/wp\/v2\/product_tag?post=170313"}],"curies":[{"name":"wp","href":"https:\/\/api.w.org\/{rel}","templated":true}]}}