{"id":170293,"date":"2025-12-19T21:35:05","date_gmt":"2025-12-19T18:35:05","guid":{"rendered":"https:\/\/baldumarket.lt\/product\/gokee-pw-145-bialy-mat-czarny-mat-nowoczesna-polka-wiszaca-scienna-z-lamelami\/"},"modified":"2026-02-11T11:06:48","modified_gmt":"2026-02-11T08:06:48","slug":"gokee-pw-145-bialy-mat-czarny-mat-nowoczesna-polka-wiszaca-scienna-z-lamelami","status":"publish","type":"product","link":"https:\/\/baldumarket.lt\/lt\/product\/gokee-pw-145-bialy-mat-czarny-mat-nowoczesna-polka-wiszaca-scienna-z-lamelami\/","title":{"rendered":"GOKEE PW-145 matin\u0117 balta\/matin\u0117 juoda \u2013 MODERNI PAKABINAMA\/SIENIN\u0116 LENTYNA SU GRILIAIS"},"content":{"rendered":"<p>Baldas pagamintas i\u0161 18 mm storio matin\u0117s med\u017eio dro\u017eli\u0173 plok\u0161t\u0117s, laminuotos i\u0161 abiej\u0173 pusi\u0173, apdailintos 1 mm ABS kra\u0161tais.<br \/>\nPakuot\u0117s matmenys ir svoris:<br \/>\n158 x 24 x 6,5 cm (8,6 kg)<\/p>","protected":false},"excerpt":{"rendered":"<p>PLOTIS 145 cm, GYLIS 20 cm, AUK\u0160TIS 17 cm, MED\u017dIAGOS Med\u017eio dro\u017eli\u0173 plok\u0161t\u0117, PAVIR\u0160IUS Matinis, STILIUS Modernus \/ Loftas, SVORIS SU PAKUOTE 8,6 kg, KITA Produktas skirtas savaranki\u0161kam surinkimui su pateiktomis instrukcijomis<\/p>","protected":false},"featured_media":170294,"comment_status":"open","ping_status":"open","template":"","meta":[],"product_brand":[],"product_cat":[9533,1174,4109],"product_tag":[],"class_list":{"0":"post-170293","1":"product","2":"type-product","3":"status-publish","4":"has-post-thumbnail","6":"product_cat-furniture-system-gokee-mazzoni","7":"product_cat-hanging-shelves","8":"product_cat-mazzoni","10":"first","11":"instock","12":"purchasable","13":"product-type-simple"},"_links":{"self":[{"href":"https:\/\/baldumarket.lt\/lt\/wp-json\/wp\/v2\/product\/170293","targetHints":{"allow":["GET"]}}],"collection":[{"href":"https:\/\/baldumarket.lt\/lt\/wp-json\/wp\/v2\/product"}],"about":[{"href":"https:\/\/baldumarket.lt\/lt\/wp-json\/wp\/v2\/types\/product"}],"replies":[{"embeddable":true,"href":"https:\/\/baldumarket.lt\/lt\/wp-json\/wp\/v2\/comments?post=170293"}],"wp:featuredmedia":[{"embeddable":true,"href":"https:\/\/baldumarket.lt\/lt\/wp-json\/wp\/v2\/media\/170294"}],"wp:attachment":[{"href":"https:\/\/baldumarket.lt\/lt\/wp-json\/wp\/v2\/media?parent=170293"}],"wp:term":[{"taxonomy":"product_brand","embeddable":true,"href":"https:\/\/baldumarket.lt\/lt\/wp-json\/wp\/v2\/product_brand?post=170293"},{"taxonomy":"product_cat","embeddable":true,"href":"https:\/\/baldumarket.lt\/lt\/wp-json\/wp\/v2\/product_cat?post=170293"},{"taxonomy":"product_tag","embeddable":true,"href":"https:\/\/baldumarket.lt\/lt\/wp-json\/wp\/v2\/product_tag?post=170293"}],"curies":[{"name":"wp","href":"https:\/\/api.w.org\/{rel}","templated":true}]}}