{"id":170269,"date":"2025-12-19T21:34:37","date_gmt":"2025-12-19T18:34:37","guid":{"rendered":"https:\/\/baldumarket.lt\/product\/gokee-rtv-145-bialy-mat-czarny-mat-nowoczesna-szafka-pod-telewizor-z-lamelami\/"},"modified":"2026-04-06T17:43:45","modified_gmt":"2026-04-06T14:43:45","slug":"gokee-rtv-145-bialy-mat-czarny-mat-nowoczesna-szafka-pod-telewizor-z-lamelami","status":"publish","type":"product","link":"https:\/\/baldumarket.lt\/lt\/product\/gokee-rtv-145-bialy-mat-czarny-mat-nowoczesna-szafka-pod-telewizor-z-lamelami\/","title":{"rendered":"GOKEE RTV-145 matin\u0117 balta\/matin\u0117 juoda &#8211; MODERNI TV SPINTEL\u0116 SU U\u017dDAROMAIS RANKOMIS"},"content":{"rendered":"<p>Baldas pagamintas i\u0161 18 mm storio matin\u0117s med\u017eio dro\u017eli\u0173 plok\u0161t\u0117s, laminuotos i\u0161 abiej\u0173 pusi\u0173, apdailintos 1 mm ABS kra\u0161tais.<br \/>\nJuodos aliuminio rankenos + plastikin\u0117 vidurin\u0117 (atramin\u0117) koja su reguliuojamu auk\u0161\u010diu.<br \/>\nPakuot\u0117s matmenys ir svoris:<br \/>\n156 x 51 x 7 cm (25,1 kg)<br \/>\n83 x 48 x 7,5 cm (14,1 kg)<\/p>","protected":false},"excerpt":{"rendered":"<p>PLOTIS 145 cm, GYLIS 45 cm, AUK\u0160TIS 50 cm, MED\u017dIAGOS Med\u017eio dro\u017eli\u0173 plok\u0161t\u0117, PAVIR\u0160IUS Matinis, STILIUS Modernus \/ Loftas, SVORIS SU PAKUOTE 39,2 kg, KITA Produktas skirtas savaranki\u0161kam surinkimui su pateiktomis instrukcijomis<\/p>","protected":false},"featured_media":170270,"comment_status":"open","ping_status":"open","template":"","meta":[],"product_brand":[],"product_cat":[9533,4109,1175],"product_tag":[],"class_list":{"0":"post-170269","1":"product","2":"type-product","3":"status-publish","4":"has-post-thumbnail","6":"product_cat-furniture-system-gokee-mazzoni","7":"product_cat-mazzoni","8":"product_cat-tv-stands","10":"first","11":"instock","12":"purchasable","13":"product-type-simple"},"_links":{"self":[{"href":"https:\/\/baldumarket.lt\/lt\/wp-json\/wp\/v2\/product\/170269","targetHints":{"allow":["GET"]}}],"collection":[{"href":"https:\/\/baldumarket.lt\/lt\/wp-json\/wp\/v2\/product"}],"about":[{"href":"https:\/\/baldumarket.lt\/lt\/wp-json\/wp\/v2\/types\/product"}],"replies":[{"embeddable":true,"href":"https:\/\/baldumarket.lt\/lt\/wp-json\/wp\/v2\/comments?post=170269"}],"wp:featuredmedia":[{"embeddable":true,"href":"https:\/\/baldumarket.lt\/lt\/wp-json\/wp\/v2\/media\/170270"}],"wp:attachment":[{"href":"https:\/\/baldumarket.lt\/lt\/wp-json\/wp\/v2\/media?parent=170269"}],"wp:term":[{"taxonomy":"product_brand","embeddable":true,"href":"https:\/\/baldumarket.lt\/lt\/wp-json\/wp\/v2\/product_brand?post=170269"},{"taxonomy":"product_cat","embeddable":true,"href":"https:\/\/baldumarket.lt\/lt\/wp-json\/wp\/v2\/product_cat?post=170269"},{"taxonomy":"product_tag","embeddable":true,"href":"https:\/\/baldumarket.lt\/lt\/wp-json\/wp\/v2\/product_tag?post=170269"}],"curies":[{"name":"wp","href":"https:\/\/api.w.org\/{rel}","templated":true}]}}