{"id":170256,"date":"2025-12-19T21:34:23","date_gmt":"2025-12-19T18:34:23","guid":{"rendered":"https:\/\/baldumarket.lt\/product\/regal-boflex-1x1-dab-sonoma-nowoczesny-otwarty-regal-do-salonu-pokoju\/"},"modified":"2026-02-03T23:29:10","modified_gmt":"2026-02-03T20:29:10","slug":"regal-boflex-1x1-dab-sonoma-nowoczesny-otwarty-regal-do-salonu-pokoju","status":"publish","type":"product","link":"https:\/\/baldumarket.lt\/lt\/product\/regal-boflex-1x1-dab-sonoma-nowoczesny-otwarty-regal-do-salonu-pokoju\/","title":{"rendered":"BOFLEX 1&#215;1 knyg\u0173 lentyna Sonoma Oak &#8211; MODERNIOS ATVIROS LENTYNOS SVETAINEI"},"content":{"rendered":"<p>Lentyna pagaminta i\u0161 40 mm storio korin\u0117s plok\u0161t\u0117s (BOF) ir 16 mm storio med\u017eio dro\u017eli\u0173 plok\u0161t\u0117s, laminuotos i\u0161 abiej\u0173 pusi\u0173.<\/p>","protected":false},"excerpt":{"rendered":"<p>PLOTIS 41 cm, GYLIS 39 cm, AUK\u0160TIS 41 cm, MED\u017dIAGOS: Korpuso plok\u0161t\u0117 (BOF) + med\u017eio dro\u017eli\u0173 plok\u0161t\u0117, PAVIR\u0160IUS: Matinis, STILIUS: Modernus, SVORIS SU PAKUOTE 5 kg, KITA: Produktas skirtas savaranki\u0161kam surinkimui su pateiktomis instrukcijomis<\/p>","protected":false},"featured_media":170257,"comment_status":"open","ping_status":"open","template":"","meta":[],"product_brand":[],"product_cat":[4109,1987],"product_tag":[],"class_list":{"0":"post-170256","1":"product","2":"type-product","3":"status-publish","4":"has-post-thumbnail","6":"product_cat-mazzoni","7":"product_cat-shelving-units","9":"first","10":"instock","11":"purchasable","12":"product-type-simple"},"_links":{"self":[{"href":"https:\/\/baldumarket.lt\/lt\/wp-json\/wp\/v2\/product\/170256","targetHints":{"allow":["GET"]}}],"collection":[{"href":"https:\/\/baldumarket.lt\/lt\/wp-json\/wp\/v2\/product"}],"about":[{"href":"https:\/\/baldumarket.lt\/lt\/wp-json\/wp\/v2\/types\/product"}],"replies":[{"embeddable":true,"href":"https:\/\/baldumarket.lt\/lt\/wp-json\/wp\/v2\/comments?post=170256"}],"wp:featuredmedia":[{"embeddable":true,"href":"https:\/\/baldumarket.lt\/lt\/wp-json\/wp\/v2\/media\/170257"}],"wp:attachment":[{"href":"https:\/\/baldumarket.lt\/lt\/wp-json\/wp\/v2\/media?parent=170256"}],"wp:term":[{"taxonomy":"product_brand","embeddable":true,"href":"https:\/\/baldumarket.lt\/lt\/wp-json\/wp\/v2\/product_brand?post=170256"},{"taxonomy":"product_cat","embeddable":true,"href":"https:\/\/baldumarket.lt\/lt\/wp-json\/wp\/v2\/product_cat?post=170256"},{"taxonomy":"product_tag","embeddable":true,"href":"https:\/\/baldumarket.lt\/lt\/wp-json\/wp\/v2\/product_tag?post=170256"}],"curies":[{"name":"wp","href":"https:\/\/api.w.org\/{rel}","templated":true}]}}