{"id":170240,"date":"2025-12-19T21:34:04","date_gmt":"2025-12-19T18:34:04","guid":{"rendered":"https:\/\/baldumarket.lt\/product\/adele-bez-latte-tkanina-monza-60-stelaz-dab-naturalny-krzeslo-drewniane-boucle-do-salonu-jadalni-kuchni-retro\/"},"modified":"2026-02-10T10:30:18","modified_gmt":"2026-02-10T07:30:18","slug":"adele-bez-latte-tkanina-monza-60-stelaz-dab-naturalny-krzeslo-drewniane-boucle-do-salonu-jadalni-kuchni-retro","status":"publish","type":"product","link":"https:\/\/baldumarket.lt\/lt\/product\/adele-bez-latte-tkanina-monza-60-stelaz-dab-naturalny-krzeslo-drewniane-boucle-do-salonu-jadalni-kuchni-retro\/","title":{"rendered":"ADELE Latte Beige (Monza 60 audinys) \/ Nat\u016bralaus \u0105\u017euolo r\u0117mas &#8211; MEDIN\u0116 BUKLE K\u0116D\u0116 SVETAINEI VALGOMAJAM RETRO VIRTUVEI"},"content":{"rendered":"<p>K\u0117d\u0117s r\u0117mas pagamintas i\u0161 alyvuoto \u0105\u017euolo, o s\u0117dyn\u0117 ir atlo\u0161as aptraukti audiniu.<br \/>\nFSC\u00ae sertifikuota \u2013 naudojamos med\u017eiagos gaunamos i\u0161 tvariai tvarkom\u0173 mi\u0161k\u0173.<\/p>","protected":false},"excerpt":{"rendered":"<p>MED\u017dIAGOS Audinys \u201eMonza\u201c \/ \u0105\u017euolo mediena, STILIUS Modernus \/ Skandinavi\u0161kas \/ Klasikinis, SVORIS SU PAKUOTE 7,8 kg, KITA Gaminys skirtas savaranki\u0161kam surinkimui su pateiktomis instrukcijomis MAKSIMALI APKROVA 110 kg<\/p>","protected":false},"featured_media":170241,"comment_status":"open","ping_status":"open","template":"","meta":[],"product_brand":[],"product_cat":[9519,1930,4109],"product_tag":[],"class_list":{"0":"post-170240","1":"product","2":"type-product","3":"status-publish","4":"has-post-thumbnail","6":"product_cat-armchairs-and-stools-mazzoni","7":"product_cat-chairs","8":"product_cat-mazzoni","10":"first","11":"instock","12":"purchasable","13":"product-type-simple"},"_links":{"self":[{"href":"https:\/\/baldumarket.lt\/lt\/wp-json\/wp\/v2\/product\/170240","targetHints":{"allow":["GET"]}}],"collection":[{"href":"https:\/\/baldumarket.lt\/lt\/wp-json\/wp\/v2\/product"}],"about":[{"href":"https:\/\/baldumarket.lt\/lt\/wp-json\/wp\/v2\/types\/product"}],"replies":[{"embeddable":true,"href":"https:\/\/baldumarket.lt\/lt\/wp-json\/wp\/v2\/comments?post=170240"}],"wp:featuredmedia":[{"embeddable":true,"href":"https:\/\/baldumarket.lt\/lt\/wp-json\/wp\/v2\/media\/170241"}],"wp:attachment":[{"href":"https:\/\/baldumarket.lt\/lt\/wp-json\/wp\/v2\/media?parent=170240"}],"wp:term":[{"taxonomy":"product_brand","embeddable":true,"href":"https:\/\/baldumarket.lt\/lt\/wp-json\/wp\/v2\/product_brand?post=170240"},{"taxonomy":"product_cat","embeddable":true,"href":"https:\/\/baldumarket.lt\/lt\/wp-json\/wp\/v2\/product_cat?post=170240"},{"taxonomy":"product_tag","embeddable":true,"href":"https:\/\/baldumarket.lt\/lt\/wp-json\/wp\/v2\/product_tag?post=170240"}],"curies":[{"name":"wp","href":"https:\/\/api.w.org\/{rel}","templated":true}]}}