{"id":170208,"date":"2025-12-19T21:33:26","date_gmt":"2025-12-19T18:33:26","guid":{"rendered":"https:\/\/baldumarket.lt\/product\/szafka-rimini-rtv-182sk-bez-taupe-czarny-mat-nowoczesna-szafka-pod-telewizor-z-szufladami-polkami-i-ryflowanymi-frontami\/"},"modified":"2026-04-12T17:00:33","modified_gmt":"2026-04-12T14:00:33","slug":"szafka-rimini-rtv-182sk-bez-taupe-czarny-mat-nowoczesna-szafka-pod-telewizor-z-szufladami-polkami-i-ryflowanymi-frontami","status":"publish","type":"product","link":"https:\/\/baldumarket.lt\/lt\/product\/szafka-rimini-rtv-182sk-bez-taupe-czarny-mat-nowoczesna-szafka-pod-telewizor-z-szufladami-polkami-i-ryflowanymi-frontami\/","title":{"rendered":"RIMINI RTV-182SK sm\u0117lio spalvos rusvai pilka\/matin\u0117 juoda &#8211; MODERNI TV SPINTEL\u0116 SU STAL\u010cIAIS\/LENTYNOMIS IR GRIOVELIUOTAIS PRIEKINIAIS"},"content":{"rendered":"<p>Baldo korpusas pagamintas i\u0161 18 mm storio matin\u0117s med\u017eio dro\u017eli\u0173 plok\u0161t\u0117s, laminuotos i\u0161 abiej\u0173 pusi\u0173, o fasadai \u2013 i\u0161 18 mm storio MDF plok\u0161t\u0117s. Visas baldas apdailintas 1 mm storio ABS briaunomis. Kojel\u0117s pagamintos i\u0161 juodo milteliniu b\u016bdu da\u017eyto plieno.<\/p>","protected":false},"excerpt":{"rendered":"<p>PLOTIS 182,2 cm, GYLIS 43 cm, AUK\u0160TIS 50 cm, MED\u017dIAGOS Med\u017eio dro\u017eli\u0173 plok\u0161t\u0117\/MDF, milteliniu b\u016bdu da\u017eytas plienas, PAVIR\u0160IUS Matinis, STILIUS Modernus, SVORIS SU PAKUOTE 48,3 kg, KITA Gaminys skirtas savaranki\u0161kam surinkimui su pateiktomis instrukcijomis<\/p>","protected":false},"featured_media":170209,"comment_status":"open","ping_status":"open","template":"","meta":[],"product_brand":[],"product_cat":[9525,4109,1175],"product_tag":[],"class_list":{"0":"post-170208","1":"product","2":"type-product","3":"status-publish","4":"has-post-thumbnail","6":"product_cat-furniture-system-rimini-mazzoni","7":"product_cat-mazzoni","8":"product_cat-tv-stands","10":"first","11":"instock","12":"purchasable","13":"product-type-simple"},"_links":{"self":[{"href":"https:\/\/baldumarket.lt\/lt\/wp-json\/wp\/v2\/product\/170208","targetHints":{"allow":["GET"]}}],"collection":[{"href":"https:\/\/baldumarket.lt\/lt\/wp-json\/wp\/v2\/product"}],"about":[{"href":"https:\/\/baldumarket.lt\/lt\/wp-json\/wp\/v2\/types\/product"}],"replies":[{"embeddable":true,"href":"https:\/\/baldumarket.lt\/lt\/wp-json\/wp\/v2\/comments?post=170208"}],"wp:featuredmedia":[{"embeddable":true,"href":"https:\/\/baldumarket.lt\/lt\/wp-json\/wp\/v2\/media\/170209"}],"wp:attachment":[{"href":"https:\/\/baldumarket.lt\/lt\/wp-json\/wp\/v2\/media?parent=170208"}],"wp:term":[{"taxonomy":"product_brand","embeddable":true,"href":"https:\/\/baldumarket.lt\/lt\/wp-json\/wp\/v2\/product_brand?post=170208"},{"taxonomy":"product_cat","embeddable":true,"href":"https:\/\/baldumarket.lt\/lt\/wp-json\/wp\/v2\/product_cat?post=170208"},{"taxonomy":"product_tag","embeddable":true,"href":"https:\/\/baldumarket.lt\/lt\/wp-json\/wp\/v2\/product_tag?post=170208"}],"curies":[{"name":"wp","href":"https:\/\/api.w.org\/{rel}","templated":true}]}}