{"id":170184,"date":"2025-12-19T21:32:53","date_gmt":"2025-12-19T18:32:53","guid":{"rendered":"https:\/\/baldumarket.lt\/product\/komoda-rimini-k-242-bez-taupe-czarny-mat-nowoczesna-szafka-z-ryflowanymi-frontami\/"},"modified":"2026-04-12T17:00:18","modified_gmt":"2026-04-12T14:00:18","slug":"komoda-rimini-k-242-bez-taupe-czarny-mat-nowoczesna-szafka-z-ryflowanymi-frontami","status":"publish","type":"product","link":"https:\/\/baldumarket.lt\/lt\/product\/komoda-rimini-k-242-bez-taupe-czarny-mat-nowoczesna-szafka-z-ryflowanymi-frontami\/","title":{"rendered":"RIMINI K-242 Sm\u0117lin\u0117s pilkos\/matin\u0117s juodos spalvos komoda &#8211; MODERNI SPINTEL\u0116 SU GRIOVIUOTAIS PRIEKINIAIS"},"content":{"rendered":"<p>Baldo korpusas pagamintas i\u0161 18 mm storio matin\u0117s med\u017eio dro\u017eli\u0173 plok\u0161t\u0117s, laminuotos i\u0161 abiej\u0173 pusi\u0173, o fasadai \u2013 i\u0161 18 mm storio MDF plok\u0161t\u0117s. Visas baldas apdailintas 1 mm storio ABS briaunomis. Kojel\u0117s pagamintos i\u0161 juodo milteliniu b\u016bdu da\u017eyto plieno.<\/p>","protected":false},"excerpt":{"rendered":"<p>PLOTIS 241,6 cm, GYLIS 43 cm, AUK\u0160TIS 102 cm, MED\u017dIAGOS Med\u017eio dro\u017eli\u0173 plok\u0161t\u0117\/MDF, milteliniu b\u016bdu da\u017eytas plienas, PAVIR\u0160IUS Matinis, STILIUS Modernus, SVORIS SU PAKUOTE 102,4 kg, KITA Gaminys skirtas savaranki\u0161kam surinkimui su pateiktomis instrukcijomis<\/p>","protected":false},"featured_media":170185,"comment_status":"open","ping_status":"open","template":"","meta":[],"product_brand":[],"product_cat":[9525,1173,4109],"product_tag":[],"class_list":{"0":"post-170184","1":"product","2":"type-product","3":"status-publish","4":"has-post-thumbnail","6":"product_cat-furniture-system-rimini-mazzoni","7":"product_cat-chests-of-drawers","8":"product_cat-mazzoni","10":"first","11":"instock","12":"purchasable","13":"product-type-simple"},"_links":{"self":[{"href":"https:\/\/baldumarket.lt\/lt\/wp-json\/wp\/v2\/product\/170184","targetHints":{"allow":["GET"]}}],"collection":[{"href":"https:\/\/baldumarket.lt\/lt\/wp-json\/wp\/v2\/product"}],"about":[{"href":"https:\/\/baldumarket.lt\/lt\/wp-json\/wp\/v2\/types\/product"}],"replies":[{"embeddable":true,"href":"https:\/\/baldumarket.lt\/lt\/wp-json\/wp\/v2\/comments?post=170184"}],"wp:featuredmedia":[{"embeddable":true,"href":"https:\/\/baldumarket.lt\/lt\/wp-json\/wp\/v2\/media\/170185"}],"wp:attachment":[{"href":"https:\/\/baldumarket.lt\/lt\/wp-json\/wp\/v2\/media?parent=170184"}],"wp:term":[{"taxonomy":"product_brand","embeddable":true,"href":"https:\/\/baldumarket.lt\/lt\/wp-json\/wp\/v2\/product_brand?post=170184"},{"taxonomy":"product_cat","embeddable":true,"href":"https:\/\/baldumarket.lt\/lt\/wp-json\/wp\/v2\/product_cat?post=170184"},{"taxonomy":"product_tag","embeddable":true,"href":"https:\/\/baldumarket.lt\/lt\/wp-json\/wp\/v2\/product_tag?post=170184"}],"curies":[{"name":"wp","href":"https:\/\/api.w.org\/{rel}","templated":true}]}}