{"id":170088,"date":"2025-12-19T21:31:01","date_gmt":"2025-12-19T18:31:01","guid":{"rendered":"https:\/\/baldumarket.lt\/product\/roxy-dab-naturalny-stelaz-czarny-stol-prostokatny-drewniany-120x80-cm-do-kuchni-jadalni-retro\/"},"modified":"2026-02-10T10:40:15","modified_gmt":"2026-02-10T07:40:15","slug":"roxy-dab-naturalny-stelaz-czarny-stol-prostokatny-drewniany-120x80-cm-do-kuchni-jadalni-retro","status":"publish","type":"product","link":"https:\/\/baldumarket.lt\/lt\/product\/roxy-dab-naturalny-stelaz-czarny-stol-prostokatny-drewniany-120x80-cm-do-kuchni-jadalni-retro\/","title":{"rendered":"ROXY nat\u016bralaus \u0105\u017euolo\/juodo r\u0117mo &#8211; sta\u010diakampis medinis stalas 120&#215;80 cm retro virtuvei\/valgomajam"},"content":{"rendered":"<p>Kompakti\u0161kas sta\u010diakampis stalas, puikiai tinkantis ma\u017eoms virtuv\u0117ms ir valgomiesiems.<br \/>\nMinimalistin\u0117 forma ir kruop\u0161ti apdaila pabr\u0117\u017eia modern\u0173 dizain\u0105, o tvirta konstrukcija u\u017etikrina patvarum\u0105 ir stabilum\u0105.<br \/>\nD\u0117l optimali\u0173 matmen\u0173 stalas suteikia patogi\u0105 erdv\u0119 kasdieniams pietums, darbui ar kavos susitikimams, neu\u017eimdamas per daug vietos. ROXY derina FUNKCIONALUM\u0104 ir estetik\u0105, papildydamas \u012fvairius interjero dizainus.<br \/>\n_______<br \/>\nStalo pagrindas ir kojos pagamintos i\u0161 lakuotos kau\u010diukmed\u017eio medienos, o stalvir\u0161is \u2013 i\u0161 \u0105\u017euolo faneros (nat\u016bralaus luk\u0161to).<\/p>","protected":false},"excerpt":{"rendered":"<p>PLOTIS 120 cm, GYLIS 80 cm, AUK\u0160TIS 76 cm, STALVIR\u0160IAUS FORMA Sta\u010diakampis, MED\u017dIAGOS \u0104\u017euolo fanera + kau\u010diukmedis, STILIUS Modernus \/ Skandinavi\u0161kas \/ Klasikinis, SVORIS SU PAKUOTE 22 kg, KITA Gaminys skirtas savaranki\u0161kam surinkimui su pateiktomis instrukcijomis<\/p>","protected":false},"featured_media":170089,"comment_status":"open","ping_status":"open","template":"","meta":[],"product_brand":[],"product_cat":[9520,4109,1934],"product_tag":[],"class_list":{"0":"post-170088","1":"product","2":"type-product","3":"status-publish","4":"has-post-thumbnail","6":"product_cat-tables-mazzoni","7":"product_cat-mazzoni","8":"product_cat-tables","10":"first","11":"instock","12":"purchasable","13":"product-type-simple"},"_links":{"self":[{"href":"https:\/\/baldumarket.lt\/lt\/wp-json\/wp\/v2\/product\/170088","targetHints":{"allow":["GET"]}}],"collection":[{"href":"https:\/\/baldumarket.lt\/lt\/wp-json\/wp\/v2\/product"}],"about":[{"href":"https:\/\/baldumarket.lt\/lt\/wp-json\/wp\/v2\/types\/product"}],"replies":[{"embeddable":true,"href":"https:\/\/baldumarket.lt\/lt\/wp-json\/wp\/v2\/comments?post=170088"}],"wp:featuredmedia":[{"embeddable":true,"href":"https:\/\/baldumarket.lt\/lt\/wp-json\/wp\/v2\/media\/170089"}],"wp:attachment":[{"href":"https:\/\/baldumarket.lt\/lt\/wp-json\/wp\/v2\/media?parent=170088"}],"wp:term":[{"taxonomy":"product_brand","embeddable":true,"href":"https:\/\/baldumarket.lt\/lt\/wp-json\/wp\/v2\/product_brand?post=170088"},{"taxonomy":"product_cat","embeddable":true,"href":"https:\/\/baldumarket.lt\/lt\/wp-json\/wp\/v2\/product_cat?post=170088"},{"taxonomy":"product_tag","embeddable":true,"href":"https:\/\/baldumarket.lt\/lt\/wp-json\/wp\/v2\/product_tag?post=170088"}],"curies":[{"name":"wp","href":"https:\/\/api.w.org\/{rel}","templated":true}]}}