{"id":170080,"date":"2025-12-19T21:30:51","date_gmt":"2025-12-19T18:30:51","guid":{"rendered":"https:\/\/baldumarket.lt\/product\/avery-dab-craft-zloty-dol-bialy-stol-loftowy-industrialny-do-salonu-jadalni-rozkladany-2-rozmiary\/"},"modified":"2026-02-10T10:40:15","modified_gmt":"2026-02-10T07:40:15","slug":"avery-dab-craft-zloty-dol-bialy-stol-loftowy-industrialny-do-salonu-jadalni-rozkladany-2-rozmiary","status":"publish","type":"product","link":"https:\/\/baldumarket.lt\/lt\/product\/avery-dab-craft-zloty-dol-bialy-stol-loftowy-industrialny-do-salonu-jadalni-rozkladany-2-rozmiary\/","title":{"rendered":"AVERY Gold Craft \u0105\u017euolo\/baltu dugnu \u2013 PAL\u0116P\u0116S\/PRAMONINIS STALAS SVETAINEI\/VALGOMAJAM, I\u0160TRAUKIAMAS \u2013 2 DYD\u017dIAI!"},"content":{"rendered":"<p>Stalas pagamintas i\u0161 matin\u0117s med\u017eio dro\u017eli\u0173 plok\u0161t\u0117s, laminuotos i\u0161 abiej\u0173 pusi\u0173, 18 mm storio (vir\u0161us + \u012fd\u0117klai) ir 18 mm storio (po vir\u0161utine d\u0117\u017ee). Vir\u0161us papildomai pastorintas iki 36 mm \u0161onuose ir apklijuotas 1 mm ABS briauna.<br \/>\nPapildomos savyb\u0117s: milteliniu b\u016bdu da\u017eytos metalin\u0117s kojel\u0117s (kojos skerspj\u016bvis: 8 x 2 cm) ir centre esanti V formos atramin\u0117 koja (pagaminta i\u0161 tos pa\u010dios med\u017eiagos).<br \/>\nPrailginimo \u012fd\u0117klai yra specialiame \u201csaugojimo\u201d skyriuje po stalvir\u0161iu, tod\u0117l jie visada yra pasiekiami prailginant stal\u0105 ir j\u0173 nereikia laikyti atskirai.<br \/>\nSiuntos matmenys ir svoriai (140 \u00d7 90 cm):<br \/>\n1) 94 x 82,5 x 8,5 cm (22 kg)<br \/>\n2) 94 x 62,5 x 6,5 cm (19 kg)<br \/>\n3) 106,5 x 69,5 x 5 cm (13,5 kg)<br \/>\n4) 104 x 23,5 x 11 cm (14 kg)<br \/>\n5) 86 x 90 x 9,5 cm (12 kg)<br \/>\nSiuntos matmenys ir svoriai (180 \u00d7 90 cm):<br \/>\n1) 94 x 102,5 x 8,5 cm (27 kg)<br \/>\n2) 94 x 62,5 x 7 cm (19 kg)<br \/>\n3) 106,5 x 69,5 x 5 cm (13,5 kg)<br \/>\n4) 104 x 23,5 x 11 cm (14 kg)<br \/>\n5) 91,5 x 86 x 8,5 cm (13,2 kg)<br \/>\nSiekiant didesnio saugumo, siunta gabenama ant pale\u010di\u0173.<br \/>\nDaugiau informacijos apie pristatym\u0105 rasite skiltyje \u201cMok\u0117jimas ir pristatymas\u201d.<\/p>","protected":false},"excerpt":{"rendered":"<p>PLOTIS 140 cm \/ 190 cm \/ 240 cm \/ 290 cm 180 cm \/ 230 cm \/ 280 cm \/ 330 cm, GYLIS 90 cm, AUK\u0160TIS 76 cm, \u012eD\u0116KL\u0172 SKAI\u010cIUS 3 vnt. x 50 cm (pasl\u0117pta po stalvir\u0161iu), FUNKCIJA I\u0161traukiamas stalvir\u0161is, PAVIR\u0160IUS Matinis, STILIUS Loft \/ Industrial, SVORIS SU PAKUOTE 80,5 kg | 86,7 kg<\/p>","protected":false},"featured_media":170081,"comment_status":"open","ping_status":"open","template":"","meta":[],"product_brand":[],"product_cat":[9520,4109,1934],"product_tag":[],"class_list":{"0":"post-170080","1":"product","2":"type-product","3":"status-publish","4":"has-post-thumbnail","6":"product_cat-tables-mazzoni","7":"product_cat-mazzoni","8":"product_cat-tables","10":"first","11":"instock","12":"purchasable","13":"product-type-simple"},"_links":{"self":[{"href":"https:\/\/baldumarket.lt\/lt\/wp-json\/wp\/v2\/product\/170080","targetHints":{"allow":["GET"]}}],"collection":[{"href":"https:\/\/baldumarket.lt\/lt\/wp-json\/wp\/v2\/product"}],"about":[{"href":"https:\/\/baldumarket.lt\/lt\/wp-json\/wp\/v2\/types\/product"}],"replies":[{"embeddable":true,"href":"https:\/\/baldumarket.lt\/lt\/wp-json\/wp\/v2\/comments?post=170080"}],"wp:featuredmedia":[{"embeddable":true,"href":"https:\/\/baldumarket.lt\/lt\/wp-json\/wp\/v2\/media\/170081"}],"wp:attachment":[{"href":"https:\/\/baldumarket.lt\/lt\/wp-json\/wp\/v2\/media?parent=170080"}],"wp:term":[{"taxonomy":"product_brand","embeddable":true,"href":"https:\/\/baldumarket.lt\/lt\/wp-json\/wp\/v2\/product_brand?post=170080"},{"taxonomy":"product_cat","embeddable":true,"href":"https:\/\/baldumarket.lt\/lt\/wp-json\/wp\/v2\/product_cat?post=170080"},{"taxonomy":"product_tag","embeddable":true,"href":"https:\/\/baldumarket.lt\/lt\/wp-json\/wp\/v2\/product_tag?post=170080"}],"curies":[{"name":"wp","href":"https:\/\/api.w.org\/{rel}","templated":true}]}}