{"id":169952,"date":"2025-12-19T21:25:53","date_gmt":"2025-12-19T18:25:53","guid":{"rendered":"https:\/\/baldumarket.lt\/product\/bari-dab-naturalny-180x90-cm-2-wkladki-45-cm-stol-drewniany-w-stylu-japandi-skandynawskim-rozkladany-do-270-cm\/"},"modified":"2026-02-10T10:39:58","modified_gmt":"2026-02-10T07:39:58","slug":"bari-dab-naturalny-180x90-cm-2-wkladki-45-cm-stol-drewniany-w-stylu-japandi-skandynawskim-rozkladany-do-270-cm","status":"publish","type":"product","link":"https:\/\/baldumarket.lt\/lt\/product\/bari-dab-naturalny-180x90-cm-2-wkladki-45-cm-stol-drewniany-w-stylu-japandi-skandynawskim-rozkladany-do-270-cm\/","title":{"rendered":"BARI nat\u016bralaus \u0105\u017euolo 180&#215;90 cm (+2 \u012fd\u0117klai po 45 cm) &#8211; MEDINIS JAPONI\u0160KO \/ SKANDINAVI\u0160KO STILIAUS STALAS, I\u0160PL\u0116S\u010cIAMAS IKI 270 cm!"},"content":{"rendered":"<p>Stalvir\u0161is pagamintas i\u0161 20 mm storio faneruotos med\u017eio dro\u017eli\u0173 plok\u0161t\u0117s (\u0105\u017euolo faneros), o r\u0117mas ir kojel\u0117s \u2013 i\u0161 tvirtos \u0105\u017euolo medienos. Kojeli\u0173 storis yra 36 mm, tod\u0117l jos labai stabilios. Visos dalys papildomai apsaugotos auk\u0161tos kokyb\u0117s skaidriu laku, kuris apsaugo pavir\u0161i\u0173 nuo \u012fbr\u0117\u017eim\u0173.<br \/>\nSVARBU: Prailginimo \u012fd\u0117klai yra specialiame \u201csaugojimo skyriuje\u201d po stalvir\u0161iu, tod\u0117l jie visada yra pasiekiami prailginant stal\u0105 ir j\u0173 nereikia laikyti atskirai.<br \/>\nPASTABA: Prailginim\u0173 \u012fd\u0117kl\u0173 spalva gali \u0161iek tiek skirtis nuo stalvir\u0161io spalvos, nes jie da\u017eomi atskirai stalo gamybos proceso metu.<br \/>\nStalas gabenamas ant pad\u0117klo keturiose pakuot\u0117se, tinkamai pritvirtintose transportavimui.<br \/>\nPakuot\u0117s matmenys ir svoris:<br \/>\n95 x 95 x 7 cm (21,0 kg)<br \/>\n95 x 49 x 7 cm (11,0 kg)<br \/>\n177 x 87 x 10 cm (19,5 kg)<br \/>\n92 x 26 x 10 cm (9,1 kg)<br \/>\nDaugiau informacijos apie pristatym\u0105 rasite skiltyje \u201cMok\u0117jimas ir pristatymas\u201d.<\/p>","protected":false},"excerpt":{"rendered":"<p>PLOTIS 180 cm \/ 225 cm \/ 270 cm, GYLIS 90 cm, AUK\u0160TIS 76 cm, \u012eD\u0116KL\u0172 SKAI\u010cIUS 2 vnt. x 45 cm (pasl\u0117pta po stalvir\u0161iu), FUNKCIJA I\u0161traukiamas stalvir\u0161is, PAVIR\u0160IUS Matinis, STILIUS Japoni\u0161kas \/ Skandinavi\u0161kas, SVORIS SU PAKUOTE 55 kg, KITA I\u0161 dalies surinktas gaminys, skirtas savaranki\u0161kam surinkimui, su pateiktomis instrukcijomis<\/p>","protected":false},"featured_media":169953,"comment_status":"open","ping_status":"open","template":"","meta":[],"product_brand":[],"product_cat":[9520,4109,1934],"product_tag":[],"class_list":{"0":"post-169952","1":"product","2":"type-product","3":"status-publish","4":"has-post-thumbnail","6":"product_cat-tables-mazzoni","7":"product_cat-mazzoni","8":"product_cat-tables","10":"first","11":"instock","12":"purchasable","13":"product-type-simple"},"_links":{"self":[{"href":"https:\/\/baldumarket.lt\/lt\/wp-json\/wp\/v2\/product\/169952","targetHints":{"allow":["GET"]}}],"collection":[{"href":"https:\/\/baldumarket.lt\/lt\/wp-json\/wp\/v2\/product"}],"about":[{"href":"https:\/\/baldumarket.lt\/lt\/wp-json\/wp\/v2\/types\/product"}],"replies":[{"embeddable":true,"href":"https:\/\/baldumarket.lt\/lt\/wp-json\/wp\/v2\/comments?post=169952"}],"wp:featuredmedia":[{"embeddable":true,"href":"https:\/\/baldumarket.lt\/lt\/wp-json\/wp\/v2\/media\/169953"}],"wp:attachment":[{"href":"https:\/\/baldumarket.lt\/lt\/wp-json\/wp\/v2\/media?parent=169952"}],"wp:term":[{"taxonomy":"product_brand","embeddable":true,"href":"https:\/\/baldumarket.lt\/lt\/wp-json\/wp\/v2\/product_brand?post=169952"},{"taxonomy":"product_cat","embeddable":true,"href":"https:\/\/baldumarket.lt\/lt\/wp-json\/wp\/v2\/product_cat?post=169952"},{"taxonomy":"product_tag","embeddable":true,"href":"https:\/\/baldumarket.lt\/lt\/wp-json\/wp\/v2\/product_tag?post=169952"}],"curies":[{"name":"wp","href":"https:\/\/api.w.org\/{rel}","templated":true}]}}