{"id":169922,"date":"2025-12-19T21:25:16","date_gmt":"2025-12-19T18:25:16","guid":{"rendered":"https:\/\/baldumarket.lt\/product\/tivo-dab-wotan-bialy-stol-rozkladany-skandynawski-do-salonu-jadalni-kuchni-retro\/"},"modified":"2026-02-10T10:39:58","modified_gmt":"2026-02-10T07:39:58","slug":"tivo-dab-wotan-bialy-stol-rozkladany-skandynawski-do-salonu-jadalni-kuchni-retro","status":"publish","type":"product","link":"https:\/\/baldumarket.lt\/lt\/product\/tivo-dab-wotan-bialy-stol-rozkladany-skandynawski-do-salonu-jadalni-kuchni-retro\/","title":{"rendered":"TIVO Wotan \u0105\u017euolas\/baltas &#8211; SKANDINAVINIO STILIUS I\u0160TRAUKIAMAS STALAS SVETAINEI \/ VALGOMAJAM \/ RETRO VIRTUVEI"},"content":{"rendered":"<p>Stalvir\u0161is pagamintas i\u0161 matin\u0117s med\u017eio dro\u017eli\u0173 plok\u0161t\u0117s, laminuotos i\u0161 abiej\u0173 pusi\u0173, su ABS apvadais.<br \/>\nStalo kojos pagamintos i\u0161 tvirtos buko medienos su lakuota apdaila.<br \/>\nPRAT\u0118SIMO METODAS<br \/>\nRutuliniai guoliai leid\u017eia lengvai prailginti stal\u0105 dar 40 cm, naudojant \u012fd\u0117kl\u0105 po stalvir\u0161iu.<\/p>","protected":false},"excerpt":{"rendered":"<p>PLOTIS 120 cm, GYLIS 73 cm, AUK\u0160TIS 76 cm, \u012eD\u0116KL\u0172 SKAI\u010cIUS 1 vnt. x 40 cm (pasl\u0117pta po stalvir\u0161iu), PAVIR\u0160IUS Matinis, STILIUS Modernus \/ Skandinavi\u0161kas \/ Klasikinis, SVORIS SU PAKUOTE 35 kg, KITA Gaminys skirtas savaranki\u0161kam surinkimui su prid\u0117tomis instrukcijomis<\/p>","protected":false},"featured_media":169923,"comment_status":"open","ping_status":"open","template":"","meta":[],"product_brand":[],"product_cat":[9520,4109,1934],"product_tag":[],"class_list":{"0":"post-169922","1":"product","2":"type-product","3":"status-publish","4":"has-post-thumbnail","6":"product_cat-tables-mazzoni","7":"product_cat-mazzoni","8":"product_cat-tables","10":"first","11":"instock","12":"purchasable","13":"product-type-simple"},"_links":{"self":[{"href":"https:\/\/baldumarket.lt\/lt\/wp-json\/wp\/v2\/product\/169922","targetHints":{"allow":["GET"]}}],"collection":[{"href":"https:\/\/baldumarket.lt\/lt\/wp-json\/wp\/v2\/product"}],"about":[{"href":"https:\/\/baldumarket.lt\/lt\/wp-json\/wp\/v2\/types\/product"}],"replies":[{"embeddable":true,"href":"https:\/\/baldumarket.lt\/lt\/wp-json\/wp\/v2\/comments?post=169922"}],"wp:featuredmedia":[{"embeddable":true,"href":"https:\/\/baldumarket.lt\/lt\/wp-json\/wp\/v2\/media\/169923"}],"wp:attachment":[{"href":"https:\/\/baldumarket.lt\/lt\/wp-json\/wp\/v2\/media?parent=169922"}],"wp:term":[{"taxonomy":"product_brand","embeddable":true,"href":"https:\/\/baldumarket.lt\/lt\/wp-json\/wp\/v2\/product_brand?post=169922"},{"taxonomy":"product_cat","embeddable":true,"href":"https:\/\/baldumarket.lt\/lt\/wp-json\/wp\/v2\/product_cat?post=169922"},{"taxonomy":"product_tag","embeddable":true,"href":"https:\/\/baldumarket.lt\/lt\/wp-json\/wp\/v2\/product_tag?post=169922"}],"curies":[{"name":"wp","href":"https:\/\/api.w.org\/{rel}","templated":true}]}}