{"id":169900,"date":"2025-12-19T21:24:42","date_gmt":"2025-12-19T18:24:42","guid":{"rendered":"https:\/\/baldumarket.lt\/product\/hugo-dab-brazowy-pomocnik-2w1-na-kolkach-nozkach-mobilny-stolik-pomocniczy-do-salonu-sypialni-pokoju-dzieciecego\/"},"modified":"2026-02-03T23:29:14","modified_gmt":"2026-02-03T20:29:14","slug":"hugo-dab-brazowy-pomocnik-2w1-na-kolkach-nozkach-mobilny-stolik-pomocniczy-do-salonu-sypialni-pokoju-dzieciecego","status":"publish","type":"product","link":"https:\/\/baldumarket.lt\/lt\/product\/hugo-dab-brazowy-pomocnik-2w1-na-kolkach-nozkach-mobilny-stolik-pomocniczy-do-salonu-sypialni-pokoju-dzieciecego\/","title":{"rendered":"HUGO rudas \u0105\u017euolas \u2013 2 viename \u0161oninis staliukas ant ratuk\u0173\/koj\u0173 \u2013 mobilus \u0161oninis staliukas svetainei\/miegamajam\/vaik\u0173 kambariui"},"content":{"rendered":"<p>Baldas pagamintas i\u0161 18 mm storio matin\u0117s med\u017eio dro\u017eli\u0173 plok\u0161t\u0117s, laminuotos i\u0161 abiej\u0173 pusi\u0173, apdailintos 1 mm ABS kra\u0161tais.<br \/>\nKomplekt\u0105 sudaro abu ratukai (4 vnt. \u2013 du su fiksavimo mechanizmais) ir kojel\u0117s.<br \/>\nPakuot\u0117s matmenys: 67 x 45 x 9 cm<\/p>","protected":false},"excerpt":{"rendered":"<p>PLOTIS 40 cm, GYLIS 40 cm, AUK\u0160TIS 70,5 cm (su ratukais) \/ 66 cm (su kojel\u0117mis), MED\u017dIAGOS Med\u017eio dro\u017eli\u0173 plok\u0161t\u0117, PAVIR\u0160IUS Matinis, STILIUS Modernus, SVORIS SU PAKUOTE 9 kg<\/p>","protected":false},"featured_media":169901,"comment_status":"open","ping_status":"open","template":"","meta":[],"product_brand":[],"product_cat":[4109,1934],"product_tag":[],"class_list":{"0":"post-169900","1":"product","2":"type-product","3":"status-publish","4":"has-post-thumbnail","6":"product_cat-mazzoni","7":"product_cat-tables","9":"first","10":"instock","11":"purchasable","12":"product-type-simple"},"_links":{"self":[{"href":"https:\/\/baldumarket.lt\/lt\/wp-json\/wp\/v2\/product\/169900","targetHints":{"allow":["GET"]}}],"collection":[{"href":"https:\/\/baldumarket.lt\/lt\/wp-json\/wp\/v2\/product"}],"about":[{"href":"https:\/\/baldumarket.lt\/lt\/wp-json\/wp\/v2\/types\/product"}],"replies":[{"embeddable":true,"href":"https:\/\/baldumarket.lt\/lt\/wp-json\/wp\/v2\/comments?post=169900"}],"wp:featuredmedia":[{"embeddable":true,"href":"https:\/\/baldumarket.lt\/lt\/wp-json\/wp\/v2\/media\/169901"}],"wp:attachment":[{"href":"https:\/\/baldumarket.lt\/lt\/wp-json\/wp\/v2\/media?parent=169900"}],"wp:term":[{"taxonomy":"product_brand","embeddable":true,"href":"https:\/\/baldumarket.lt\/lt\/wp-json\/wp\/v2\/product_brand?post=169900"},{"taxonomy":"product_cat","embeddable":true,"href":"https:\/\/baldumarket.lt\/lt\/wp-json\/wp\/v2\/product_cat?post=169900"},{"taxonomy":"product_tag","embeddable":true,"href":"https:\/\/baldumarket.lt\/lt\/wp-json\/wp\/v2\/product_tag?post=169900"}],"curies":[{"name":"wp","href":"https:\/\/api.w.org\/{rel}","templated":true}]}}