{"id":169871,"date":"2025-12-19T21:24:05","date_gmt":"2025-12-19T18:24:05","guid":{"rendered":"https:\/\/baldumarket.lt\/product\/roxy-dab-naturalny-stol-okragly-drewniany-do-kuchni-jadalni-retro\/"},"modified":"2026-02-10T10:39:58","modified_gmt":"2026-02-10T07:39:58","slug":"roxy-dab-naturalny-stol-okragly-drewniany-do-kuchni-jadalni-retro","status":"publish","type":"product","link":"https:\/\/baldumarket.lt\/lt\/product\/roxy-dab-naturalny-stol-okragly-drewniany-do-kuchni-jadalni-retro\/","title":{"rendered":"ROXY Natural Oak &#8211; APVALUS MEDINIS STALAS VIRTUVEI\/VALGOMAJAM RETRO STILIUI"},"content":{"rendered":"<p>ROXY stalas yra eleganti\u0161kas ir FUNKCIONALUS, pasi\u017eymintis moderniu dizainu. Apvalus stalvir\u0161is u\u017etikrina komfort\u0105 ir palengvina bendravim\u0105 su prie jo s\u0117din\u010diaisiais.<br \/>\nTvirta konstrukcija remiasi \u012f stabilias, \u0161iek tiek smail\u0117jan\u010dias kojeles, suteikian\u010dias jai lengvumo ir harmoningumo poj\u016bt\u012f.<br \/>\nKlasikinio meistri\u0161kumo ir modernaus stiliaus derinys paver\u010dia ROXY stal\u0105 puikiu priedu tiek nam\u0173 valgomiesiems, tiek kavin\u0117ms ir biurams.<br \/>\n_______<br \/>\nStalo pagrindas ir kojos pagamintos i\u0161 lakuotos kau\u010diukmed\u017eio medienos, o stalvir\u0161is \u2013 i\u0161 \u0105\u017euolo faneros (nat\u016bralaus luk\u0161to).<\/p>","protected":false},"excerpt":{"rendered":"<p>PLOTIS 105 cm, GYLIS 105 cm, AUK\u0160TIS 76 cm VIR\u0160UTIN\u0116 FORMA Apvali, MED\u017dIAGOS \u0104\u017euolo fanera + kau\u010diukmedis, STILIUS Modernus \/ Skandinavi\u0161kas \/ Klasikinis, SVORIS SU PAKUOTE 19,3 kg<\/p>","protected":false},"featured_media":169872,"comment_status":"open","ping_status":"open","template":"","meta":[],"product_brand":[],"product_cat":[9520,4109,1934],"product_tag":[],"class_list":{"0":"post-169871","1":"product","2":"type-product","3":"status-publish","4":"has-post-thumbnail","6":"product_cat-tables-mazzoni","7":"product_cat-mazzoni","8":"product_cat-tables","10":"first","11":"instock","12":"purchasable","13":"product-type-simple"},"_links":{"self":[{"href":"https:\/\/baldumarket.lt\/lt\/wp-json\/wp\/v2\/product\/169871","targetHints":{"allow":["GET"]}}],"collection":[{"href":"https:\/\/baldumarket.lt\/lt\/wp-json\/wp\/v2\/product"}],"about":[{"href":"https:\/\/baldumarket.lt\/lt\/wp-json\/wp\/v2\/types\/product"}],"replies":[{"embeddable":true,"href":"https:\/\/baldumarket.lt\/lt\/wp-json\/wp\/v2\/comments?post=169871"}],"wp:featuredmedia":[{"embeddable":true,"href":"https:\/\/baldumarket.lt\/lt\/wp-json\/wp\/v2\/media\/169872"}],"wp:attachment":[{"href":"https:\/\/baldumarket.lt\/lt\/wp-json\/wp\/v2\/media?parent=169871"}],"wp:term":[{"taxonomy":"product_brand","embeddable":true,"href":"https:\/\/baldumarket.lt\/lt\/wp-json\/wp\/v2\/product_brand?post=169871"},{"taxonomy":"product_cat","embeddable":true,"href":"https:\/\/baldumarket.lt\/lt\/wp-json\/wp\/v2\/product_cat?post=169871"},{"taxonomy":"product_tag","embeddable":true,"href":"https:\/\/baldumarket.lt\/lt\/wp-json\/wp\/v2\/product_tag?post=169871"}],"curies":[{"name":"wp","href":"https:\/\/api.w.org\/{rel}","templated":true}]}}