{"id":169857,"date":"2025-12-19T21:23:48","date_gmt":"2025-12-19T18:23:48","guid":{"rendered":"https:\/\/baldumarket.lt\/product\/roxy-czarny-stol-lamany-drewniany-do-kuchni-jadalni-rozkladany-retro\/"},"modified":"2026-02-10T10:39:58","modified_gmt":"2026-02-10T07:39:58","slug":"roxy-czarny-stol-lamany-drewniany-do-kuchni-jadalni-rozkladany-retro","status":"publish","type":"product","link":"https:\/\/baldumarket.lt\/lt\/product\/roxy-czarny-stol-lamany-drewniany-do-kuchni-jadalni-rozkladany-retro\/","title":{"rendered":"ROXY Black \u2013 MEDINIS SULANKSTOMAS STALAS VIRTUVEI\/VALGOMAJAM, RETRO STILIUS, I\u0160PL\u0116STAMA"},"content":{"rendered":"<p>Kompakti\u0161kas stalas virtuvei ar valgomajam, kur\u012f galima lengvai i\u0161pl\u0117sti pagal poreik\u012f d\u0117l i\u0161traukiamo stalvir\u0161io.<br \/>\nJis puikiai tinka ribotos erdv\u0117s kambariams, kur neu\u017eims daug vietos, ta\u010diau vis tiek leis patogiai valgyti ar dirbti (pvz., su ne\u0161iojamuoju kompiuteriu).<br \/>\nTvirta konstrukcija ir kruop\u0161ti apdaila garantuoja ilgaam\u017ei\u0161kum\u0105 ir esteti\u0161kai patraukli\u0105 i\u0161vaizd\u0105. ROXY i\u0161traukiamas stalas derina modern\u0173 dizain\u0105 ir prakti\u0161kum\u0105, tod\u0117l tai puikus pasirinkimas bet kuriai ma\u017eai virtuvei ar valgomajam.<br \/>\n_______<br \/>\nStalo pagrindas ir kojos pagamintos i\u0161 lakuotos kau\u010diukmed\u017eio medienos, o stalvir\u0161is \u2013 i\u0161 \u0105\u017euolo faneros (nat\u016bralaus luk\u0161to).<\/p>","protected":false},"excerpt":{"rendered":"<p>PLOTIS 80 cm \/ 120 cm, GYLIS 80 cm, AUK\u0160TIS 76 cm, STALVIR\u0160IAUS FORMA Kvadratinis \/ Sta\u010diakampis, MED\u017dIAGOS \u0104\u017euolo fanera + kau\u010diukmedis, STILIUS Modernus \/ Skandinavi\u0161kas \/ Klasikinis, SVORIS SU PAKUOTE 21,6 kg<\/p>","protected":false},"featured_media":169858,"comment_status":"open","ping_status":"open","template":"","meta":[],"product_brand":[],"product_cat":[9520,4109,1934],"product_tag":[],"class_list":{"0":"post-169857","1":"product","2":"type-product","3":"status-publish","4":"has-post-thumbnail","6":"product_cat-tables-mazzoni","7":"product_cat-mazzoni","8":"product_cat-tables","10":"first","11":"instock","12":"purchasable","13":"product-type-simple"},"_links":{"self":[{"href":"https:\/\/baldumarket.lt\/lt\/wp-json\/wp\/v2\/product\/169857","targetHints":{"allow":["GET"]}}],"collection":[{"href":"https:\/\/baldumarket.lt\/lt\/wp-json\/wp\/v2\/product"}],"about":[{"href":"https:\/\/baldumarket.lt\/lt\/wp-json\/wp\/v2\/types\/product"}],"replies":[{"embeddable":true,"href":"https:\/\/baldumarket.lt\/lt\/wp-json\/wp\/v2\/comments?post=169857"}],"wp:featuredmedia":[{"embeddable":true,"href":"https:\/\/baldumarket.lt\/lt\/wp-json\/wp\/v2\/media\/169858"}],"wp:attachment":[{"href":"https:\/\/baldumarket.lt\/lt\/wp-json\/wp\/v2\/media?parent=169857"}],"wp:term":[{"taxonomy":"product_brand","embeddable":true,"href":"https:\/\/baldumarket.lt\/lt\/wp-json\/wp\/v2\/product_brand?post=169857"},{"taxonomy":"product_cat","embeddable":true,"href":"https:\/\/baldumarket.lt\/lt\/wp-json\/wp\/v2\/product_cat?post=169857"},{"taxonomy":"product_tag","embeddable":true,"href":"https:\/\/baldumarket.lt\/lt\/wp-json\/wp\/v2\/product_tag?post=169857"}],"curies":[{"name":"wp","href":"https:\/\/api.w.org\/{rel}","templated":true}]}}