{"id":169807,"date":"2025-12-19T21:22:46","date_gmt":"2025-12-19T18:22:46","guid":{"rendered":"https:\/\/baldumarket.lt\/product\/roco-dab-sonoma-maly-stol-rozkladany-do-salonu-jadalni-kuchni\/"},"modified":"2026-02-03T23:29:14","modified_gmt":"2026-02-03T20:29:14","slug":"roco-dab-sonoma-maly-stol-rozkladany-do-salonu-jadalni-kuchni","status":"publish","type":"product","link":"https:\/\/baldumarket.lt\/lt\/product\/roco-dab-sonoma-maly-stol-rozkladany-do-salonu-jadalni-kuchni\/","title":{"rendered":"ROCO Sonoma \u0104\u017euolas \u2013 MA\u017dAS I\u0160TRAUKIAMAS STALIUKAS SVETAINEI \/ VALGOMAJAM \/ VIRTUVEI"},"content":{"rendered":"<p>Stalvir\u0161is pagamintas i\u0161 matin\u0117s med\u017eio dro\u017eli\u0173 plok\u0161t\u0117s, laminuotos i\u0161 abiej\u0173 pusi\u0173, apklijuotos ABS kra\u0161tais.<br \/>\nStalo kojos pagamintos i\u0161 MDF plok\u0161t\u0117s su folijos apdaila (kojeli\u0173 matmenys: 6 x 6 cm).<\/p>","protected":false},"excerpt":{"rendered":"<p>PLOTIS 115 cm \/ 155 cm, GYLIS 70 cm, AUK\u0160TIS 76 cm, PAVIR\u0160IUS Matinis, STILIUS Klasikinis, SVORIS SU PAKUOTE 44 kg, KITA Gaminys skirtas savaranki\u0161kam surinkimui su pateiktomis instrukcijomis<\/p>","protected":false},"featured_media":169808,"comment_status":"open","ping_status":"open","template":"","meta":[],"product_brand":[],"product_cat":[4109,1934],"product_tag":[],"class_list":{"0":"post-169807","1":"product","2":"type-product","3":"status-publish","4":"has-post-thumbnail","6":"product_cat-mazzoni","7":"product_cat-tables","9":"first","10":"instock","11":"purchasable","12":"product-type-simple"},"_links":{"self":[{"href":"https:\/\/baldumarket.lt\/lt\/wp-json\/wp\/v2\/product\/169807","targetHints":{"allow":["GET"]}}],"collection":[{"href":"https:\/\/baldumarket.lt\/lt\/wp-json\/wp\/v2\/product"}],"about":[{"href":"https:\/\/baldumarket.lt\/lt\/wp-json\/wp\/v2\/types\/product"}],"replies":[{"embeddable":true,"href":"https:\/\/baldumarket.lt\/lt\/wp-json\/wp\/v2\/comments?post=169807"}],"wp:featuredmedia":[{"embeddable":true,"href":"https:\/\/baldumarket.lt\/lt\/wp-json\/wp\/v2\/media\/169808"}],"wp:attachment":[{"href":"https:\/\/baldumarket.lt\/lt\/wp-json\/wp\/v2\/media?parent=169807"}],"wp:term":[{"taxonomy":"product_brand","embeddable":true,"href":"https:\/\/baldumarket.lt\/lt\/wp-json\/wp\/v2\/product_brand?post=169807"},{"taxonomy":"product_cat","embeddable":true,"href":"https:\/\/baldumarket.lt\/lt\/wp-json\/wp\/v2\/product_cat?post=169807"},{"taxonomy":"product_tag","embeddable":true,"href":"https:\/\/baldumarket.lt\/lt\/wp-json\/wp\/v2\/product_tag?post=169807"}],"curies":[{"name":"wp","href":"https:\/\/api.w.org\/{rel}","templated":true}]}}