{"id":169800,"date":"2025-12-19T21:22:38","date_gmt":"2025-12-19T18:22:38","guid":{"rendered":"https:\/\/baldumarket.lt\/product\/randal-dab-sonoma-bialy-mat-stol-rozkladany-prowansalski-do-salonu-jadalni-kuchni\/"},"modified":"2026-02-10T10:39:58","modified_gmt":"2026-02-10T07:39:58","slug":"randal-dab-sonoma-bialy-mat-stol-rozkladany-prowansalski-do-salonu-jadalni-kuchni","status":"publish","type":"product","link":"https:\/\/baldumarket.lt\/lt\/product\/randal-dab-sonoma-bialy-mat-stol-rozkladany-prowansalski-do-salonu-jadalni-kuchni\/","title":{"rendered":"RANDAL Sonoma \u0105\u017euolas\/matin\u0117 balta \u2013 PROVANSO STILIUS I\u0160TRAUKIAMAS STALAS SVETAINEI\/VALGOMAJAM\/VIRTUVEI"},"content":{"rendered":"<p>Stalvir\u0161is pagamintas i\u0161 matin\u0117s med\u017eio dro\u017eli\u0173 plok\u0161t\u0117s, laminuotos i\u0161 abiej\u0173 pusi\u0173, apdailintos 1 mm ABS briaunomis.<br \/>\nStalo kojos pagamintos i\u0161 tvirtos buko medienos su lakuota apdaila.<br \/>\nPRAT\u0118SIMO METODAS<br \/>\nSulankstytas \u012fd\u0117klas u\u017eima viet\u0105 po stalvir\u0161iu. Rutulinis guolis leid\u017eia lengvai i\u0161skleisti stal\u0105.<br \/>\n\u012ediegus \u012fd\u0117kl\u0105, stalvir\u0161io pavir\u0161ius padid\u0117ja iki 180 cm.<\/p>","protected":false},"excerpt":{"rendered":"<p>PLOTIS 138 cm \/ 180 cm, GYLIS 83 cm, AUK\u0160TIS 76 cm, PAVIR\u0160IUS Matinis, STILIUS Provanso, SVORIS SU PAKUOTE 42 kg, KITA Gaminys skirtas savaranki\u0161kam surinkimui su pateiktomis instrukcijomis<\/p>","protected":false},"featured_media":169801,"comment_status":"open","ping_status":"open","template":"","meta":[],"product_brand":[],"product_cat":[9520,4109,1934],"product_tag":[],"class_list":{"0":"post-169800","1":"product","2":"type-product","3":"status-publish","4":"has-post-thumbnail","6":"product_cat-tables-mazzoni","7":"product_cat-mazzoni","8":"product_cat-tables","10":"first","11":"instock","12":"purchasable","13":"product-type-simple"},"_links":{"self":[{"href":"https:\/\/baldumarket.lt\/lt\/wp-json\/wp\/v2\/product\/169800","targetHints":{"allow":["GET"]}}],"collection":[{"href":"https:\/\/baldumarket.lt\/lt\/wp-json\/wp\/v2\/product"}],"about":[{"href":"https:\/\/baldumarket.lt\/lt\/wp-json\/wp\/v2\/types\/product"}],"replies":[{"embeddable":true,"href":"https:\/\/baldumarket.lt\/lt\/wp-json\/wp\/v2\/comments?post=169800"}],"wp:featuredmedia":[{"embeddable":true,"href":"https:\/\/baldumarket.lt\/lt\/wp-json\/wp\/v2\/media\/169801"}],"wp:attachment":[{"href":"https:\/\/baldumarket.lt\/lt\/wp-json\/wp\/v2\/media?parent=169800"}],"wp:term":[{"taxonomy":"product_brand","embeddable":true,"href":"https:\/\/baldumarket.lt\/lt\/wp-json\/wp\/v2\/product_brand?post=169800"},{"taxonomy":"product_cat","embeddable":true,"href":"https:\/\/baldumarket.lt\/lt\/wp-json\/wp\/v2\/product_cat?post=169800"},{"taxonomy":"product_tag","embeddable":true,"href":"https:\/\/baldumarket.lt\/lt\/wp-json\/wp\/v2\/product_tag?post=169800"}],"curies":[{"name":"wp","href":"https:\/\/api.w.org\/{rel}","templated":true}]}}