{"id":169792,"date":"2025-12-19T21:22:28","date_gmt":"2025-12-19T18:22:28","guid":{"rendered":"https:\/\/baldumarket.lt\/product\/karo-dab-brazowy-czarny-mat-nowoczesny-stol-rozkladany-do-180-cm\/"},"modified":"2026-02-11T11:49:21","modified_gmt":"2026-02-11T08:49:21","slug":"karo-dab-brazowy-czarny-mat-nowoczesny-stol-rozkladany-do-180-cm","status":"publish","type":"product","link":"https:\/\/baldumarket.lt\/lt\/product\/karo-dab-brazowy-czarny-mat-nowoczesny-stol-rozkladany-do-180-cm\/","title":{"rendered":"KARO Rudas \u0105\u017euolas\/Matin\u0117 juoda \u2013 MODERNUS STALAS, IKI 180 CM ILGIO!"},"content":{"rendered":"<p>Visi stalo komponentai pagaminti i\u0161 auk\u0161tos kokyb\u0117s matin\u0117s med\u017eio dro\u017eli\u0173 plok\u0161t\u0117s, laminuotos i\u0161 abiej\u0173 pusi\u0173 ir apklijuotos 1 mm ABS briauna:<br \/>\n\u2013 vir\u0161us ir pagrindas pagaminti i\u0161 28 mm storio plok\u0161t\u0117s<br \/>\n\u2013 kojos pagamintos i\u0161 52 mm storio lentos<br \/>\n\u2013 lik\u0119 komponentai pagaminti i\u0161 18 mm storio plok\u0161t\u0117s<br \/>\nSVARBU: Prailginimo \u012fd\u0117klas laikomas specialioje \u201csaugykloje\u201d po stalvir\u0161iu, tod\u0117l j\u012f visada galima pasiekti prailginant stal\u0105 ir nereikia laikyti atskirai.<br \/>\nPakuot\u0117s matmenys ir svoris:<br \/>\n1. 103 x 76,5 x 6,5 cm (22,2 kg)<br \/>\n2. 104,5 x 56,5 x 8,5 cm (19,7 kg)<br \/>\n3. 113 x 45 x 11,5 cm (24,7 kg)<\/p>","protected":false},"excerpt":{"rendered":"<p>PLOTIS 140 cm \/ 180 cm, GYLIS 90 cm, AUK\u0160TIS 76 cm, \u012eD\u0116KL\u0172 SKAI\u010cIUS 1 vnt. x 40 cm (pasl\u0117pta po stalvir\u0161iu), FUNKCIJA I\u0161traukiamas stalvir\u0161is, PAVIR\u0160IUS Matinis, STILIUS Modernus, SVORIS SU PAKUOTE 66,6 kg<\/p>","protected":false},"featured_media":169793,"comment_status":"open","ping_status":"open","template":"","meta":[],"product_brand":[],"product_cat":[9520,4109,1934],"product_tag":[],"class_list":{"0":"post-169792","1":"product","2":"type-product","3":"status-publish","4":"has-post-thumbnail","6":"product_cat-tables-mazzoni","7":"product_cat-mazzoni","8":"product_cat-tables","10":"first","11":"instock","12":"purchasable","13":"product-type-simple"},"_links":{"self":[{"href":"https:\/\/baldumarket.lt\/lt\/wp-json\/wp\/v2\/product\/169792","targetHints":{"allow":["GET"]}}],"collection":[{"href":"https:\/\/baldumarket.lt\/lt\/wp-json\/wp\/v2\/product"}],"about":[{"href":"https:\/\/baldumarket.lt\/lt\/wp-json\/wp\/v2\/types\/product"}],"replies":[{"embeddable":true,"href":"https:\/\/baldumarket.lt\/lt\/wp-json\/wp\/v2\/comments?post=169792"}],"wp:featuredmedia":[{"embeddable":true,"href":"https:\/\/baldumarket.lt\/lt\/wp-json\/wp\/v2\/media\/169793"}],"wp:attachment":[{"href":"https:\/\/baldumarket.lt\/lt\/wp-json\/wp\/v2\/media?parent=169792"}],"wp:term":[{"taxonomy":"product_brand","embeddable":true,"href":"https:\/\/baldumarket.lt\/lt\/wp-json\/wp\/v2\/product_brand?post=169792"},{"taxonomy":"product_cat","embeddable":true,"href":"https:\/\/baldumarket.lt\/lt\/wp-json\/wp\/v2\/product_cat?post=169792"},{"taxonomy":"product_tag","embeddable":true,"href":"https:\/\/baldumarket.lt\/lt\/wp-json\/wp\/v2\/product_tag?post=169792"}],"curies":[{"name":"wp","href":"https:\/\/api.w.org\/{rel}","templated":true}]}}