{"id":169680,"date":"2025-12-19T21:20:03","date_gmt":"2025-12-19T18:20:03","guid":{"rendered":"https:\/\/baldumarket.lt\/product\/asti-p-dab-wotan-bialy-mat-nowoczesna-lawa-stolik-z-podnoszonym-blatem\/"},"modified":"2026-02-11T10:11:05","modified_gmt":"2026-02-11T07:11:05","slug":"asti-p-dab-wotan-bialy-mat-nowoczesna-lawa-stolik-z-podnoszonym-blatem","status":"publish","type":"product","link":"https:\/\/baldumarket.lt\/lt\/product\/asti-p-dab-wotan-bialy-mat-nowoczesna-lawa-stolik-z-podnoszonym-blatem\/","title":{"rendered":"ASTI-P Wotan \u0105\u017euolo\/matin\u0117s baltos spalvos \u2013 MODERNUS KAVOS STALIUKAS SU PAKELIAMU STALVIR\u0160IU"},"content":{"rendered":"<p>Kavos staliukas pagamintas i\u0161 auk\u0161tos kokyb\u0117s, 18 mm storio, matin\u0117s med\u017eio dro\u017eli\u0173 plok\u0161t\u0117s, laminuotos i\u0161 abiej\u0173 pusi\u0173, su 1 mm ABS kra\u0161tais. Matmenys ir svoris pakuot\u0117je: 110 x 64 x 9,5 cm (29 kg)<\/p>","protected":false},"excerpt":{"rendered":"<p>PLOTIS 100 cm, GYLIS 60 cm, AUK\u0160TIS 55 cm \/ 67 cm, MED\u017dIAGOS Med\u017eio dro\u017eli\u0173 plok\u0161t\u0117, FUNKCIJA Pakeliamas stalvir\u0161is (n\u0117ra, AUK\u0160\u010cIO reguliavimo), PAVIR\u0160IUS Matinis, STILIUS Modernus, SVORIS SU PAKUOTE 29 kg<\/p>","protected":false},"featured_media":169681,"comment_status":"open","ping_status":"open","template":"","meta":[],"product_brand":[],"product_cat":[9521,866,4109],"product_tag":[],"class_list":{"0":"post-169680","1":"product","2":"type-product","3":"status-publish","4":"has-post-thumbnail","6":"product_cat-transformer-tables-asti-p-mazzoni","7":"product_cat-coffee-tables","8":"product_cat-mazzoni","10":"first","11":"instock","12":"purchasable","13":"product-type-simple"},"_links":{"self":[{"href":"https:\/\/baldumarket.lt\/lt\/wp-json\/wp\/v2\/product\/169680","targetHints":{"allow":["GET"]}}],"collection":[{"href":"https:\/\/baldumarket.lt\/lt\/wp-json\/wp\/v2\/product"}],"about":[{"href":"https:\/\/baldumarket.lt\/lt\/wp-json\/wp\/v2\/types\/product"}],"replies":[{"embeddable":true,"href":"https:\/\/baldumarket.lt\/lt\/wp-json\/wp\/v2\/comments?post=169680"}],"wp:featuredmedia":[{"embeddable":true,"href":"https:\/\/baldumarket.lt\/lt\/wp-json\/wp\/v2\/media\/169681"}],"wp:attachment":[{"href":"https:\/\/baldumarket.lt\/lt\/wp-json\/wp\/v2\/media?parent=169680"}],"wp:term":[{"taxonomy":"product_brand","embeddable":true,"href":"https:\/\/baldumarket.lt\/lt\/wp-json\/wp\/v2\/product_brand?post=169680"},{"taxonomy":"product_cat","embeddable":true,"href":"https:\/\/baldumarket.lt\/lt\/wp-json\/wp\/v2\/product_cat?post=169680"},{"taxonomy":"product_tag","embeddable":true,"href":"https:\/\/baldumarket.lt\/lt\/wp-json\/wp\/v2\/product_tag?post=169680"}],"curies":[{"name":"wp","href":"https:\/\/api.w.org\/{rel}","templated":true}]}}