{"id":169656,"date":"2025-12-19T21:19:33","date_gmt":"2025-12-19T18:19:33","guid":{"rendered":"https:\/\/baldumarket.lt\/product\/szafka-vienna-rtv-135-1d-bialy-mat-czarny-z-ryflowanymi-frontami\/"},"modified":"2026-04-06T17:57:28","modified_gmt":"2026-04-06T14:57:28","slug":"szafka-vienna-rtv-135-1d-bialy-mat-czarny-z-ryflowanymi-frontami","status":"publish","type":"product","link":"https:\/\/baldumarket.lt\/lt\/product\/szafka-vienna-rtv-135-1d-bialy-mat-czarny-z-ryflowanymi-frontami\/","title":{"rendered":"VIENNA RTV spintel\u0117 135 1D matin\u0117 balta\/juoda &#8211; SU GRIOVIUOTAIS PRIEKINIAIS"},"content":{"rendered":"<p>Baldo korpusas pagamintas i\u0161 16 mm storio matin\u0117s med\u017eio dro\u017eli\u0173 plok\u0161t\u0117s, laminuotos i\u0161 abiej\u0173 pusi\u0173, o fasadai \u2013 i\u0161 18 arba 19 mm storio MDF plok\u0161t\u0117s. Visas baldas apdailintas 1 mm storio ABS briaunomis. Kojel\u0117s pagamintos i\u0161 juodo miltelinio da\u017eymo plieno.<\/p>","protected":false},"excerpt":{"rendered":"<p>PLOTIS 135 cm, GYLIS 42 cm, AUK\u0160TIS 48 cm, MED\u017dIAGOS Med\u017eio dro\u017eli\u0173 plok\u0161t\u0117\/MDF, stiklas, milteliniu b\u016bdu da\u017eytas plienas, PAVIR\u0160IUS Matinis, STILIUS Modernus \/ \u017davingas, SVORIS SU PAKUOTE 22 kg, KITA Gaminys skirtas savaranki\u0161kam surinkimui su pateiktomis instrukcijomis<\/p>","protected":false},"featured_media":169657,"comment_status":"open","ping_status":"open","template":"","meta":[],"product_brand":[],"product_cat":[9544,4109,1175],"product_tag":[],"class_list":{"0":"post-169656","1":"product","2":"type-product","3":"status-publish","4":"has-post-thumbnail","6":"product_cat-furniture-system-vienna-mazzoni","7":"product_cat-mazzoni","8":"product_cat-tv-stands","10":"first","11":"instock","12":"purchasable","13":"product-type-simple"},"_links":{"self":[{"href":"https:\/\/baldumarket.lt\/lt\/wp-json\/wp\/v2\/product\/169656","targetHints":{"allow":["GET"]}}],"collection":[{"href":"https:\/\/baldumarket.lt\/lt\/wp-json\/wp\/v2\/product"}],"about":[{"href":"https:\/\/baldumarket.lt\/lt\/wp-json\/wp\/v2\/types\/product"}],"replies":[{"embeddable":true,"href":"https:\/\/baldumarket.lt\/lt\/wp-json\/wp\/v2\/comments?post=169656"}],"wp:featuredmedia":[{"embeddable":true,"href":"https:\/\/baldumarket.lt\/lt\/wp-json\/wp\/v2\/media\/169657"}],"wp:attachment":[{"href":"https:\/\/baldumarket.lt\/lt\/wp-json\/wp\/v2\/media?parent=169656"}],"wp:term":[{"taxonomy":"product_brand","embeddable":true,"href":"https:\/\/baldumarket.lt\/lt\/wp-json\/wp\/v2\/product_brand?post=169656"},{"taxonomy":"product_cat","embeddable":true,"href":"https:\/\/baldumarket.lt\/lt\/wp-json\/wp\/v2\/product_cat?post=169656"},{"taxonomy":"product_tag","embeddable":true,"href":"https:\/\/baldumarket.lt\/lt\/wp-json\/wp\/v2\/product_tag?post=169656"}],"curies":[{"name":"wp","href":"https:\/\/api.w.org\/{rel}","templated":true}]}}