{"id":169646,"date":"2025-12-19T21:19:22","date_gmt":"2025-12-19T18:19:22","guid":{"rendered":"https:\/\/baldumarket.lt\/product\/witryna-berlini-4d-dab-artisan-czarny-szafka-2-drzwiowa-z-ryflowanymi-frontami\/"},"modified":"2026-02-11T10:32:26","modified_gmt":"2026-02-11T07:32:26","slug":"witryna-berlini-4d-dab-artisan-czarny-szafka-2-drzwiowa-z-ryflowanymi-frontami","status":"publish","type":"product","link":"https:\/\/baldumarket.lt\/lt\/product\/witryna-berlini-4d-dab-artisan-czarny-szafka-2-drzwiowa-z-ryflowanymi-frontami\/","title":{"rendered":"BERLINI 4D Artisan \u0105\u017euolo\/juodos spalvos vitrina \u2013 2 dur\u0173 spintel\u0117 su grioveliais fasaduose"},"content":{"rendered":"<p>Baldo korpusas pagamintas i\u0161 16 mm storio matin\u0117s med\u017eio dro\u017eli\u0173 plok\u0161t\u0117s, laminuotos i\u0161 abiej\u0173 pusi\u0173, o fasadai \u2013 i\u0161 19 mm storio MDF plok\u0161t\u0117s. Visas baldas apdailintas 1 mm storio ABS briaunomis. Kojel\u0117s pagamintos i\u0161 medien\u0105 imituojan\u010dio plastiko, o rankenos \u2013 i\u0161 juodo milteliniu b\u016bdu da\u017eyto plieno.<\/p>","protected":false},"excerpt":{"rendered":"<p>PLOTIS 90 cm, GYLIS 42 cm, AUK\u0160TIS 190 cm, MED\u017dIAGOS Med\u017eio dro\u017eli\u0173 plok\u0161t\u0117\/MDF, stiklas, medien\u0105 imituojantis plastikas, PAVIR\u0160IUS Matinis, STILIUS Modernus \/ Skandinavi\u0161kas \/ Klasikinis, SVORIS SU PAKUOTE 80,5 kg, KITA Produktas skirtas savaranki\u0161kam surinkimui su pateiktomis instrukcijomis<\/p>","protected":false},"featured_media":169647,"comment_status":"open","ping_status":"open","template":"","meta":[],"product_brand":[],"product_cat":[9526,4109,2006],"product_tag":[],"class_list":{"0":"post-169646","1":"product","2":"type-product","3":"status-publish","4":"has-post-thumbnail","6":"product_cat-furniture-system-berlini-mazzoni","7":"product_cat-mazzoni","8":"product_cat-vitrines","10":"first","11":"instock","12":"purchasable","13":"product-type-simple"},"_links":{"self":[{"href":"https:\/\/baldumarket.lt\/lt\/wp-json\/wp\/v2\/product\/169646","targetHints":{"allow":["GET"]}}],"collection":[{"href":"https:\/\/baldumarket.lt\/lt\/wp-json\/wp\/v2\/product"}],"about":[{"href":"https:\/\/baldumarket.lt\/lt\/wp-json\/wp\/v2\/types\/product"}],"replies":[{"embeddable":true,"href":"https:\/\/baldumarket.lt\/lt\/wp-json\/wp\/v2\/comments?post=169646"}],"wp:featuredmedia":[{"embeddable":true,"href":"https:\/\/baldumarket.lt\/lt\/wp-json\/wp\/v2\/media\/169647"}],"wp:attachment":[{"href":"https:\/\/baldumarket.lt\/lt\/wp-json\/wp\/v2\/media?parent=169646"}],"wp:term":[{"taxonomy":"product_brand","embeddable":true,"href":"https:\/\/baldumarket.lt\/lt\/wp-json\/wp\/v2\/product_brand?post=169646"},{"taxonomy":"product_cat","embeddable":true,"href":"https:\/\/baldumarket.lt\/lt\/wp-json\/wp\/v2\/product_cat?post=169646"},{"taxonomy":"product_tag","embeddable":true,"href":"https:\/\/baldumarket.lt\/lt\/wp-json\/wp\/v2\/product_tag?post=169646"}],"curies":[{"name":"wp","href":"https:\/\/api.w.org\/{rel}","templated":true}]}}