{"id":169639,"date":"2025-12-19T21:19:13","date_gmt":"2025-12-19T18:19:13","guid":{"rendered":"https:\/\/baldumarket.lt\/product\/porto-czarny-polysk-bialy-polysk-nowoczesna-lawa-stolik-kawowy-z-lamelami-2w1-na-kolkach-nozkach\/"},"modified":"2026-02-03T23:29:16","modified_gmt":"2026-02-03T20:29:16","slug":"porto-czarny-polysk-bialy-polysk-nowoczesna-lawa-stolik-kawowy-z-lamelami-2w1-na-kolkach-nozkach","status":"publish","type":"product","link":"https:\/\/baldumarket.lt\/lt\/product\/porto-czarny-polysk-bialy-polysk-nowoczesna-lawa-stolik-kawowy-z-lamelami-2w1-na-kolkach-nozkach\/","title":{"rendered":"PORTO blizgi juoda\/blizgi balta &#8211; MODERNUS KAVOS STALIUKAS SU 2 VIENAME LENTEL\u0116MIS ANT RATUK\u0172\/KOJELI\u0172"},"content":{"rendered":"<p>Stalas pagamintas i\u0161 28 mm storio MDF (akrilo), laminuoto i\u0161 abiej\u0173 pusi\u0173, apdailinto 1 mm ABS briaunomis.<br \/>\nKomplekt\u0105 sudaro ratukai ir kojel\u0117s, kurias galima sumontuoti pagal j\u016bs\u0173 pageidavimus.<br \/>\nRinkinyje yra ai\u0161kios, nuoseklios instrukcijos, tod\u0117l surinkimas labai paprastas ir trunka tik 30\u201345 minutes.<br \/>\nPakuot\u0117s matmenys ir svoris:<br \/>\n1. 130 x 64 x 6 cm (26 kg)<br \/>\n2. 70 x 27,5 x 15,5 cm (15 kg)<\/p>","protected":false},"excerpt":{"rendered":"<p>PLOTIS 120 cm, GYLIS 60 cm, AUK\u0160TIS 45 cm (ant ratuk\u0173) \/ 40 cm (ant kojeli\u0173), MED\u017dIAGOS MDF, PAVIR\u0160IUS Blizgus, STILIUS Modernus, SVORIS SU PAKUOTE 46,5 kg<\/p>","protected":false},"featured_media":169640,"comment_status":"open","ping_status":"open","template":"","meta":[],"product_brand":[],"product_cat":[866,4109],"product_tag":[],"class_list":{"0":"post-169639","1":"product","2":"type-product","3":"status-publish","4":"has-post-thumbnail","6":"product_cat-coffee-tables","7":"product_cat-mazzoni","9":"first","10":"instock","11":"purchasable","12":"product-type-simple"},"_links":{"self":[{"href":"https:\/\/baldumarket.lt\/lt\/wp-json\/wp\/v2\/product\/169639","targetHints":{"allow":["GET"]}}],"collection":[{"href":"https:\/\/baldumarket.lt\/lt\/wp-json\/wp\/v2\/product"}],"about":[{"href":"https:\/\/baldumarket.lt\/lt\/wp-json\/wp\/v2\/types\/product"}],"replies":[{"embeddable":true,"href":"https:\/\/baldumarket.lt\/lt\/wp-json\/wp\/v2\/comments?post=169639"}],"wp:featuredmedia":[{"embeddable":true,"href":"https:\/\/baldumarket.lt\/lt\/wp-json\/wp\/v2\/media\/169640"}],"wp:attachment":[{"href":"https:\/\/baldumarket.lt\/lt\/wp-json\/wp\/v2\/media?parent=169639"}],"wp:term":[{"taxonomy":"product_brand","embeddable":true,"href":"https:\/\/baldumarket.lt\/lt\/wp-json\/wp\/v2\/product_brand?post=169639"},{"taxonomy":"product_cat","embeddable":true,"href":"https:\/\/baldumarket.lt\/lt\/wp-json\/wp\/v2\/product_cat?post=169639"},{"taxonomy":"product_tag","embeddable":true,"href":"https:\/\/baldumarket.lt\/lt\/wp-json\/wp\/v2\/product_tag?post=169639"}],"curies":[{"name":"wp","href":"https:\/\/api.w.org\/{rel}","templated":true}]}}