{"id":169525,"date":"2025-12-19T21:16:53","date_gmt":"2025-12-19T18:16:53","guid":{"rendered":"https:\/\/baldumarket.lt\/product\/fonte-beton-millenium-czarny-mat-klasyczny-stol-kuchenny-do-salonu-rozkladany-do-130-lub-155-cm\/"},"modified":"2026-02-11T10:57:34","modified_gmt":"2026-02-11T07:57:34","slug":"fonte-beton-millenium-czarny-mat-klasyczny-stol-kuchenny-do-salonu-rozkladany-do-130-lub-155-cm","status":"publish","type":"product","link":"https:\/\/baldumarket.lt\/lt\/product\/fonte-beton-millenium-czarny-mat-klasyczny-stol-kuchenny-do-salonu-rozkladany-do-130-lub-155-cm\/","title":{"rendered":"FONTE Millenium Concrete \/ Matin\u0117 juoda &#8211; KLASIKINIS VIRTUV\u0116S \/ SVETAIN\u0116S STALAS, I\u0160PL\u0116STAMA IKI 130 ARBA 155 CM!"},"content":{"rendered":"<p>Stalvir\u0161is pagamintas i\u0161 auk\u0161tos kokyb\u0117s, 2,8 cm storio matin\u0117s med\u017eio dro\u017eli\u0173 plok\u0161t\u0117s, laminuotos i\u0161 abiej\u0173 pusi\u0173, apdailintos 1 mm ABS kra\u0161tais.<br \/>\nKojel\u0117s pagamintos i\u0161 5,4 cm storio lentos, o lik\u0119 elementai \u2013 i\u0161 1,8 cm storio lentos.<br \/>\nSVARBU: Prailginimo \u012fd\u0117klas laikomas specialioje \u201csaugykloje\u201d po stalvir\u0161iu, tod\u0117l j\u012f visada galima pasiekti prailginant stal\u0105 ir nereikia laikyti atskirai.<br \/>\nPakuot\u0117s matmenys ir svoris (85 \u00d7 75 cm):<br \/>\n1. 85 x 49 x 14 cm (30 kg)<br \/>\n2. 73 x 48 x 7,5 cm (13 kg)<br \/>\nPakuot\u0117s matmenys ir svoris (110 \u00d7 75 cm):<br \/>\n1. 86,5 x 60 x 14,5 cm (31,2 kg)<br \/>\n2. 80,5 x 49 x 8 cm (15,3 kg)<\/p>","protected":false},"excerpt":{"rendered":"<p>PLOTIS 85 cm \/ 130 cm 110 cm \/ 155 cm, GYLIS 75 cm, AUK\u0160TIS 76 cm, \u012eD\u0116KL\u0172 SKAI\u010cIUS 1 vnt. x 45 cm (pasl\u0117pta po stalvir\u0161iu), FUNKCIJA I\u0161traukiamas stalvir\u0161is, PAVIR\u0160IUS Matinis, STILIUS Klasikinis, SVORIS SU PAKUOTE 43 kg | 46,5 kg<\/p>","protected":false},"featured_media":169526,"comment_status":"open","ping_status":"open","template":"","meta":[],"product_brand":[],"product_cat":[9520,4109,1934],"product_tag":[],"class_list":{"0":"post-169525","1":"product","2":"type-product","3":"status-publish","4":"has-post-thumbnail","6":"product_cat-tables-mazzoni","7":"product_cat-mazzoni","8":"product_cat-tables","10":"first","11":"instock","12":"purchasable","13":"product-type-simple"},"_links":{"self":[{"href":"https:\/\/baldumarket.lt\/lt\/wp-json\/wp\/v2\/product\/169525","targetHints":{"allow":["GET"]}}],"collection":[{"href":"https:\/\/baldumarket.lt\/lt\/wp-json\/wp\/v2\/product"}],"about":[{"href":"https:\/\/baldumarket.lt\/lt\/wp-json\/wp\/v2\/types\/product"}],"replies":[{"embeddable":true,"href":"https:\/\/baldumarket.lt\/lt\/wp-json\/wp\/v2\/comments?post=169525"}],"wp:featuredmedia":[{"embeddable":true,"href":"https:\/\/baldumarket.lt\/lt\/wp-json\/wp\/v2\/media\/169526"}],"wp:attachment":[{"href":"https:\/\/baldumarket.lt\/lt\/wp-json\/wp\/v2\/media?parent=169525"}],"wp:term":[{"taxonomy":"product_brand","embeddable":true,"href":"https:\/\/baldumarket.lt\/lt\/wp-json\/wp\/v2\/product_brand?post=169525"},{"taxonomy":"product_cat","embeddable":true,"href":"https:\/\/baldumarket.lt\/lt\/wp-json\/wp\/v2\/product_cat?post=169525"},{"taxonomy":"product_tag","embeddable":true,"href":"https:\/\/baldumarket.lt\/lt\/wp-json\/wp\/v2\/product_tag?post=169525"}],"curies":[{"name":"wp","href":"https:\/\/api.w.org\/{rel}","templated":true}]}}