{"id":169489,"date":"2025-12-19T21:16:09","date_gmt":"2025-12-19T18:16:09","guid":{"rendered":"https:\/\/baldumarket.lt\/product\/folk-dab-artisan-czarny-nowoczesna-lawa-stolik-z-polka\/"},"modified":"2026-02-11T10:55:27","modified_gmt":"2026-02-11T07:55:27","slug":"folk-dab-artisan-czarny-nowoczesna-lawa-stolik-z-polka","status":"publish","type":"product","link":"https:\/\/baldumarket.lt\/lt\/product\/folk-dab-artisan-czarny-nowoczesna-lawa-stolik-z-polka\/","title":{"rendered":"FOLK Artisan Oak\/Black &#8211; MODERNUS KAVOS STALIUKAS SU LENTYNA"},"content":{"rendered":"<p>Stalvir\u0161is pagamintas i\u0161 28 mm storio MDF plok\u0161t\u0117s, padengtos PVC pl\u0117vele. Lik\u0119 elementai \u2013 i\u0161 abiej\u0173 pusi\u0173 laminuota 28 mm storio matin\u0117 med\u017eio dro\u017eli\u0173 plok\u0161t\u0117 ir 18 mm lentyna. Visa dalis apdailinta 1 mm ABS briauna.<br \/>\nD\u0117l PVC pl\u0117vel\u0117s naudojimo stalvir\u0161io atspalvis gali \u0161iek tiek skirtis nuo koj\u0173 komponent\u0173.<\/p>","protected":false},"excerpt":{"rendered":"<p>PLOTIS 100 cm, GYLIS 60 cm, AUK\u0160TIS 40 cm, MED\u017dIAGOS MDF + med\u017eio dro\u017eli\u0173 plok\u0161t\u0117, PVC pl\u0117vel\u0117, PAVIR\u0160IUS Matinis, STILIUS Modernus, SVORIS SU PAKUOTE 31,5 kg<\/p>","protected":false},"featured_media":169490,"comment_status":"open","ping_status":"open","template":"","meta":[],"product_brand":[],"product_cat":[9531,866,4109],"product_tag":[],"class_list":{"0":"post-169489","1":"product","2":"type-product","3":"status-publish","4":"has-post-thumbnail","6":"product_cat-coffee-table-folk-mazzoni","7":"product_cat-coffee-tables","8":"product_cat-mazzoni","10":"first","11":"instock","12":"purchasable","13":"product-type-simple"},"_links":{"self":[{"href":"https:\/\/baldumarket.lt\/lt\/wp-json\/wp\/v2\/product\/169489","targetHints":{"allow":["GET"]}}],"collection":[{"href":"https:\/\/baldumarket.lt\/lt\/wp-json\/wp\/v2\/product"}],"about":[{"href":"https:\/\/baldumarket.lt\/lt\/wp-json\/wp\/v2\/types\/product"}],"replies":[{"embeddable":true,"href":"https:\/\/baldumarket.lt\/lt\/wp-json\/wp\/v2\/comments?post=169489"}],"wp:featuredmedia":[{"embeddable":true,"href":"https:\/\/baldumarket.lt\/lt\/wp-json\/wp\/v2\/media\/169490"}],"wp:attachment":[{"href":"https:\/\/baldumarket.lt\/lt\/wp-json\/wp\/v2\/media?parent=169489"}],"wp:term":[{"taxonomy":"product_brand","embeddable":true,"href":"https:\/\/baldumarket.lt\/lt\/wp-json\/wp\/v2\/product_brand?post=169489"},{"taxonomy":"product_cat","embeddable":true,"href":"https:\/\/baldumarket.lt\/lt\/wp-json\/wp\/v2\/product_cat?post=169489"},{"taxonomy":"product_tag","embeddable":true,"href":"https:\/\/baldumarket.lt\/lt\/wp-json\/wp\/v2\/product_tag?post=169489"}],"curies":[{"name":"wp","href":"https:\/\/api.w.org\/{rel}","templated":true}]}}