{"id":169441,"date":"2025-12-19T21:15:10","date_gmt":"2025-12-19T18:15:10","guid":{"rendered":"https:\/\/baldumarket.lt\/product\/lugo-bezowe-nowoczesne-krzeslo-azurowe-ogrodowe-do-kuchni-kawiarni-ogrodu\/"},"modified":"2026-02-11T12:01:41","modified_gmt":"2026-02-11T09:01:41","slug":"lugo-bezowe-nowoczesne-krzeslo-azurowe-ogrodowe-do-kuchni-kawiarni-ogrodu","status":"publish","type":"product","link":"https:\/\/baldumarket.lt\/lt\/product\/lugo-bezowe-nowoczesne-krzeslo-azurowe-ogrodowe-do-kuchni-kawiarni-ogrodu\/","title":{"rendered":"LUGO Beige &#8211; MODERNI APDAILOS SODO K\u0116D\u0116 (virtuv\u0117je, kavin\u0117je, sode)"},"content":{"rendered":"<p>LUGO plastikin\u0117 k\u0117d\u0117 \u2013 puikus pasirinkimas vertinantiems original\u0173 ir modern\u0173 dizain\u0105. Ji puikiai tinka moderniai virtuvei ar lofto stiliaus svetainei, ta\u010diau taip pat yra \u012fdomus sprendimas kaip terasos ar balkono k\u0117d\u0117. Ji idealiai tinka restoranams ir kavin\u0117ms, tiek viduje, tiek lauke, vasaros soduose.<br \/>\nK\u0117d\u0117s s\u0117dyn\u0117 pagaminta i\u0161 tvirto ir i\u0161skirtinai patvaraus ABS plastiko \u2013 itin atsparaus \u012fbr\u0117\u017eimams, sm\u016bgiams ir ekstremalioms vasaros ar \u017eiemos temperat\u016broms. Be to, ABS plastikas yra saugus naudoti \u017emon\u0117ms ir atsparus \u012fvairioms r\u016bg\u0161tims, druskoms ir riebalams.<br \/>\nErgonomi\u0161ka k\u0117d\u0117s korpuso forma, i\u0161lieta i\u0161 vienos formos, su a\u017e\u016briniu i\u0161pjovimu atlo\u0161e, suteikia k\u0117dei unikali\u0105 form\u0105, kartu u\u017etikrindama lengvum\u0105 ir rafinuotum\u0105. Nepaisant subtilios i\u0161vaizdos, k\u0117d\u0117s privalumas yra 120 kg keliamoji galia.<br \/>\nK\u0117d\u0117s s\u0117dyn\u0117 remiasi \u012f tvirt\u0105, integruot\u0105 metalin\u012f r\u0117m\u0105, da\u017eyt\u0105 milteliniu b\u016bdu ta pa\u010dia spalva kaip ir pati k\u0117d\u0117. Siaur\u0117jan\u010dios kojel\u0117s suteikia visai formai unikalaus grak\u0161tumo ir lengvumo. Koj\u0173 galai aptraukti plastikin\u0117mis slydimo juostomis, kurios apsaugo grindis nuo \u012fbr\u0117\u017eim\u0173.<br \/>\nPaskirtis:<br \/>\nvirtuv\u0117<br \/>\nvalgomasis<br \/>\nkavin\u0117<br \/>\nregistrat\u016bra \/ foj\u0117<br \/>\nvie\u0161butis\/restoranas<br \/>\nterasa \/ balkonas \/ sodas<\/p>","protected":false},"excerpt":{"rendered":"<p>MED\u017dIAGOS Plastikas (ABS) + metalas, STILIUS Modernus, KITA Gaminys skirtas savaranki\u0161kam surinkimui su pateiktomis instrukcijomis MAKSIMALI APKROVA 120 kg<\/p>","protected":false},"featured_media":169442,"comment_status":"open","ping_status":"open","template":"","meta":[],"product_brand":[],"product_cat":[9519,1930,4109],"product_tag":[],"class_list":{"0":"post-169441","1":"product","2":"type-product","3":"status-publish","4":"has-post-thumbnail","6":"product_cat-armchairs-and-stools-mazzoni","7":"product_cat-chairs","8":"product_cat-mazzoni","10":"first","11":"instock","12":"purchasable","13":"product-type-simple"},"_links":{"self":[{"href":"https:\/\/baldumarket.lt\/lt\/wp-json\/wp\/v2\/product\/169441","targetHints":{"allow":["GET"]}}],"collection":[{"href":"https:\/\/baldumarket.lt\/lt\/wp-json\/wp\/v2\/product"}],"about":[{"href":"https:\/\/baldumarket.lt\/lt\/wp-json\/wp\/v2\/types\/product"}],"replies":[{"embeddable":true,"href":"https:\/\/baldumarket.lt\/lt\/wp-json\/wp\/v2\/comments?post=169441"}],"wp:featuredmedia":[{"embeddable":true,"href":"https:\/\/baldumarket.lt\/lt\/wp-json\/wp\/v2\/media\/169442"}],"wp:attachment":[{"href":"https:\/\/baldumarket.lt\/lt\/wp-json\/wp\/v2\/media?parent=169441"}],"wp:term":[{"taxonomy":"product_brand","embeddable":true,"href":"https:\/\/baldumarket.lt\/lt\/wp-json\/wp\/v2\/product_brand?post=169441"},{"taxonomy":"product_cat","embeddable":true,"href":"https:\/\/baldumarket.lt\/lt\/wp-json\/wp\/v2\/product_cat?post=169441"},{"taxonomy":"product_tag","embeddable":true,"href":"https:\/\/baldumarket.lt\/lt\/wp-json\/wp\/v2\/product_tag?post=169441"}],"curies":[{"name":"wp","href":"https:\/\/api.w.org\/{rel}","templated":true}]}}