{"id":169401,"date":"2025-12-19T21:14:21","date_gmt":"2025-12-19T18:14:21","guid":{"rendered":"https:\/\/baldumarket.lt\/product\/arno-cynamon-tkanina-bluvel-4215-nowoczesne-krzeslo-tapicerowane-do-salonu-jadalni-z-raczka-velvet-pomarancz-braz\/"},"modified":"2026-02-10T10:46:47","modified_gmt":"2026-02-10T07:46:47","slug":"arno-cynamon-tkanina-bluvel-4215-nowoczesne-krzeslo-tapicerowane-do-salonu-jadalni-z-raczka-velvet-pomarancz-braz","status":"publish","type":"product","link":"https:\/\/baldumarket.lt\/lt\/product\/arno-cynamon-tkanina-bluvel-4215-nowoczesne-krzeslo-tapicerowane-do-salonu-jadalni-z-raczka-velvet-pomarancz-braz\/","title":{"rendered":"ARNO Cinnamon (Bluvel audinys 4215) \u2013 MODERNI APMU\u0160TA SVETAIN\u0116S\/VALGOMOJO K\u0116D\u0116 SU AKSOMINE RANKENA, ORAN\u017dIN\u0116S\/RUDOS SPALVOS"},"content":{"rendered":"<p>Modernus ARNO apmu\u0161tas kr\u0117slas pagamintas i\u0161 aksominio veli\u016bro audinio, kuris ne tik malonus liesti, bet ir lengvai naudojamas. Ergonomi\u0161kai suformuota s\u0117dyn\u0117 ir atlo\u0161as suteikia komforto, o subtilios vertikalios si\u016bl\u0117s suteikia dizainui elegancijos ir lengvumo.<br \/>\nMilteliniu b\u016bdu da\u017eytas plieninis r\u0117mas garantuoja stabilum\u0105 ir ilgaam\u017ei\u0161kum\u0105, o lieknos kojel\u0117s suteikia konstrukcijai modernumo. Prakti\u0161ka rankena atlo\u0161o vir\u0161uje leid\u017eia lengvai perkelti k\u0117d\u0119.<br \/>\nARNO \u2013 tai puikus stilingo dizaino ir FUNKCIONALUMO derinys, puikiai tinkantis valgomiesiems, svetain\u0117ms, biurams ir restoranams.<\/p>","protected":false},"excerpt":{"rendered":"<p>MED\u017dIAGOS Veli\u016bras \/ Milteliniu b\u016bdu da\u017eytas plienas, STILIUS Modernus \/ \u017davingas, KITA Gaminys skirtas savaranki\u0161kam surinkimui su pateiktomis instrukcijomis MAKSIMALI APKROVA 120 kg<\/p>","protected":false},"featured_media":169402,"comment_status":"open","ping_status":"open","template":"","meta":[],"product_brand":[],"product_cat":[9519,1930,4109],"product_tag":[],"class_list":{"0":"post-169401","1":"product","2":"type-product","3":"status-publish","4":"has-post-thumbnail","6":"product_cat-armchairs-and-stools-mazzoni","7":"product_cat-chairs","8":"product_cat-mazzoni","10":"first","11":"instock","12":"purchasable","13":"product-type-simple"},"_links":{"self":[{"href":"https:\/\/baldumarket.lt\/lt\/wp-json\/wp\/v2\/product\/169401","targetHints":{"allow":["GET"]}}],"collection":[{"href":"https:\/\/baldumarket.lt\/lt\/wp-json\/wp\/v2\/product"}],"about":[{"href":"https:\/\/baldumarket.lt\/lt\/wp-json\/wp\/v2\/types\/product"}],"replies":[{"embeddable":true,"href":"https:\/\/baldumarket.lt\/lt\/wp-json\/wp\/v2\/comments?post=169401"}],"wp:featuredmedia":[{"embeddable":true,"href":"https:\/\/baldumarket.lt\/lt\/wp-json\/wp\/v2\/media\/169402"}],"wp:attachment":[{"href":"https:\/\/baldumarket.lt\/lt\/wp-json\/wp\/v2\/media?parent=169401"}],"wp:term":[{"taxonomy":"product_brand","embeddable":true,"href":"https:\/\/baldumarket.lt\/lt\/wp-json\/wp\/v2\/product_brand?post=169401"},{"taxonomy":"product_cat","embeddable":true,"href":"https:\/\/baldumarket.lt\/lt\/wp-json\/wp\/v2\/product_cat?post=169401"},{"taxonomy":"product_tag","embeddable":true,"href":"https:\/\/baldumarket.lt\/lt\/wp-json\/wp\/v2\/product_tag?post=169401"}],"curies":[{"name":"wp","href":"https:\/\/api.w.org\/{rel}","templated":true}]}}