{"id":169353,"date":"2025-12-19T21:13:24","date_gmt":"2025-12-19T18:13:24","guid":{"rendered":"https:\/\/baldumarket.lt\/product\/piano-dab-craft-zloty-czarny-mat-nowoczesny-stol-rozkladany-do-200-cm\/"},"modified":"2026-02-11T12:23:58","modified_gmt":"2026-02-11T09:23:58","slug":"piano-dab-craft-zloty-czarny-mat-nowoczesny-stol-rozkladany-do-200-cm","status":"publish","type":"product","link":"https:\/\/baldumarket.lt\/lt\/product\/piano-dab-craft-zloty-czarny-mat-nowoczesny-stol-rozkladany-do-200-cm\/","title":{"rendered":"PIANO Craft \u0105\u017euolo auksin\u0117s\/matin\u0117s juodos spalvos &#8211; MODERNUS STALAS, IKI 200 CM ILGIO!"},"content":{"rendered":"<p>Stalas pagamintas i\u0161 auk\u0161tos kokyb\u0117s, 18 mm storio matin\u0117s med\u017eio dro\u017eli\u0173 plok\u0161t\u0117s, laminuotos i\u0161 abiej\u0173 pusi\u0173, apdailintos 1 mm ABS kra\u0161tais. Stalvir\u0161is papildomai sutvirtintas 36 mm storio \u0161onin\u0117mis panel\u0117mis. Platforma pagaminta i\u0161 28 mm storio plok\u0161t\u0117s.<br \/>\nSVARBU: Prailginimo \u012fd\u0117klai yra specialioje \u201csaugykloje\u201d po stalvir\u0161iu, tod\u0117l jie visada yra po ranka prailginant stal\u0105 ir j\u0173 nereikia laikyti atskirai.<br \/>\nRinkinyje yra: lengvai suprantamos nuoseklios instrukcijos, tod\u0117l surinkimas labai paprastas ir trunka ma\u017edaug 45\u201360 minu\u010di\u0173.<br \/>\nPakuot\u0117s matmenys ir svoris:<br \/>\n1. 91 x 65 x 11,5 cm (20 kg)<br \/>\n2. 99 x 60 x 6 cm (15 kg)<br \/>\n3. 91 x 49 x 9 cm (11 kg)<\/p>","protected":false},"excerpt":{"rendered":"<p>PLOTIS 120 cm \/ 160 cm \/ 200 cm, GYLIS 80 cm, AUK\u0160TIS 76 cm, \u012eD\u0116KL\u0172 SKAI\u010cIUS 2 vnt. x 40 cm (pasl\u0117pta po stalvir\u0161iu), FUNKCIJA I\u0161traukiamas stalvir\u0161is, PAVIR\u0160IUS Matinis, STILIUS Modernus, SVORIS SU PAKUOTE 53,3 kg<\/p>","protected":false},"featured_media":169354,"comment_status":"open","ping_status":"open","template":"","meta":[],"product_brand":[],"product_cat":[9520,9541,4109,1934],"product_tag":[],"class_list":{"0":"post-169353","1":"product","2":"type-product","3":"status-publish","4":"has-post-thumbnail","6":"product_cat-tables-mazzoni","7":"product_cat-transformer-tables-piano-mazzoni","8":"product_cat-mazzoni","9":"product_cat-tables","11":"first","12":"instock","13":"purchasable","14":"product-type-simple"},"_links":{"self":[{"href":"https:\/\/baldumarket.lt\/lt\/wp-json\/wp\/v2\/product\/169353","targetHints":{"allow":["GET"]}}],"collection":[{"href":"https:\/\/baldumarket.lt\/lt\/wp-json\/wp\/v2\/product"}],"about":[{"href":"https:\/\/baldumarket.lt\/lt\/wp-json\/wp\/v2\/types\/product"}],"replies":[{"embeddable":true,"href":"https:\/\/baldumarket.lt\/lt\/wp-json\/wp\/v2\/comments?post=169353"}],"wp:featuredmedia":[{"embeddable":true,"href":"https:\/\/baldumarket.lt\/lt\/wp-json\/wp\/v2\/media\/169354"}],"wp:attachment":[{"href":"https:\/\/baldumarket.lt\/lt\/wp-json\/wp\/v2\/media?parent=169353"}],"wp:term":[{"taxonomy":"product_brand","embeddable":true,"href":"https:\/\/baldumarket.lt\/lt\/wp-json\/wp\/v2\/product_brand?post=169353"},{"taxonomy":"product_cat","embeddable":true,"href":"https:\/\/baldumarket.lt\/lt\/wp-json\/wp\/v2\/product_cat?post=169353"},{"taxonomy":"product_tag","embeddable":true,"href":"https:\/\/baldumarket.lt\/lt\/wp-json\/wp\/v2\/product_tag?post=169353"}],"curies":[{"name":"wp","href":"https:\/\/api.w.org\/{rel}","templated":true}]}}