{"id":169289,"date":"2025-12-19T21:12:06","date_gmt":"2025-12-19T18:12:06","guid":{"rendered":"https:\/\/baldumarket.lt\/product\/hairpin-s-120-dab-brazowy-stol-loftowy-do-kuchni-jadalni-salonu\/"},"modified":"2026-02-11T11:44:20","modified_gmt":"2026-02-11T08:44:20","slug":"hairpin-s-120-dab-brazowy-stol-loftowy-do-kuchni-jadalni-salonu","status":"publish","type":"product","link":"https:\/\/baldumarket.lt\/lt\/product\/hairpin-s-120-dab-brazowy-stol-loftowy-do-kuchni-jadalni-salonu\/","title":{"rendered":"PLAUK\u0172 SEGIS S-120 Rudas \u0105\u017euolas \u2013 PAL\u0116P\u0116S STALAI VIRTUVEI VALGOMAJAM SVETAINEI"},"content":{"rendered":"<p>Stalvir\u0161is pagamintas i\u0161 18 mm storio dvipus\u0117s matin\u0117s med\u017eio dro\u017eli\u0173 plok\u0161t\u0117s. Papildomas privalumas \u2013 juodos spalvos milteliniu b\u016bdu da\u017eytos metalin\u0117s kojel\u0117s. Komplekt\u0105 sudaro: lengvai suprantamos nuoseklios instrukcijos, tod\u0117l surinkimas labai paprastas ir trunka tik 45\u201360 minu\u010di\u0173.<br \/>\nPakuot\u0117s matmenys ir svoris:<br \/>\n131 x 74 x 4 cm (20,7 kg)<br \/>\n80 x 19 x 15 cm (6,9 kg)<\/p>","protected":false},"excerpt":{"rendered":"<p>PLOTIS 120 cm, GYLIS 70 cm, AUK\u0160TIS 75 cm, PAVIR\u0160IUS Matinis, STILIUS Loft, SVORIS SU PAKUOTE 28 kg<\/p>","protected":false},"featured_media":169290,"comment_status":"open","ping_status":"open","template":"","meta":[],"product_brand":[],"product_cat":[9520,4109,1934],"product_tag":[],"class_list":{"0":"post-169289","1":"product","2":"type-product","3":"status-publish","4":"has-post-thumbnail","6":"product_cat-tables-mazzoni","7":"product_cat-mazzoni","8":"product_cat-tables","10":"first","11":"instock","12":"purchasable","13":"product-type-simple"},"_links":{"self":[{"href":"https:\/\/baldumarket.lt\/lt\/wp-json\/wp\/v2\/product\/169289","targetHints":{"allow":["GET"]}}],"collection":[{"href":"https:\/\/baldumarket.lt\/lt\/wp-json\/wp\/v2\/product"}],"about":[{"href":"https:\/\/baldumarket.lt\/lt\/wp-json\/wp\/v2\/types\/product"}],"replies":[{"embeddable":true,"href":"https:\/\/baldumarket.lt\/lt\/wp-json\/wp\/v2\/comments?post=169289"}],"wp:featuredmedia":[{"embeddable":true,"href":"https:\/\/baldumarket.lt\/lt\/wp-json\/wp\/v2\/media\/169290"}],"wp:attachment":[{"href":"https:\/\/baldumarket.lt\/lt\/wp-json\/wp\/v2\/media?parent=169289"}],"wp:term":[{"taxonomy":"product_brand","embeddable":true,"href":"https:\/\/baldumarket.lt\/lt\/wp-json\/wp\/v2\/product_brand?post=169289"},{"taxonomy":"product_cat","embeddable":true,"href":"https:\/\/baldumarket.lt\/lt\/wp-json\/wp\/v2\/product_cat?post=169289"},{"taxonomy":"product_tag","embeddable":true,"href":"https:\/\/baldumarket.lt\/lt\/wp-json\/wp\/v2\/product_tag?post=169289"}],"curies":[{"name":"wp","href":"https:\/\/api.w.org\/{rel}","templated":true}]}}