{"id":169251,"date":"2025-12-19T21:11:20","date_gmt":"2025-12-19T18:11:20","guid":{"rendered":"https:\/\/baldumarket.lt\/product\/altea-welur-ciemnoszary-nogi-czarne-nowoczesne-krzeslo-do-salonu-jadalni-kuchni-biura-velvet\/"},"modified":"2026-02-10T10:45:05","modified_gmt":"2026-02-10T07:45:05","slug":"altea-welur-ciemnoszary-nogi-czarne-nowoczesne-krzeslo-do-salonu-jadalni-kuchni-biura-velvet","status":"publish","type":"product","link":"https:\/\/baldumarket.lt\/lt\/product\/altea-welur-ciemnoszary-nogi-czarne-nowoczesne-krzeslo-do-salonu-jadalni-kuchni-biura-velvet\/","title":{"rendered":"ALTEA aksomin\u0117 tamsiai pilka\/juoda kojel\u0117 \u2013 MODERNI K\u0116D\u0116 SVETAINEI VALGOMAJAM VIRTUVEI BIURUI AKSOMAS"},"content":{"rendered":"<p>Eleganti\u0161ka ir patogi k\u0117d\u0117, kuri puikiai papildys modern\u0173 ar skandinavi\u0161ko stiliaus interjer\u0105. Paprasta, bet stilinga forma i\u0161siskirs bet kuriame kambaryje, o kau\u010diukmed\u017eio kojel\u0117s suteikia jai lengvumo ir mados \u012fsp\u016bd\u012f.<br \/>\nK\u0117d\u0117 pagaminta kruop\u0161\u010diai, kruop\u0161\u010diai apgalvojant smulkiausias detales, u\u017etikrinant puiki\u0105 kokyb\u0119 ir ilgaam\u017ei\u0161kum\u0105. Be to, j\u0105 lengva pri\u017ei\u016br\u0117ti ir ji atspari d\u0117m\u0117ms.<br \/>\nD\u0117l savo universalumo \u0161i k\u0117d\u0117 tiks daugelyje kambari\u0173, toki\u0173 kaip svetain\u0117, valgomasis, virtuv\u0117 ar biuras. Ji si\u016blo ne tik puik\u0173 s\u0117d\u0117jimo komfort\u0105, bet ir stiling\u0105 bei modern\u0173 dizain\u0105, kuris pary\u0161kins bet kokio interjero individual\u0173 charakter\u012f.<\/p>","protected":false},"excerpt":{"rendered":"<p>MED\u017dIAGOS Aksominis audinys \/ kau\u010diukmedis \/ milteliniu b\u016bdu da\u017eytas plienas, STILIUS Modernus \/ Skandinavi\u0161kas \/ Klasikinis, KITA Gaminys skirtas savaranki\u0161kam surinkimui su pateiktomis instrukcijomis MAKSIMALI APKROVA 110 kg<\/p>","protected":false},"featured_media":169252,"comment_status":"open","ping_status":"open","template":"","meta":[],"product_brand":[],"product_cat":[9519,1930,4109],"product_tag":[],"class_list":{"0":"post-169251","1":"product","2":"type-product","3":"status-publish","4":"has-post-thumbnail","6":"product_cat-armchairs-and-stools-mazzoni","7":"product_cat-chairs","8":"product_cat-mazzoni","10":"first","11":"instock","12":"purchasable","13":"product-type-simple"},"_links":{"self":[{"href":"https:\/\/baldumarket.lt\/lt\/wp-json\/wp\/v2\/product\/169251","targetHints":{"allow":["GET"]}}],"collection":[{"href":"https:\/\/baldumarket.lt\/lt\/wp-json\/wp\/v2\/product"}],"about":[{"href":"https:\/\/baldumarket.lt\/lt\/wp-json\/wp\/v2\/types\/product"}],"replies":[{"embeddable":true,"href":"https:\/\/baldumarket.lt\/lt\/wp-json\/wp\/v2\/comments?post=169251"}],"wp:featuredmedia":[{"embeddable":true,"href":"https:\/\/baldumarket.lt\/lt\/wp-json\/wp\/v2\/media\/169252"}],"wp:attachment":[{"href":"https:\/\/baldumarket.lt\/lt\/wp-json\/wp\/v2\/media?parent=169251"}],"wp:term":[{"taxonomy":"product_brand","embeddable":true,"href":"https:\/\/baldumarket.lt\/lt\/wp-json\/wp\/v2\/product_brand?post=169251"},{"taxonomy":"product_cat","embeddable":true,"href":"https:\/\/baldumarket.lt\/lt\/wp-json\/wp\/v2\/product_cat?post=169251"},{"taxonomy":"product_tag","embeddable":true,"href":"https:\/\/baldumarket.lt\/lt\/wp-json\/wp\/v2\/product_tag?post=169251"}],"curies":[{"name":"wp","href":"https:\/\/api.w.org\/{rel}","templated":true}]}}