{"id":169179,"date":"2025-12-19T21:09:50","date_gmt":"2025-12-19T18:09:50","guid":{"rendered":"https:\/\/baldumarket.lt\/product\/oslo-dab-wotan-bialy-lawa-rozkladana-podnoszona-stolik-stol-lawostol\/"},"modified":"2026-02-11T12:21:02","modified_gmt":"2026-02-11T09:21:02","slug":"oslo-dab-wotan-bialy-lawa-rozkladana-podnoszona-stolik-stol-lawostol","status":"publish","type":"product","link":"https:\/\/baldumarket.lt\/lt\/product\/oslo-dab-wotan-bialy-lawa-rozkladana-podnoszona-stolik-stol-lawostol\/","title":{"rendered":"OSLO Wotan \u0105\u017euolas\/baltas &#8211; SULANKSTOMAS PAKELIAMAS STALAS"},"content":{"rendered":"<p>Kavos staliukas pagamintas i\u0161 18 mm storio matin\u0117s med\u017eio dro\u017eli\u0173 plok\u0161t\u0117s, laminuotos i\u0161 abiej\u0173 pusi\u0173, apdailintos 1 mm ABS kra\u0161tais.<br \/>\n\u012eskai\u010diuota:<br \/>\nAi\u0161kios, nuoseklios instrukcijos, tod\u0117l surinkimas labai paprastas ir trunka ma\u017edaug 45\u201360 minu\u010di\u0173.<br \/>\nPakuot\u0117s matmenys ir svoris:<br \/>\n96,5 x 79,5 x 6 cm (24,5 kg)<br \/>\n86,5 x 50 x 8 cm (16 kg)<br \/>\n83 x 24 x 19 cm (13,8 kg)<\/p>","protected":false},"excerpt":{"rendered":"<p>PLOTIS 80 cm \/ 160 cm, GYLIS 75 cm, AUK\u0160TIS 49 cm \/ 76 cm, MED\u017dIAGOS Med\u017eio dro\u017eli\u0173 plok\u0161t\u0117, FUNKCIJA I\u0161traukiamas stalvir\u0161is (n\u0117ra, AUK\u0160\u010cIO reguliavimo), PAVIR\u0160IUS Matinis, STILIUS Modernus, SVORIS SU PAKUOTE 54,5 kg<\/p>","protected":false},"featured_media":169180,"comment_status":"open","ping_status":"open","template":"","meta":[],"product_brand":[],"product_cat":[9540,866,4109],"product_tag":[],"class_list":{"0":"post-169179","1":"product","2":"type-product","3":"status-publish","4":"has-post-thumbnail","6":"product_cat-transformer-tables-oslo-mazzoni","7":"product_cat-coffee-tables","8":"product_cat-mazzoni","10":"first","11":"instock","12":"purchasable","13":"product-type-simple"},"_links":{"self":[{"href":"https:\/\/baldumarket.lt\/lt\/wp-json\/wp\/v2\/product\/169179","targetHints":{"allow":["GET"]}}],"collection":[{"href":"https:\/\/baldumarket.lt\/lt\/wp-json\/wp\/v2\/product"}],"about":[{"href":"https:\/\/baldumarket.lt\/lt\/wp-json\/wp\/v2\/types\/product"}],"replies":[{"embeddable":true,"href":"https:\/\/baldumarket.lt\/lt\/wp-json\/wp\/v2\/comments?post=169179"}],"wp:featuredmedia":[{"embeddable":true,"href":"https:\/\/baldumarket.lt\/lt\/wp-json\/wp\/v2\/media\/169180"}],"wp:attachment":[{"href":"https:\/\/baldumarket.lt\/lt\/wp-json\/wp\/v2\/media?parent=169179"}],"wp:term":[{"taxonomy":"product_brand","embeddable":true,"href":"https:\/\/baldumarket.lt\/lt\/wp-json\/wp\/v2\/product_brand?post=169179"},{"taxonomy":"product_cat","embeddable":true,"href":"https:\/\/baldumarket.lt\/lt\/wp-json\/wp\/v2\/product_cat?post=169179"},{"taxonomy":"product_tag","embeddable":true,"href":"https:\/\/baldumarket.lt\/lt\/wp-json\/wp\/v2\/product_tag?post=169179"}],"curies":[{"name":"wp","href":"https:\/\/api.w.org\/{rel}","templated":true}]}}