{"id":169143,"date":"2025-12-19T21:09:05","date_gmt":"2025-12-19T18:09:05","guid":{"rendered":"https:\/\/baldumarket.lt\/product\/gokee-s-90-dab-brazowy-czarny-mat-nowoczesna-lawa-stolik-kawowy-z-lamelami\/"},"modified":"2026-04-06T17:43:45","modified_gmt":"2026-04-06T14:43:45","slug":"gokee-s-90-dab-brazowy-czarny-mat-nowoczesna-lawa-stolik-kawowy-z-lamelami","status":"publish","type":"product","link":"https:\/\/baldumarket.lt\/lt\/product\/gokee-s-90-dab-brazowy-czarny-mat-nowoczesna-lawa-stolik-kawowy-z-lamelami\/","title":{"rendered":"GOKEE S-90 Rudo \u0105\u017euolo\/Matin\u0117s juodos spalvos \u2013 MODERNUS KAVOS STALIUKAS SU GROTEL\u0116MIS"},"content":{"rendered":"<p>Kavos staliukas pagamintas i\u0161 18 mm storio matin\u0117s med\u017eio dro\u017eli\u0173 plok\u0161t\u0117s, laminuotos i\u0161 abiej\u0173 pusi\u0173, apdailintos 1 mm ABS kra\u0161tais. Komplekt\u0105 sudaro: lengvai suprantamos nuoseklios instrukcijos, tod\u0117l surinkimas labai paprastas ir trunka tik 45\u201360 minu\u010di\u0173. Pakuot\u0117s matmenys: 100 x 72 x 6 cm<\/p>","protected":false},"excerpt":{"rendered":"<p>PLOTIS 90 cm, GYLIS 60 cm, AUK\u0160TIS 42 cm, MED\u017dIAGOS: Med\u017eio dro\u017eli\u0173 plok\u0161t\u0117, PAVIR\u0160IUS: Matinis, STILIUS: Loft, SVORIS SU PAKUOTE 23 kg<\/p>","protected":false},"featured_media":169144,"comment_status":"open","ping_status":"open","template":"","meta":[],"product_brand":[],"product_cat":[9533,866,4109],"product_tag":[],"class_list":{"0":"post-169143","1":"product","2":"type-product","3":"status-publish","4":"has-post-thumbnail","6":"product_cat-furniture-system-gokee-mazzoni","7":"product_cat-coffee-tables","8":"product_cat-mazzoni","10":"first","11":"instock","12":"purchasable","13":"product-type-simple"},"_links":{"self":[{"href":"https:\/\/baldumarket.lt\/lt\/wp-json\/wp\/v2\/product\/169143","targetHints":{"allow":["GET"]}}],"collection":[{"href":"https:\/\/baldumarket.lt\/lt\/wp-json\/wp\/v2\/product"}],"about":[{"href":"https:\/\/baldumarket.lt\/lt\/wp-json\/wp\/v2\/types\/product"}],"replies":[{"embeddable":true,"href":"https:\/\/baldumarket.lt\/lt\/wp-json\/wp\/v2\/comments?post=169143"}],"wp:featuredmedia":[{"embeddable":true,"href":"https:\/\/baldumarket.lt\/lt\/wp-json\/wp\/v2\/media\/169144"}],"wp:attachment":[{"href":"https:\/\/baldumarket.lt\/lt\/wp-json\/wp\/v2\/media?parent=169143"}],"wp:term":[{"taxonomy":"product_brand","embeddable":true,"href":"https:\/\/baldumarket.lt\/lt\/wp-json\/wp\/v2\/product_brand?post=169143"},{"taxonomy":"product_cat","embeddable":true,"href":"https:\/\/baldumarket.lt\/lt\/wp-json\/wp\/v2\/product_cat?post=169143"},{"taxonomy":"product_tag","embeddable":true,"href":"https:\/\/baldumarket.lt\/lt\/wp-json\/wp\/v2\/product_tag?post=169143"}],"curies":[{"name":"wp","href":"https:\/\/api.w.org\/{rel}","templated":true}]}}