{"id":169071,"date":"2025-12-19T21:07:40","date_gmt":"2025-12-19T18:07:40","guid":{"rendered":"https:\/\/baldumarket.lt\/product\/avari-dab-sonoma-stol-loftowy-do-salonu-jadalni-rozkladany-do-270-lub-290-cm\/"},"modified":"2026-02-10T10:41:34","modified_gmt":"2026-02-10T07:41:34","slug":"avari-dab-sonoma-stol-loftowy-do-salonu-jadalni-rozkladany-do-270-lub-290-cm","status":"publish","type":"product","link":"https:\/\/baldumarket.lt\/lt\/product\/avari-dab-sonoma-stol-loftowy-do-salonu-jadalni-rozkladany-do-270-lub-290-cm\/","title":{"rendered":"AVARI Sonoma Oak &#8211; PAL\u0116P\u0116S STALAS SVETAINEI\/VALGOMAJAM, I\u0160SITRAUKIAMAS IKI 270 ARBA 290 CM!"},"content":{"rendered":"<p>Stalas pagamintas i\u0161 matin\u0117s med\u017eio dro\u017eli\u0173 plok\u0161t\u0117s, laminuotos i\u0161 abiej\u0173 pusi\u0173, 28 mm storio (vir\u0161us + \u012fd\u0117klai) ir 18 mm storio (po vir\u0161utine d\u0117\u017ee). Vir\u0161us papildomai pastorintas iki 54 mm \u0161onuose ir apklijuotas 2 mm ABS kra\u0161tais!<br \/>\nPapildomos savyb\u0117s: juodos spalvos milteliniu b\u016bdu da\u017eytos metalin\u0117s stalo kojos (kojos skerspj\u016bvis: 8 x 2 cm) ir centrin\u0117 atramin\u0117 koja (pagaminta i\u0161 tos pa\u010dios med\u017eiagos).<br \/>\nPrailginimo \u012fd\u0117klai yra specialioje \u201csand\u0117liavimo\u201d vietoje po stalvir\u0161iu, tod\u0117l jie visada yra pasiekiami prailginant stal\u0105 ir j\u0173 nereikia laikyti atskirai.<br \/>\nKomplekt\u0105 sudaro: ai\u0161kios, nuoseklios instrukcijos, kurios labai palengvina surinkim\u0105 ir u\u017etrunka tik 45\u201360 minu\u010di\u0173.<\/p>","protected":false},"excerpt":{"rendered":"<p>PLOTIS 140 arba 120 cm (priklausomai nuo pasirinkto dyd\u017eio), GYLIS 80 cm, AUK\u0160TIS 76 cm, \u012eD\u0116KL\u0172 SKAI\u010cIUS 3 vnt. x 50 cm (pasl\u0117pti po stalvir\u0161iu), FUNKCIJA I\u0161traukiamas stalvir\u0161is, PAVIR\u0160IUS Matinis, STILIUS Loft, SVORIS SU PAKUOTE 83 kg<\/p>","protected":false},"featured_media":169072,"comment_status":"open","ping_status":"open","template":"","meta":[],"product_brand":[],"product_cat":[9520,4109,1934],"product_tag":[],"class_list":{"0":"post-169071","1":"product","2":"type-product","3":"status-publish","4":"has-post-thumbnail","6":"product_cat-tables-mazzoni","7":"product_cat-mazzoni","8":"product_cat-tables","10":"first","11":"instock","12":"purchasable","13":"product-type-simple"},"_links":{"self":[{"href":"https:\/\/baldumarket.lt\/lt\/wp-json\/wp\/v2\/product\/169071","targetHints":{"allow":["GET"]}}],"collection":[{"href":"https:\/\/baldumarket.lt\/lt\/wp-json\/wp\/v2\/product"}],"about":[{"href":"https:\/\/baldumarket.lt\/lt\/wp-json\/wp\/v2\/types\/product"}],"replies":[{"embeddable":true,"href":"https:\/\/baldumarket.lt\/lt\/wp-json\/wp\/v2\/comments?post=169071"}],"wp:featuredmedia":[{"embeddable":true,"href":"https:\/\/baldumarket.lt\/lt\/wp-json\/wp\/v2\/media\/169072"}],"wp:attachment":[{"href":"https:\/\/baldumarket.lt\/lt\/wp-json\/wp\/v2\/media?parent=169071"}],"wp:term":[{"taxonomy":"product_brand","embeddable":true,"href":"https:\/\/baldumarket.lt\/lt\/wp-json\/wp\/v2\/product_brand?post=169071"},{"taxonomy":"product_cat","embeddable":true,"href":"https:\/\/baldumarket.lt\/lt\/wp-json\/wp\/v2\/product_cat?post=169071"},{"taxonomy":"product_tag","embeddable":true,"href":"https:\/\/baldumarket.lt\/lt\/wp-json\/wp\/v2\/product_tag?post=169071"}],"curies":[{"name":"wp","href":"https:\/\/api.w.org\/{rel}","templated":true}]}}