{"id":168915,"date":"2025-12-19T21:04:23","date_gmt":"2025-12-19T18:04:23","guid":{"rendered":"https:\/\/baldumarket.lt\/product\/rio-czarny-bialy-lawa-rozkladana-podnoszona-stol-lawostol-z-polka\/"},"modified":"2026-02-11T12:37:55","modified_gmt":"2026-02-11T09:37:55","slug":"rio-czarny-bialy-lawa-rozkladana-podnoszona-stol-lawostol-z-polka","status":"publish","type":"product","link":"https:\/\/baldumarket.lt\/lt\/product\/rio-czarny-bialy-lawa-rozkladana-podnoszona-stol-lawostol-z-polka\/","title":{"rendered":"RIO juoda\/balta &#8211; sulankstomas suolas, pakeliamas staliukas, kavos staliukas su lentyna"},"content":{"rendered":"<p>Kavos staliukas pagamintas i\u0161 matin\u0117s med\u017eio dro\u017eli\u0173 plok\u0161t\u0117s, laminuotos i\u0161 abiej\u0173 pusi\u0173, 28 mm storio (vir\u0161us) ir 18 mm storio (kiti elementai), apdailintos 1 mm ABS kra\u0161tais.<br \/>\n\u012eskai\u010diuota:<br \/>\nAi\u0161kios, nuoseklios instrukcijos, tod\u0117l surinkimas labai paprastas ir trunka tik 45\u201360 minu\u010di\u0173.<\/p>","protected":false},"excerpt":{"rendered":"<p>PLOTIS 130 cm \/ 170 cm, GYLIS 65 cm REGULIUOJAMAS, AUK\u0160TIS 55\u201367 cm, \u012eD\u0116KL\u0172 SKAI\u010cIUS 1 vnt. x 40 cm (pasl\u0117pta po lentyna), STALVIR\u0160IAUS FORMA Sta\u010diakampis, MED\u017dIAGOS Med\u017eio dro\u017eli\u0173 plok\u0161t\u0117, PAVIR\u0160IUS Matinis, STILIUS Modernus, SVORIS SU PAKUOTE 45 kg<\/p>","protected":false},"featured_media":168916,"comment_status":"open","ping_status":"open","template":"","meta":[],"product_brand":[],"product_cat":[9543,866,4109],"product_tag":[],"class_list":{"0":"post-168915","1":"product","2":"type-product","3":"status-publish","4":"has-post-thumbnail","6":"product_cat-transformer-tables-rio-mazzoni","7":"product_cat-coffee-tables","8":"product_cat-mazzoni","10":"first","11":"instock","12":"purchasable","13":"product-type-simple"},"_links":{"self":[{"href":"https:\/\/baldumarket.lt\/lt\/wp-json\/wp\/v2\/product\/168915","targetHints":{"allow":["GET"]}}],"collection":[{"href":"https:\/\/baldumarket.lt\/lt\/wp-json\/wp\/v2\/product"}],"about":[{"href":"https:\/\/baldumarket.lt\/lt\/wp-json\/wp\/v2\/types\/product"}],"replies":[{"embeddable":true,"href":"https:\/\/baldumarket.lt\/lt\/wp-json\/wp\/v2\/comments?post=168915"}],"wp:featuredmedia":[{"embeddable":true,"href":"https:\/\/baldumarket.lt\/lt\/wp-json\/wp\/v2\/media\/168916"}],"wp:attachment":[{"href":"https:\/\/baldumarket.lt\/lt\/wp-json\/wp\/v2\/media?parent=168915"}],"wp:term":[{"taxonomy":"product_brand","embeddable":true,"href":"https:\/\/baldumarket.lt\/lt\/wp-json\/wp\/v2\/product_brand?post=168915"},{"taxonomy":"product_cat","embeddable":true,"href":"https:\/\/baldumarket.lt\/lt\/wp-json\/wp\/v2\/product_cat?post=168915"},{"taxonomy":"product_tag","embeddable":true,"href":"https:\/\/baldumarket.lt\/lt\/wp-json\/wp\/v2\/product_tag?post=168915"}],"curies":[{"name":"wp","href":"https:\/\/api.w.org\/{rel}","templated":true}]}}