{"id":168869,"date":"2025-12-19T21:03:24","date_gmt":"2025-12-19T18:03:24","guid":{"rendered":"https:\/\/baldumarket.lt\/product\/szafka-vik-rtv-140-bialy-mat-nowoczesny-stolik-pod-tv-do-salonu-pokoju\/"},"modified":"2026-02-03T23:29:24","modified_gmt":"2026-02-03T20:29:24","slug":"szafka-vik-rtv-140-bialy-mat-nowoczesny-stolik-pod-tv-do-salonu-pokoju","status":"publish","type":"product","link":"https:\/\/baldumarket.lt\/lt\/product\/szafka-vik-rtv-140-bialy-mat-nowoczesny-stolik-pod-tv-do-salonu-pokoju\/","title":{"rendered":"VIK RTV-140 balta matin\u0117 spintel\u0117 &#8211; MODERNUS TV STOV\u0116LIS SVETAINEI"},"content":{"rendered":"<p>Baldas pagamintas i\u0161 18 mm storio matin\u0117s med\u017eio dro\u017eli\u0173 plok\u0161t\u0117s, laminuotos i\u0161 abiej\u0173 pusi\u0173, apdailintos 1 mm ABS kra\u0161tais.<br \/>\nKojel\u0117s pagamintos i\u0161 auk\u0161tos kokyb\u0117s buko medienos su matiniu juodu laku.<br \/>\n\u012eskai\u010diuota:<br \/>\nAi\u0161kios, nuoseklios instrukcijos, tod\u0117l surinkimas labai paprastas ir trunka tik 30\u201345 minutes.<\/p>","protected":false},"excerpt":{"rendered":"<p>PLOTIS 140 cm, GYLIS 33 cm, AUK\u0160TIS 40 cm, MED\u017dIAGOS Med\u017eio dro\u017eli\u0173 plok\u0161t\u0117 + buko mediena, PAVIR\u0160IUS Matinis, STILIUS Modernus \/ Kaimi\u0161kas, SVORIS SU PAKUOTE 21 kg<\/p>","protected":false},"featured_media":168870,"comment_status":"open","ping_status":"open","template":"","meta":[],"product_brand":[],"product_cat":[4109,1175],"product_tag":[],"class_list":{"0":"post-168869","1":"product","2":"type-product","3":"status-publish","4":"has-post-thumbnail","6":"product_cat-mazzoni","7":"product_cat-tv-stands","9":"first","10":"instock","11":"purchasable","12":"product-type-simple"},"_links":{"self":[{"href":"https:\/\/baldumarket.lt\/lt\/wp-json\/wp\/v2\/product\/168869","targetHints":{"allow":["GET"]}}],"collection":[{"href":"https:\/\/baldumarket.lt\/lt\/wp-json\/wp\/v2\/product"}],"about":[{"href":"https:\/\/baldumarket.lt\/lt\/wp-json\/wp\/v2\/types\/product"}],"replies":[{"embeddable":true,"href":"https:\/\/baldumarket.lt\/lt\/wp-json\/wp\/v2\/comments?post=168869"}],"wp:featuredmedia":[{"embeddable":true,"href":"https:\/\/baldumarket.lt\/lt\/wp-json\/wp\/v2\/media\/168870"}],"wp:attachment":[{"href":"https:\/\/baldumarket.lt\/lt\/wp-json\/wp\/v2\/media?parent=168869"}],"wp:term":[{"taxonomy":"product_brand","embeddable":true,"href":"https:\/\/baldumarket.lt\/lt\/wp-json\/wp\/v2\/product_brand?post=168869"},{"taxonomy":"product_cat","embeddable":true,"href":"https:\/\/baldumarket.lt\/lt\/wp-json\/wp\/v2\/product_cat?post=168869"},{"taxonomy":"product_tag","embeddable":true,"href":"https:\/\/baldumarket.lt\/lt\/wp-json\/wp\/v2\/product_tag?post=168869"}],"curies":[{"name":"wp","href":"https:\/\/api.w.org\/{rel}","templated":true}]}}