{"id":168764,"date":"2025-12-19T21:01:18","date_gmt":"2025-12-19T18:01:18","guid":{"rendered":"https:\/\/baldumarket.lt\/product\/lexus-dab-craft-zloty-czarny-mat-nowoczesna-lawa-rozkladana-podnoszona-stol-lawostol\/"},"modified":"2026-02-10T10:22:07","modified_gmt":"2026-02-10T07:22:07","slug":"lexus-dab-craft-zloty-czarny-mat-nowoczesna-lawa-rozkladana-podnoszona-stol-lawostol","status":"publish","type":"product","link":"https:\/\/baldumarket.lt\/lt\/product\/lexus-dab-craft-zloty-czarny-mat-nowoczesna-lawa-rozkladana-podnoszona-stol-lawostol\/","title":{"rendered":"LEXUS Craft \u0105\u017euolo aukso\/matin\u0117s juodos spalvos \u2013 MODERNUS I\u0160TRAUKIAMAS PAKELIAMAS STALAS"},"content":{"rendered":"<p>Baldas pagamintas i\u0161 18 mm storio matin\u0117s med\u017eio dro\u017eli\u0173 plok\u0161t\u0117s (laminuotos i\u0161 abiej\u0173 pusi\u0173) ir 2 x 28 mm storio da\u017eytos MDF plok\u0161t\u0117s (kojel\u0117s). Visas baldas apdailintas 2 mm ABS kra\u0161tais. Stalvir\u0161is taip pat turi 36 mm storio \u0161onines plok\u0161tes. \u012e komplekt\u0105 \u012feina:<br \/>\nAi\u0161kios, nuoseklios instrukcijos labai palengvina surinkim\u0105 ir u\u017etrunka ma\u017edaug 45\u201360 minu\u010di\u0173.<\/p>","protected":false},"excerpt":{"rendered":"<p>PLOTIS 120 cm \/ 150 cm \/ 180 cm, GYLIS 75 cm REGULIUOJAMAS, AUK\u0160TIS 59\u201375 cm, \u012eD\u0116KL\u0172 SKAI\u010cIUS 2 vnt. x 30 cm (pasl\u0117pta po stalvir\u0161iu), MED\u017dIAGOS MDF + med\u017eio dro\u017eli\u0173 plok\u0161t\u0117, FUNKCIJA I\u0161traukiamas stalvir\u0161is, PAVIR\u0160IUS Matinis, STILIUS Modernus, SVORIS SU PAKUOTE 62 kg<\/p>","protected":false},"featured_media":168765,"comment_status":"open","ping_status":"open","template":"","meta":[],"product_brand":[],"product_cat":[9518,866,4109],"product_tag":[],"class_list":{"0":"post-168764","1":"product","2":"type-product","3":"status-publish","4":"has-post-thumbnail","6":"product_cat-transformer-tables-mazzoni","7":"product_cat-coffee-tables","8":"product_cat-mazzoni","10":"first","11":"instock","12":"purchasable","13":"product-type-simple"},"_links":{"self":[{"href":"https:\/\/baldumarket.lt\/lt\/wp-json\/wp\/v2\/product\/168764","targetHints":{"allow":["GET"]}}],"collection":[{"href":"https:\/\/baldumarket.lt\/lt\/wp-json\/wp\/v2\/product"}],"about":[{"href":"https:\/\/baldumarket.lt\/lt\/wp-json\/wp\/v2\/types\/product"}],"replies":[{"embeddable":true,"href":"https:\/\/baldumarket.lt\/lt\/wp-json\/wp\/v2\/comments?post=168764"}],"wp:featuredmedia":[{"embeddable":true,"href":"https:\/\/baldumarket.lt\/lt\/wp-json\/wp\/v2\/media\/168765"}],"wp:attachment":[{"href":"https:\/\/baldumarket.lt\/lt\/wp-json\/wp\/v2\/media?parent=168764"}],"wp:term":[{"taxonomy":"product_brand","embeddable":true,"href":"https:\/\/baldumarket.lt\/lt\/wp-json\/wp\/v2\/product_brand?post=168764"},{"taxonomy":"product_cat","embeddable":true,"href":"https:\/\/baldumarket.lt\/lt\/wp-json\/wp\/v2\/product_cat?post=168764"},{"taxonomy":"product_tag","embeddable":true,"href":"https:\/\/baldumarket.lt\/lt\/wp-json\/wp\/v2\/product_tag?post=168764"}],"curies":[{"name":"wp","href":"https:\/\/api.w.org\/{rel}","templated":true}]}}