{"id":168727,"date":"2025-12-19T21:00:31","date_gmt":"2025-12-19T18:00:31","guid":{"rendered":"https:\/\/baldumarket.lt\/product\/szafa-simple-szd2-beton-millenium-bialy-polysk-garderoba-z-polka-i-drazkiem\/"},"modified":"2026-04-12T17:00:18","modified_gmt":"2026-04-12T14:00:18","slug":"szafa-simple-szd2-beton-millenium-bialy-polysk-garderoba-z-polka-i-drazkiem","status":"publish","type":"product","link":"https:\/\/baldumarket.lt\/lt\/product\/szafa-simple-szd2-beton-millenium-bialy-polysk-garderoba-z-polka-i-drazkiem\/","title":{"rendered":"SIMPLE SZD2 Spinta \u201eMillenium Concrete\u201c\/Balta blizgi \u2013 Persirengimo kambarys su lentyna ir drabu\u017ei\u0173 pakaba"},"content":{"rendered":"<p>Baldai pagaminti i\u0161 matin\u0117s med\u017eio dro\u017eli\u0173 plok\u0161t\u0117s ir blizgaus MDF, laminuoti i\u0161 abiej\u0173 pusi\u0173, 18 mm storio, apdailinti 1 mm ABS kra\u0161tais.<br \/>\n\u012eskai\u010diuota:<br \/>\nAi\u0161kios, nuoseklios instrukcijos, tod\u0117l surinkimas labai paprastas ir trunka tik 60\u201390 minu\u010di\u0173.<\/p>","protected":false},"excerpt":{"rendered":"<p>PLOTIS 86,7 cm, GYLIS 53,2 cm, AUK\u0160TIS 196,5 cm, MED\u017dIAGOS MDF + Dro\u017eli\u0173 plok\u0161t\u0117, PAVIR\u0160IUS Blizgus + Matinis, STILIUS Modernus, SVORIS SU PAKUOTE 67 kg<\/p>","protected":false},"featured_media":168728,"comment_status":"open","ping_status":"open","template":"","meta":[],"product_brand":[],"product_cat":[9524,4109,1177],"product_tag":[],"class_list":{"0":"post-168727","1":"product","2":"type-product","3":"status-publish","4":"has-post-thumbnail","6":"product_cat-furniture-system-simple-mazzoni","7":"product_cat-mazzoni","8":"product_cat-wardrobes","10":"first","11":"instock","12":"purchasable","13":"product-type-simple"},"_links":{"self":[{"href":"https:\/\/baldumarket.lt\/lt\/wp-json\/wp\/v2\/product\/168727","targetHints":{"allow":["GET"]}}],"collection":[{"href":"https:\/\/baldumarket.lt\/lt\/wp-json\/wp\/v2\/product"}],"about":[{"href":"https:\/\/baldumarket.lt\/lt\/wp-json\/wp\/v2\/types\/product"}],"replies":[{"embeddable":true,"href":"https:\/\/baldumarket.lt\/lt\/wp-json\/wp\/v2\/comments?post=168727"}],"wp:featuredmedia":[{"embeddable":true,"href":"https:\/\/baldumarket.lt\/lt\/wp-json\/wp\/v2\/media\/168728"}],"wp:attachment":[{"href":"https:\/\/baldumarket.lt\/lt\/wp-json\/wp\/v2\/media?parent=168727"}],"wp:term":[{"taxonomy":"product_brand","embeddable":true,"href":"https:\/\/baldumarket.lt\/lt\/wp-json\/wp\/v2\/product_brand?post=168727"},{"taxonomy":"product_cat","embeddable":true,"href":"https:\/\/baldumarket.lt\/lt\/wp-json\/wp\/v2\/product_cat?post=168727"},{"taxonomy":"product_tag","embeddable":true,"href":"https:\/\/baldumarket.lt\/lt\/wp-json\/wp\/v2\/product_tag?post=168727"}],"curies":[{"name":"wp","href":"https:\/\/api.w.org\/{rel}","templated":true}]}}