{"id":168712,"date":"2025-12-19T21:00:13","date_gmt":"2025-12-19T18:00:13","guid":{"rendered":"https:\/\/baldumarket.lt\/product\/komoda-waska-simple-kd1sz4-beton-millenium-bialy-polysk-szafka-do-salonu-4-szuflady\/"},"modified":"2026-04-06T17:57:28","modified_gmt":"2026-04-06T14:57:28","slug":"komoda-waska-simple-kd1sz4-beton-millenium-bialy-polysk-szafka-do-salonu-4-szuflady","status":"publish","type":"product","link":"https:\/\/baldumarket.lt\/lt\/product\/komoda-waska-simple-kd1sz4-beton-millenium-bialy-polysk-szafka-do-salonu-4-szuflady\/","title":{"rendered":"Siaura komoda SIMPLE KD1SZ4 Millenium Concrete\/Blizgi balta \u2013 SVETAIN\u0116S SPINTEL\u0116 SU 4 STAL\u010cIAIS"},"content":{"rendered":"<p>Baldai pagaminti i\u0161 matin\u0117s med\u017eio dro\u017eli\u0173 plok\u0161t\u0117s ir blizgaus MDF, laminuoti i\u0161 abiej\u0173 pusi\u0173, 18 mm storio, apdailinti 1 mm ABS kra\u0161tais.<br \/>\n\u012eskai\u010diuota:<br \/>\nAi\u0161kios, nuoseklios instrukcijos, tod\u0117l surinkimas labai paprastas ir trunka tik 45\u201360 minu\u010di\u0173.<\/p>","protected":false},"excerpt":{"rendered":"<p>PLOTIS 86,7 cm, GYLIS 42,7 cm, AUK\u0160TIS 95,8 cm, MED\u017dIAGOS MDF + Dro\u017eli\u0173 plok\u0161t\u0117, PAVIR\u0160IUS Blizgus + Matinis, STILIUS Modernus, SVORIS SU PAKUOTE 48 kg<\/p>","protected":false},"featured_media":168713,"comment_status":"open","ping_status":"open","template":"","meta":[],"product_brand":[],"product_cat":[9524,1173,4109],"product_tag":[],"class_list":{"0":"post-168712","1":"product","2":"type-product","3":"status-publish","4":"has-post-thumbnail","6":"product_cat-furniture-system-simple-mazzoni","7":"product_cat-chests-of-drawers","8":"product_cat-mazzoni","10":"first","11":"instock","12":"purchasable","13":"product-type-simple"},"_links":{"self":[{"href":"https:\/\/baldumarket.lt\/lt\/wp-json\/wp\/v2\/product\/168712","targetHints":{"allow":["GET"]}}],"collection":[{"href":"https:\/\/baldumarket.lt\/lt\/wp-json\/wp\/v2\/product"}],"about":[{"href":"https:\/\/baldumarket.lt\/lt\/wp-json\/wp\/v2\/types\/product"}],"replies":[{"embeddable":true,"href":"https:\/\/baldumarket.lt\/lt\/wp-json\/wp\/v2\/comments?post=168712"}],"wp:featuredmedia":[{"embeddable":true,"href":"https:\/\/baldumarket.lt\/lt\/wp-json\/wp\/v2\/media\/168713"}],"wp:attachment":[{"href":"https:\/\/baldumarket.lt\/lt\/wp-json\/wp\/v2\/media?parent=168712"}],"wp:term":[{"taxonomy":"product_brand","embeddable":true,"href":"https:\/\/baldumarket.lt\/lt\/wp-json\/wp\/v2\/product_brand?post=168712"},{"taxonomy":"product_cat","embeddable":true,"href":"https:\/\/baldumarket.lt\/lt\/wp-json\/wp\/v2\/product_cat?post=168712"},{"taxonomy":"product_tag","embeddable":true,"href":"https:\/\/baldumarket.lt\/lt\/wp-json\/wp\/v2\/product_tag?post=168712"}],"curies":[{"name":"wp","href":"https:\/\/api.w.org\/{rel}","templated":true}]}}