{"id":168699,"date":"2025-12-19T20:59:55","date_gmt":"2025-12-19T17:59:55","guid":{"rendered":"https:\/\/baldumarket.lt\/product\/mebloscianka-provenza-dab-kamienny-bialy-mat-szafka-rtv-witryna-komoda-barek-do-salonu-retro\/"},"modified":"2026-02-11T12:33:17","modified_gmt":"2026-02-11T09:33:17","slug":"mebloscianka-provenza-dab-kamienny-bialy-mat-szafka-rtv-witryna-komoda-barek-do-salonu-retro","status":"publish","type":"product","link":"https:\/\/baldumarket.lt\/lt\/product\/mebloscianka-provenza-dab-kamienny-bialy-mat-szafka-rtv-witryna-komoda-barek-do-salonu-retro\/","title":{"rendered":"PROVENZA sienin\u0117 spintel\u0117, akmens \u0105\u017euolo spalvos\/matin\u0117 balta \u2013 TV spintel\u0117, vitrina, komoda\/i\u0161pardavimas retro stiliaus svetainei"},"content":{"rendered":"<p>Baldai pagaminti i\u0161 18 mm storio matin\u0117s med\u017eio dro\u017eli\u0173 plok\u0161t\u0117s\/MDF, laminuotos i\u0161 abiej\u0173 pusi\u0173, apdailintos 1 mm ABS kra\u0161tais.<br \/>\n\u012eskai\u010diuota:<br \/>\nAi\u0161kios, nuoseklios instrukcijos, tod\u0117l surinkimas labai paprastas ir trunka 135\u2013180 minu\u010di\u0173.<\/p>","protected":false},"excerpt":{"rendered":"<p>MED\u017dIAGOS MDF + med\u017eio dro\u017eli\u0173 plok\u0161t\u0117s, PAVIR\u0160IUS Matinis, STILIUS Provanso, SVORIS SU PAKUOTE 147 kg<\/p>","protected":false},"featured_media":168700,"comment_status":"open","ping_status":"open","template":"","meta":[],"product_brand":[],"product_cat":[9542,4109,2008],"product_tag":[],"class_list":{"0":"post-168699","1":"product","2":"type-product","3":"status-publish","4":"has-post-thumbnail","6":"product_cat-furniture-system-provenza-mazzoni","7":"product_cat-mazzoni","8":"product_cat-wall-units","10":"first","11":"instock","12":"purchasable","13":"product-type-simple"},"_links":{"self":[{"href":"https:\/\/baldumarket.lt\/lt\/wp-json\/wp\/v2\/product\/168699","targetHints":{"allow":["GET"]}}],"collection":[{"href":"https:\/\/baldumarket.lt\/lt\/wp-json\/wp\/v2\/product"}],"about":[{"href":"https:\/\/baldumarket.lt\/lt\/wp-json\/wp\/v2\/types\/product"}],"replies":[{"embeddable":true,"href":"https:\/\/baldumarket.lt\/lt\/wp-json\/wp\/v2\/comments?post=168699"}],"wp:featuredmedia":[{"embeddable":true,"href":"https:\/\/baldumarket.lt\/lt\/wp-json\/wp\/v2\/media\/168700"}],"wp:attachment":[{"href":"https:\/\/baldumarket.lt\/lt\/wp-json\/wp\/v2\/media?parent=168699"}],"wp:term":[{"taxonomy":"product_brand","embeddable":true,"href":"https:\/\/baldumarket.lt\/lt\/wp-json\/wp\/v2\/product_brand?post=168699"},{"taxonomy":"product_cat","embeddable":true,"href":"https:\/\/baldumarket.lt\/lt\/wp-json\/wp\/v2\/product_cat?post=168699"},{"taxonomy":"product_tag","embeddable":true,"href":"https:\/\/baldumarket.lt\/lt\/wp-json\/wp\/v2\/product_tag?post=168699"}],"curies":[{"name":"wp","href":"https:\/\/api.w.org\/{rel}","templated":true}]}}