{"id":168687,"date":"2025-12-19T20:59:40","date_gmt":"2025-12-19T17:59:40","guid":{"rendered":"https:\/\/baldumarket.lt\/product\/viva-bialy-polysk-mat-nowoczesna-lawa-stolik-kawowy-z-polkami\/"},"modified":"2026-02-03T23:29:26","modified_gmt":"2026-02-03T20:29:26","slug":"viva-bialy-polysk-mat-nowoczesna-lawa-stolik-kawowy-z-polkami","status":"publish","type":"product","link":"https:\/\/baldumarket.lt\/lt\/product\/viva-bialy-polysk-mat-nowoczesna-lawa-stolik-kawowy-z-polkami\/","title":{"rendered":"VIVA baltas blizgus\/matinis &#8211; MODERNUS kavos staliukas su lentynomis"},"content":{"rendered":"<p>Stalvir\u0161is (32 mm) ir lentynos (18 mm) pagaminti i\u0161 blizgaus MDF. Lik\u0119 komponentai pagaminti i\u0161 28 mm storio matin\u0117s med\u017eio dro\u017eli\u0173 plok\u0161t\u0117s, laminuotos i\u0161 abiej\u0173 pusi\u0173. Visas baldas apdailintas 1 mm ABS briaunomis.<br \/>\n\u012eskai\u010diuota:<br \/>\nAi\u0161kios, nuoseklios instrukcijos, tod\u0117l surinkimas labai paprastas ir trunka tik 30\u201345 minutes.<\/p>","protected":false},"excerpt":{"rendered":"<p>PLOTIS 110 cm, GYLIS 60 cm, AUK\u0160TIS 45 cm, MED\u017dIAGOS MDF + Dro\u017eli\u0173 plok\u0161t\u0117, PAVIR\u0160IUS Blizgus + Matinis, STILIUS Modernus, SVORIS SU PAKUOTE 31,5 kg<\/p>","protected":false},"featured_media":168688,"comment_status":"open","ping_status":"open","template":"","meta":[],"product_brand":[],"product_cat":[866,4109],"product_tag":[],"class_list":{"0":"post-168687","1":"product","2":"type-product","3":"status-publish","4":"has-post-thumbnail","6":"product_cat-coffee-tables","7":"product_cat-mazzoni","9":"first","10":"instock","11":"purchasable","12":"product-type-simple"},"_links":{"self":[{"href":"https:\/\/baldumarket.lt\/lt\/wp-json\/wp\/v2\/product\/168687","targetHints":{"allow":["GET"]}}],"collection":[{"href":"https:\/\/baldumarket.lt\/lt\/wp-json\/wp\/v2\/product"}],"about":[{"href":"https:\/\/baldumarket.lt\/lt\/wp-json\/wp\/v2\/types\/product"}],"replies":[{"embeddable":true,"href":"https:\/\/baldumarket.lt\/lt\/wp-json\/wp\/v2\/comments?post=168687"}],"wp:featuredmedia":[{"embeddable":true,"href":"https:\/\/baldumarket.lt\/lt\/wp-json\/wp\/v2\/media\/168688"}],"wp:attachment":[{"href":"https:\/\/baldumarket.lt\/lt\/wp-json\/wp\/v2\/media?parent=168687"}],"wp:term":[{"taxonomy":"product_brand","embeddable":true,"href":"https:\/\/baldumarket.lt\/lt\/wp-json\/wp\/v2\/product_brand?post=168687"},{"taxonomy":"product_cat","embeddable":true,"href":"https:\/\/baldumarket.lt\/lt\/wp-json\/wp\/v2\/product_cat?post=168687"},{"taxonomy":"product_tag","embeddable":true,"href":"https:\/\/baldumarket.lt\/lt\/wp-json\/wp\/v2\/product_tag?post=168687"}],"curies":[{"name":"wp","href":"https:\/\/api.w.org\/{rel}","templated":true}]}}